{"id":1410,"date":"2022-04-04T17:03:19","date_gmt":"2022-04-04T16:03:19","guid":{"rendered":"https:\/\/fairlsd.com\/?page_id=1410"},"modified":"2024-10-08T03:52:16","modified_gmt":"2024-10-08T02:52:16","slug":"veranstaltungen","status":"publish","type":"page","link":"https:\/\/fairlsd.com\/de\/veranstaltungen\/","title":{"rendered":"Veranstaltungen"},"content":{"rendered":"<div data-elementor-type=\"wp-page\" data-elementor-id=\"1410\" class=\"elementor elementor-1410\" data-elementor-post-type=\"page\">\n\t\t\t\t<div class=\"elementor-element elementor-element-07ece41 e-flex e-con-boxed e-con e-parent\" data-id=\"07ece41\" data-element_type=\"container\" data-e-type=\"container\" data-settings=\"{&quot;background_background&quot;:&quot;gradient&quot;,&quot;shape_divider_bottom&quot;:&quot;waves&quot;}\">\n\t\t\t\t\t<div class=\"e-con-inner\">\n\t\t\t\t<div class=\"elementor-shape elementor-shape-bottom\" aria-hidden=\"true\" data-negative=\"false\">\n\t\t\t<svg xmlns=\"http:\/\/www.w3.org\/2000\/svg\" viewbox=\"0 0 1000 100\" preserveaspectratio=\"none\">\n\t<path class=\"elementor-shape-fill\" d=\"M421.9,6.5c22.6-2.5,51.5,0.4,75.5,5.3c23.6,4.9,70.9,23.5,100.5,35.7c75.8,32.2,133.7,44.5,192.6,49.7\tc23.6,2.1,48.7,3.5,103.4-2.5c54.7-6,106.2-25.6,106.2-25.6V0H0v30.3c0,0,72,32.6,158.4,30.5c39.2-0.7,92.8-6.7,134-22.4\tc21.2-8.1,52.2-18.2,79.7-24.2C399.3,7.9,411.6,7.5,421.9,6.5z\"\/>\n<\/svg>\t\t<\/div>\n\t\t<div class=\"elementor-element elementor-element-a86ed65 e-con-full e-flex e-con e-child\" data-id=\"a86ed65\" data-element_type=\"container\" data-e-type=\"container\">\n\t\t\t\t<div class=\"elementor-element elementor-element-e2d3d69 elementor-widget elementor-widget-heading\" data-id=\"e2d3d69\" data-element_type=\"widget\" data-e-type=\"widget\" data-widget_type=\"heading.default\">\n\t\t\t\t<div class=\"elementor-widget-container\">\n\t\t\t\t\t<h1 class=\"elementor-heading-title elementor-size-default\">Veranstaltungen<\/h1>\t\t\t\t<\/div>\n\t\t\t\t<\/div>\n\t\t<div class=\"elementor-element elementor-element-c5c7df1 e-con-full e-flex e-con e-child\" data-id=\"c5c7df1\" data-element_type=\"container\" data-e-type=\"container\">\n\t\t<div class=\"elementor-element elementor-element-ec2f279 e-con-full e-flex e-con e-child\" data-id=\"ec2f279\" data-element_type=\"container\" data-e-type=\"container\">\n\t\t\t\t<div class=\"elementor-element elementor-element-055f9e5 elementor-widget elementor-widget-heading\" data-id=\"055f9e5\" data-element_type=\"widget\" data-e-type=\"widget\" data-widget_type=\"heading.default\">\n\t\t\t\t<div class=\"elementor-widget-container\">\n\t\t\t\t\t<h2 class=\"elementor-heading-title elementor-size-default\">Unser Festival-Stand<\/h2>\t\t\t\t<\/div>\n\t\t\t\t<\/div>\n\t\t\t\t<div class=\"elementor-element elementor-element-a92cec8 elementor-widget elementor-widget-text-editor\" data-id=\"a92cec8\" data-element_type=\"widget\" data-e-type=\"widget\" data-widget_type=\"text-editor.default\">\n\t\t\t\t<div class=\"elementor-widget-container\">\n\t\t\t\t\t\t\t\t\t<p><span style=\"font-weight: 400;\">Mit unserem Festivalstand ziehen wir durch die Musikfestivals in Europa und verbreiten unser V<\/span><span style=\"font-weight: 400;\">\u00fcr eine tolerante und drogenliberale Gesellschaft.<\/span><\/p>\t\t\t\t\t\t\t\t<\/div>\n\t\t\t\t<\/div>\n\t\t\t\t<div class=\"elementor-element elementor-element-b480d83 elementor-align-right elementor-widget elementor-widget-button\" data-id=\"b480d83\" data-element_type=\"widget\" data-e-type=\"widget\" data-widget_type=\"button.default\">\n\t\t\t\t<div class=\"elementor-widget-container\">\n\t\t\t\t\t\t\t\t\t<div class=\"elementor-button-wrapper\">\n\t\t\t\t\t<a class=\"elementor-button elementor-button-link elementor-size-sm\" href=\"https:\/\/fairlsd.com\/de\/festivalstand\/\">\n\t\t\t\t\t\t<span class=\"elementor-button-content-wrapper\">\n\t\t\t\t\t\t\t\t\t<span class=\"elementor-button-text\">Mehr erfahren!<\/span>\n\t\t\t\t\t<\/span>\n\t\t\t\t\t<\/a>\n\t\t\t\t<\/div>\n\t\t\t\t\t\t\t\t<\/div>\n\t\t\t\t<\/div>\n\t\t\t\t<\/div>\n\t\t<div class=\"elementor-element elementor-element-716aeed e-con-full e-flex e-con e-child\" data-id=\"716aeed\" data-element_type=\"container\" data-e-type=\"container\">\n\t\t\t\t<div class=\"elementor-element elementor-element-3fa121f elementor-widget elementor-widget-image\" data-id=\"3fa121f\" data-element_type=\"widget\" data-e-type=\"widget\" data-widget_type=\"image.default\">\n\t\t\t\t<div class=\"elementor-widget-container\">\n\t\t\t\t\t\t\t\t\t\t\t\t\t\t\t<img fetchpriority=\"high\" decoding=\"async\" width=\"800\" height=\"450\" src=\"https:\/\/fairlsd.com\/wp-content\/uploads\/2022\/04\/festivalstand-1024x576.jpg\" class=\"attachment-large size-large wp-image-1414\" alt=\"\" srcset=\"https:\/\/fairlsd.com\/wp-content\/uploads\/2022\/04\/festivalstand-1024x576.jpg 1024w, https:\/\/fairlsd.com\/wp-content\/uploads\/2022\/04\/festivalstand-300x169.jpg 300w, https:\/\/fairlsd.com\/wp-content\/uploads\/2022\/04\/festivalstand-768x432.jpg 768w, https:\/\/fairlsd.com\/wp-content\/uploads\/2022\/04\/festivalstand-1536x864.jpg 1536w, https:\/\/fairlsd.com\/wp-content\/uploads\/2022\/04\/festivalstand-2048x1152.jpg 2048w, https:\/\/fairlsd.com\/wp-content\/uploads\/2022\/04\/festivalstand-50x28.jpg 50w, https:\/\/fairlsd.com\/wp-content\/uploads\/2022\/04\/festivalstand-100x56.jpg 100w, https:\/\/fairlsd.com\/wp-content\/uploads\/2022\/04\/festivalstand-1320x743.jpg 1320w, https:\/\/fairlsd.com\/wp-content\/uploads\/2022\/04\/festivalstand-600x338.jpg 600w\" sizes=\"(max-width: 800px) 100vw, 800px\" \/>\t\t\t\t\t\t\t\t\t\t\t\t\t\t\t<\/div>\n\t\t\t\t<\/div>\n\t\t\t\t<\/div>\n\t\t\t\t<\/div>\n\t\t<div class=\"elementor-element elementor-element-21d5bcd e-con-full e-flex e-con e-child\" data-id=\"21d5bcd\" data-element_type=\"container\" data-e-type=\"container\">\n\t\t<div class=\"elementor-element elementor-element-7b4382c e-con-full e-flex e-con e-child\" data-id=\"7b4382c\" data-element_type=\"container\" data-e-type=\"container\">\n\t\t\t\t<div class=\"elementor-element elementor-element-c26df73 elementor-widget elementor-widget-image\" data-id=\"c26df73\" data-element_type=\"widget\" data-e-type=\"widget\" data-widget_type=\"image.default\">\n\t\t\t\t<div class=\"elementor-widget-container\">\n\t\t\t\t\t\t\t\t\t\t\t\t\t\t\t<img decoding=\"async\" width=\"800\" height=\"534\" src=\"https:\/\/fairlsd.com\/wp-content\/uploads\/2022\/04\/berlin-1-of-1-17-1024x683.jpg\" class=\"attachment-large size-large wp-image-1417\" alt=\"\" srcset=\"https:\/\/fairlsd.com\/wp-content\/uploads\/2022\/04\/berlin-1-of-1-17-1024x683.jpg 1024w, https:\/\/fairlsd.com\/wp-content\/uploads\/2022\/04\/berlin-1-of-1-17-300x200.jpg 300w, https:\/\/fairlsd.com\/wp-content\/uploads\/2022\/04\/berlin-1-of-1-17-768x512.jpg 768w, https:\/\/fairlsd.com\/wp-content\/uploads\/2022\/04\/berlin-1-of-1-17-1536x1024.jpg 1536w, https:\/\/fairlsd.com\/wp-content\/uploads\/2022\/04\/berlin-1-of-1-17-2048x1365.jpg 2048w, https:\/\/fairlsd.com\/wp-content\/uploads\/2022\/04\/berlin-1-of-1-17-50x33.jpg 50w, https:\/\/fairlsd.com\/wp-content\/uploads\/2022\/04\/berlin-1-of-1-17-100x67.jpg 100w, https:\/\/fairlsd.com\/wp-content\/uploads\/2022\/04\/berlin-1-of-1-17-1320x880.jpg 1320w, https:\/\/fairlsd.com\/wp-content\/uploads\/2022\/04\/berlin-1-of-1-17-600x400.jpg 600w\" sizes=\"(max-width: 800px) 100vw, 800px\" \/>\t\t\t\t\t\t\t\t\t\t\t\t\t\t\t<\/div>\n\t\t\t\t<\/div>\n\t\t\t\t<\/div>\n\t\t<div class=\"elementor-element elementor-element-b7bf341 e-con-full e-flex e-con e-child\" data-id=\"b7bf341\" data-element_type=\"container\" data-e-type=\"container\">\n\t\t\t\t<div class=\"elementor-element elementor-element-505edc4 elementor-widget elementor-widget-heading\" data-id=\"505edc4\" data-element_type=\"widget\" data-e-type=\"widget\" data-widget_type=\"heading.default\">\n\t\t\t\t<div class=\"elementor-widget-container\">\n\t\t\t\t\t<h2 class=\"elementor-heading-title elementor-size-default\">Der Morph e.V.<\/h2>\t\t\t\t<\/div>\n\t\t\t\t<\/div>\n\t\t\t\t<div class=\"elementor-element elementor-element-d716946 elementor-widget elementor-widget-text-editor\" data-id=\"d716946\" data-element_type=\"widget\" data-e-type=\"widget\" data-widget_type=\"text-editor.default\">\n\t\t\t\t<div class=\"elementor-widget-container\">\n\t\t\t\t\t\t\t\t\t<p><span style=\"font-weight: 400;\">\"The Morph\" wurde gegr\u00fcndet, um ein neues integratives und liberales Veranstaltungskonzept in das Berliner Nachtleben einzuf\u00fchren.<\/span><\/p><p><span style=\"font-weight: 400;\">Wir setzen uns f\u00fcr die kognitive Freiheit in der Gesellschaft und in der Partykultur ein und geben den G\u00e4sten einen sicheren Raum zum Experimentieren und Erforschen ihres Geistes. Durch unsere langj\u00e4hrige Erfahrung mit psychonautischen Veranstaltungen wissen wir, wie wir einen reibungslosen Ablauf gew\u00e4hrleisten k\u00f6nnen. <\/span><\/p>\t\t\t\t\t\t\t\t<\/div>\n\t\t\t\t<\/div>\n\t\t\t\t<\/div>\n\t\t\t\t<\/div>\n\t\t<div class=\"elementor-element elementor-element-42201d8 e-con-full e-flex e-con e-child\" data-id=\"42201d8\" data-element_type=\"container\" data-e-type=\"container\">\n\t\t<div class=\"elementor-element elementor-element-1674810 e-con-full e-flex e-con e-child\" data-id=\"1674810\" data-element_type=\"container\" data-e-type=\"container\">\n\t\t\t\t<div class=\"elementor-element elementor-element-4c741a3 elementor-widget elementor-widget-heading\" data-id=\"4c741a3\" data-element_type=\"widget\" data-e-type=\"widget\" data-widget_type=\"heading.default\">\n\t\t\t\t<div class=\"elementor-widget-container\">\n\t\t\t\t\t<h2 class=\"elementor-heading-title elementor-size-default\">Morphing-T\u00fcren (Microdosing-Event)<\/h2>\t\t\t\t<\/div>\n\t\t\t\t<\/div>\n\t\t\t\t<div class=\"elementor-element elementor-element-217c12f elementor-widget elementor-widget-text-editor\" data-id=\"217c12f\" data-element_type=\"widget\" data-e-type=\"widget\" data-widget_type=\"text-editor.default\">\n\t\t\t\t<div class=\"elementor-widget-container\">\n\t\t\t\t\t\t\t\t\t<p><span style=\"font-weight: 400;\">Mit \"The Morph\" veranstalten wir kleinere Microdosing-Partys in Berlin, bei denen wir die G\u00e4ste mit Microdosing im Preis inbegriffen bei<\/span><b> <\/b><span style=\"font-weight: 400;\">die T\u00fcr.<\/span><\/p><p><span style=\"font-weight: 400;\">Durch ein passendes Ambiente, gute Musik und eine professionelle psychologische Betreuung k\u00f6nnen wir ein wunderbares Erlebnis f\u00fcr die G\u00e4ste schaffen.<\/span><\/p>\t\t\t\t\t\t\t\t<\/div>\n\t\t\t\t<\/div>\n\t\t\t\t<div class=\"elementor-element elementor-element-184926e elementor-align-right elementor-widget elementor-widget-button\" data-id=\"184926e\" data-element_type=\"widget\" data-e-type=\"widget\" data-widget_type=\"button.default\">\n\t\t\t\t<div class=\"elementor-widget-container\">\n\t\t\t\t\t\t\t\t\t<div class=\"elementor-button-wrapper\">\n\t\t\t\t\t<a class=\"elementor-button elementor-button-link elementor-size-sm\" href=\"https:\/\/fairlsd.com\/de\/morphing-turen\/\">\n\t\t\t\t\t\t<span class=\"elementor-button-content-wrapper\">\n\t\t\t\t\t\t\t\t\t<span class=\"elementor-button-text\">Mehr erfahren!<\/span>\n\t\t\t\t\t<\/span>\n\t\t\t\t\t<\/a>\n\t\t\t\t<\/div>\n\t\t\t\t\t\t\t\t<\/div>\n\t\t\t\t<\/div>\n\t\t\t\t<\/div>\n\t\t<div class=\"elementor-element elementor-element-31cdd01 e-con-full e-flex e-con e-child\" data-id=\"31cdd01\" data-element_type=\"container\" data-e-type=\"container\">\n\t\t\t\t<div class=\"elementor-element elementor-element-84adb55 elementor-widget elementor-widget-image\" data-id=\"84adb55\" data-element_type=\"widget\" data-e-type=\"widget\" data-widget_type=\"image.default\">\n\t\t\t\t<div class=\"elementor-widget-container\">\n\t\t\t\t\t\t\t\t\t\t\t\t\t\t\t<img decoding=\"async\" width=\"800\" height=\"445\" src=\"https:\/\/fairlsd.com\/wp-content\/uploads\/2022\/04\/morphing-doors-1024x570.png\" class=\"attachment-large size-large wp-image-1413\" alt=\"\" srcset=\"https:\/\/fairlsd.com\/wp-content\/uploads\/2022\/04\/morphing-doors-1024x570.png 1024w, https:\/\/fairlsd.com\/wp-content\/uploads\/2022\/04\/morphing-doors-300x167.png 300w, https:\/\/fairlsd.com\/wp-content\/uploads\/2022\/04\/morphing-doors-768x427.png 768w, https:\/\/fairlsd.com\/wp-content\/uploads\/2022\/04\/morphing-doors-50x28.png 50w, https:\/\/fairlsd.com\/wp-content\/uploads\/2022\/04\/morphing-doors-100x56.png 100w, https:\/\/fairlsd.com\/wp-content\/uploads\/2022\/04\/morphing-doors-1320x735.png 1320w, https:\/\/fairlsd.com\/wp-content\/uploads\/2022\/04\/morphing-doors-600x334.png 600w, https:\/\/fairlsd.com\/wp-content\/uploads\/2022\/04\/morphing-doors.png 1511w\" sizes=\"(max-width: 800px) 100vw, 800px\" \/>\t\t\t\t\t\t\t\t\t\t\t\t\t\t\t<\/div>\n\t\t\t\t<\/div>\n\t\t\t\t<\/div>\n\t\t\t\t<\/div>\n\t\t<div class=\"elementor-element elementor-element-a062d02 e-con-full e-flex e-con e-child\" data-id=\"a062d02\" data-element_type=\"container\" data-e-type=\"container\">\n\t\t<div class=\"elementor-element elementor-element-08c6da5 e-con-full e-flex e-con e-child\" data-id=\"08c6da5\" data-element_type=\"container\" data-e-type=\"container\">\n\t\t\t\t<div class=\"elementor-element elementor-element-169f8f7 elementor-widget elementor-widget-image\" data-id=\"169f8f7\" data-element_type=\"widget\" data-e-type=\"widget\" data-widget_type=\"image.default\">\n\t\t\t\t<div class=\"elementor-widget-container\">\n\t\t\t\t\t\t\t\t\t\t\t\t\t\t\t<img loading=\"lazy\" decoding=\"async\" width=\"800\" height=\"445\" src=\"https:\/\/fairlsd.com\/wp-content\/uploads\/2022\/04\/dde83d172987298aa39baf75cbfc86b6-1024x570.jpg\" class=\"attachment-large size-large wp-image-1421\" alt=\"\" srcset=\"https:\/\/fairlsd.com\/wp-content\/uploads\/2022\/04\/dde83d172987298aa39baf75cbfc86b6-1024x570.jpg 1024w, https:\/\/fairlsd.com\/wp-content\/uploads\/2022\/04\/dde83d172987298aa39baf75cbfc86b6-300x167.jpg 300w, https:\/\/fairlsd.com\/wp-content\/uploads\/2022\/04\/dde83d172987298aa39baf75cbfc86b6-768x427.jpg 768w, https:\/\/fairlsd.com\/wp-content\/uploads\/2022\/04\/dde83d172987298aa39baf75cbfc86b6-1536x854.jpg 1536w, https:\/\/fairlsd.com\/wp-content\/uploads\/2022\/04\/dde83d172987298aa39baf75cbfc86b6-2048x1139.jpg 2048w, https:\/\/fairlsd.com\/wp-content\/uploads\/2022\/04\/dde83d172987298aa39baf75cbfc86b6-50x28.jpg 50w, https:\/\/fairlsd.com\/wp-content\/uploads\/2022\/04\/dde83d172987298aa39baf75cbfc86b6-100x56.jpg 100w, https:\/\/fairlsd.com\/wp-content\/uploads\/2022\/04\/dde83d172987298aa39baf75cbfc86b6-1320x734.jpg 1320w, https:\/\/fairlsd.com\/wp-content\/uploads\/2022\/04\/dde83d172987298aa39baf75cbfc86b6-600x334.jpg 600w\" sizes=\"(max-width: 800px) 100vw, 800px\" \/>\t\t\t\t\t\t\t\t\t\t\t\t\t\t\t<\/div>\n\t\t\t\t<\/div>\n\t\t\t\t<\/div>\n\t\t<div class=\"elementor-element elementor-element-5e26d48 e-con-full e-flex e-con e-child\" data-id=\"5e26d48\" data-element_type=\"container\" data-e-type=\"container\">\n\t\t\t\t<div class=\"elementor-element elementor-element-c544971 elementor-widget elementor-widget-heading\" data-id=\"c544971\" data-element_type=\"widget\" data-e-type=\"widget\" data-widget_type=\"heading.default\">\n\t\t\t\t<div class=\"elementor-widget-container\">\n\t\t\t\t\t<h2 class=\"elementor-heading-title elementor-size-default\">Das Morph-Festival<\/h2>\t\t\t\t<\/div>\n\t\t\t\t<\/div>\n\t\t\t\t<div class=\"elementor-element elementor-element-9dc27c0 elementor-widget elementor-widget-text-editor\" data-id=\"9dc27c0\" data-element_type=\"widget\" data-e-type=\"widget\" data-widget_type=\"text-editor.default\">\n\t\t\t\t<div class=\"elementor-widget-container\">\n\t\t\t\t\t\t\t\t\t<p><span style=\"font-weight: 400;\">Das Morph Festival ist ein wunderbares Treffen f\u00fcr alle, die sich f\u00fcr psychedelische Musik interessieren.\u00a0<\/span><\/p><p><span style=\"font-weight: 400;\">Mit etwa 1000 Menschen gestalten wir ein Wochenende voller Magie, Spa\u00df und lehrreicher Workshops.<\/span><\/p>\t\t\t\t\t\t\t\t<\/div>\n\t\t\t\t<\/div>\n\t\t\t\t<div class=\"elementor-element elementor-element-292f0ee elementor-align-left elementor-widget elementor-widget-button\" data-id=\"292f0ee\" data-element_type=\"widget\" data-e-type=\"widget\" data-widget_type=\"button.default\">\n\t\t\t\t<div class=\"elementor-widget-container\">\n\t\t\t\t\t\t\t\t\t<div class=\"elementor-button-wrapper\">\n\t\t\t\t\t<a class=\"elementor-button elementor-button-link elementor-size-sm\" href=\"https:\/\/fairlsd.com\/de\/morph-festival\/\">\n\t\t\t\t\t\t<span class=\"elementor-button-content-wrapper\">\n\t\t\t\t\t\t\t\t\t<span class=\"elementor-button-text\">Mehr erfahren!<\/span>\n\t\t\t\t\t<\/span>\n\t\t\t\t\t<\/a>\n\t\t\t\t<\/div>\n\t\t\t\t\t\t\t\t<\/div>\n\t\t\t\t<\/div>\n\t\t\t\t<\/div>\n\t\t\t\t<\/div>\n\t\t\t\t<\/div>\n\t\t\t\t\t<\/div>\n\t\t\t\t<\/div>\n\t\t\t\t<\/div>","protected":false},"excerpt":{"rendered":"<p>Veranstaltungen Unser Festivalstand Mit unserem Festivalstand ziehen wir durch die Musikfestivals Europas und verbreiten unsere Vision von einer toleranten und drogenliberalen Gesellschaft. Erfahren Sie mehr! The Morph e.V. \"The Morph\" wurde gegr\u00fcndet, um ein neues inklusives und liberales Veranstaltungskonzept in das Berliner Nachtleben einzuf\u00fchren. Wir setzen uns f\u00fcr kognitive Freiheit in der Gesellschaft ein und [...]<\/p>","protected":false},"author":10,"featured_media":0,"parent":0,"menu_order":0,"comment_status":"closed","ping_status":"closed","template":"","meta":{"footnotes":""},"class_list":["post-1410","page","type-page","status-publish","hentry"],"yoast_head":"<!-- This site is optimized with the Yoast SEO plugin v25.9 - https:\/\/yoast.com\/wordpress\/plugins\/seo\/ -->\n<title>Events - FairLSD<\/title>\n<meta name=\"robots\" content=\"index, follow, max-snippet:-1, max-image-preview:large, max-video-preview:-1\" \/>\n<link rel=\"canonical\" href=\"https:\/\/fairlsd.com\/de\/veranstaltungen\/\" \/>\n<meta property=\"og:locale\" content=\"de_DE\" \/>\n<meta property=\"og:type\" content=\"article\" \/>\n<meta property=\"og:title\" content=\"Events - FairLSD\" \/>\n<meta property=\"og:description\" content=\"Events Our Festival Stand With our Festival Stand, we parade through the music Festivals of Europe and spread our Vision of a tolerant and Drug-liberal Society. Learn More! The Morph e.V \u201cThe Morph\u201d was founded to introduce a new inclusive and liberal event concept to Berlin&#8217;s nightlife. We advocate for cognitive freedom in society and [&hellip;]\" \/>\n<meta property=\"og:url\" content=\"https:\/\/fairlsd.com\/de\/veranstaltungen\/\" \/>\n<meta property=\"og:site_name\" content=\"FairLSD\" \/>\n<meta property=\"article:publisher\" content=\"https:\/\/www.facebook.com\/fairlsd\/\" \/>\n<meta property=\"article:modified_time\" content=\"2024-10-08T02:52:16+00:00\" \/>\n<meta property=\"og:image\" content=\"https:\/\/fairlsd.com\/wp-content\/uploads\/2022\/04\/festivalstand-1024x576.jpg\" \/>\n<meta name=\"twitter:card\" content=\"summary_large_image\" \/>\n<meta name=\"twitter:label1\" content=\"Est. reading time\" \/>\n\t<meta name=\"twitter:data1\" content=\"2 Minuten\" \/>\n<script type=\"application\/ld+json\" class=\"yoast-schema-graph\">{\"@context\":\"https:\/\/schema.org\",\"@graph\":[{\"@type\":\"WebPage\",\"@id\":\"https:\/\/fairlsd.com\/events\/\",\"url\":\"https:\/\/fairlsd.com\/events\/\",\"name\":\"Events - FairLSD\",\"isPartOf\":{\"@id\":\"https:\/\/fairlsd.com\/#website\"},\"primaryImageOfPage\":{\"@id\":\"https:\/\/fairlsd.com\/events\/#primaryimage\"},\"image\":{\"@id\":\"https:\/\/fairlsd.com\/events\/#primaryimage\"},\"thumbnailUrl\":\"https:\/\/fairlsd.com\/wp-content\/uploads\/2022\/04\/festivalstand-1024x576.jpg\",\"datePublished\":\"2022-04-04T16:03:19+00:00\",\"dateModified\":\"2024-10-08T02:52:16+00:00\",\"breadcrumb\":{\"@id\":\"https:\/\/fairlsd.com\/events\/#breadcrumb\"},\"inLanguage\":\"de-DE\",\"potentialAction\":[{\"@type\":\"ReadAction\",\"target\":[\"https:\/\/fairlsd.com\/events\/\"]}]},{\"@type\":\"ImageObject\",\"inLanguage\":\"de-DE\",\"@id\":\"https:\/\/fairlsd.com\/events\/#primaryimage\",\"url\":\"https:\/\/fairlsd.com\/wp-content\/uploads\/2022\/04\/festivalstand-1024x576.jpg\",\"contentUrl\":\"https:\/\/fairlsd.com\/wp-content\/uploads\/2022\/04\/festivalstand-1024x576.jpg\"},{\"@type\":\"BreadcrumbList\",\"@id\":\"https:\/\/fairlsd.com\/events\/#breadcrumb\",\"itemListElement\":[{\"@type\":\"ListItem\",\"position\":1,\"name\":\"Home\",\"item\":\"https:\/\/fairlsd.com\/\"},{\"@type\":\"ListItem\",\"position\":2,\"name\":\"Events\"}]},{\"@type\":\"WebSite\",\"@id\":\"https:\/\/fairlsd.com\/#website\",\"url\":\"https:\/\/fairlsd.com\/\",\"name\":\"FairLSD\",\"description\":\"The true Supplier for Fair LSD\",\"publisher\":{\"@id\":\"https:\/\/fairlsd.com\/#organization\"},\"alternateName\":\"Fair LSD\",\"potentialAction\":[{\"@type\":\"SearchAction\",\"target\":{\"@type\":\"EntryPoint\",\"urlTemplate\":\"https:\/\/fairlsd.com\/?s={search_term_string}\"},\"query-input\":{\"@type\":\"PropertyValueSpecification\",\"valueRequired\":true,\"valueName\":\"search_term_string\"}}],\"inLanguage\":\"de-DE\"},{\"@type\":\"Organization\",\"@id\":\"https:\/\/fairlsd.com\/#organization\",\"name\":\"fairlsd\",\"alternateName\":\"Fair LSD\",\"url\":\"https:\/\/fairlsd.com\/\",\"logo\":{\"@type\":\"ImageObject\",\"inLanguage\":\"de-DE\",\"@id\":\"https:\/\/fairlsd.com\/#\/schema\/logo\/image\/\",\"url\":\"https:\/\/fairlsd.com\/wp-content\/uploads\/2022\/01\/final2.png\",\"contentUrl\":\"https:\/\/fairlsd.com\/wp-content\/uploads\/2022\/01\/final2.png\",\"width\":1284,\"height\":1314,\"caption\":\"fairlsd\"},\"image\":{\"@id\":\"https:\/\/fairlsd.com\/#\/schema\/logo\/image\/\"},\"sameAs\":[\"https:\/\/www.facebook.com\/fairlsd\/\",\"https:\/\/www.instagram.com\/fair.lsd\/\"]}]}<\/script>\n<!-- \/ Yoast SEO plugin. -->","yoast_head_json":{"title":"Veranstaltungen - FairLSD","robots":{"index":"index","follow":"follow","max-snippet":"max-snippet:-1","max-image-preview":"max-image-preview:large","max-video-preview":"max-video-preview:-1"},"canonical":"https:\/\/fairlsd.com\/de\/veranstaltungen\/","og_locale":"de_DE","og_type":"article","og_title":"Events - FairLSD","og_description":"Events Our Festival Stand With our Festival Stand, we parade through the music Festivals of Europe and spread our Vision of a tolerant and Drug-liberal Society. Learn More! The Morph e.V \u201cThe Morph\u201d was founded to introduce a new inclusive and liberal event concept to Berlin&#8217;s nightlife. We advocate for cognitive freedom in society and [&hellip;]","og_url":"https:\/\/fairlsd.com\/de\/veranstaltungen\/","og_site_name":"FairLSD","article_publisher":"https:\/\/www.facebook.com\/fairlsd\/","article_modified_time":"2024-10-08T02:52:16+00:00","og_image":[{"url":"https:\/\/fairlsd.com\/wp-content\/uploads\/2022\/04\/festivalstand-1024x576.jpg","type":"","width":"","height":""}],"twitter_card":"summary_large_image","twitter_misc":{"Est. reading time":"2 Minuten"},"schema":{"@context":"https:\/\/schema.org","@graph":[{"@type":"WebPage","@id":"https:\/\/fairlsd.com\/events\/","url":"https:\/\/fairlsd.com\/events\/","name":"Veranstaltungen - FairLSD","isPartOf":{"@id":"https:\/\/fairlsd.com\/#website"},"primaryImageOfPage":{"@id":"https:\/\/fairlsd.com\/events\/#primaryimage"},"image":{"@id":"https:\/\/fairlsd.com\/events\/#primaryimage"},"thumbnailUrl":"https:\/\/fairlsd.com\/wp-content\/uploads\/2022\/04\/festivalstand-1024x576.jpg","datePublished":"2022-04-04T16:03:19+00:00","dateModified":"2024-10-08T02:52:16+00:00","breadcrumb":{"@id":"https:\/\/fairlsd.com\/events\/#breadcrumb"},"inLanguage":"de-DE","potentialAction":[{"@type":"ReadAction","target":["https:\/\/fairlsd.com\/events\/"]}]},{"@type":"ImageObject","inLanguage":"de-DE","@id":"https:\/\/fairlsd.com\/events\/#primaryimage","url":"https:\/\/fairlsd.com\/wp-content\/uploads\/2022\/04\/festivalstand-1024x576.jpg","contentUrl":"https:\/\/fairlsd.com\/wp-content\/uploads\/2022\/04\/festivalstand-1024x576.jpg"},{"@type":"BreadcrumbList","@id":"https:\/\/fairlsd.com\/events\/#breadcrumb","itemListElement":[{"@type":"ListItem","position":1,"name":"Home","item":"https:\/\/fairlsd.com\/"},{"@type":"ListItem","position":2,"name":"Events"}]},{"@type":"WebSite","@id":"https:\/\/fairlsd.com\/#website","url":"https:\/\/fairlsd.com\/","name":"FairLSD","description":"Der wahre Lieferant f\u00fcr Fair LSD","publisher":{"@id":"https:\/\/fairlsd.com\/#organization"},"alternateName":"Fair LSD","potentialAction":[{"@type":"SearchAction","target":{"@type":"EntryPoint","urlTemplate":"https:\/\/fairlsd.com\/?s={search_term_string}"},"query-input":{"@type":"PropertyValueSpecification","valueRequired":true,"valueName":"search_term_string"}}],"inLanguage":"de-DE"},{"@type":"Organization","@id":"https:\/\/fairlsd.com\/#organization","name":"fairlsd","alternateName":"Fair LSD","url":"https:\/\/fairlsd.com\/","logo":{"@type":"ImageObject","inLanguage":"de-DE","@id":"https:\/\/fairlsd.com\/#\/schema\/logo\/image\/","url":"https:\/\/fairlsd.com\/wp-content\/uploads\/2022\/01\/final2.png","contentUrl":"https:\/\/fairlsd.com\/wp-content\/uploads\/2022\/01\/final2.png","width":1284,"height":1314,"caption":"fairlsd"},"image":{"@id":"https:\/\/fairlsd.com\/#\/schema\/logo\/image\/"},"sameAs":["https:\/\/www.facebook.com\/fairlsd\/","https:\/\/www.instagram.com\/fair.lsd\/"]}]}},"_links":{"self":[{"href":"https:\/\/fairlsd.com\/de\/wp-json\/wp\/v2\/pages\/1410","targetHints":{"allow":["GET"]}}],"collection":[{"href":"https:\/\/fairlsd.com\/de\/wp-json\/wp\/v2\/pages"}],"about":[{"href":"https:\/\/fairlsd.com\/de\/wp-json\/wp\/v2\/types\/page"}],"author":[{"embeddable":true,"href":"https:\/\/fairlsd.com\/de\/wp-json\/wp\/v2\/users\/10"}],"replies":[{"embeddable":true,"href":"https:\/\/fairlsd.com\/de\/wp-json\/wp\/v2\/comments?post=1410"}],"version-history":[{"count":0,"href":"https:\/\/fairlsd.com\/de\/wp-json\/wp\/v2\/pages\/1410\/revisions"}],"wp:attachment":[{"href":"https:\/\/fairlsd.com\/de\/wp-json\/wp\/v2\/media?parent=1410"}],"curies":[{"name":"wp","href":"https:\/\/api.w.org\/{rel}","templated":true}]}}