{"id":1428,"date":"2022-04-06T18:45:04","date_gmt":"2022-04-06T17:45:04","guid":{"rendered":"https:\/\/fairlsd.com\/?page_id=1428"},"modified":"2024-10-08T09:28:01","modified_gmt":"2024-10-08T08:28:01","slug":"morphing-turen","status":"publish","type":"page","link":"https:\/\/fairlsd.com\/de\/morphing-turen\/","title":{"rendered":"Morphing-T\u00fcren"},"content":{"rendered":"<div data-elementor-type=\"wp-page\" data-elementor-id=\"1428\" class=\"elementor elementor-1428\" data-elementor-post-type=\"page\">\n\t\t\t\t<div class=\"elementor-element elementor-element-0249364 e-flex e-con-boxed e-con e-parent\" data-id=\"0249364\" data-element_type=\"container\" data-e-type=\"container\" data-settings=\"{&quot;background_background&quot;:&quot;gradient&quot;,&quot;shape_divider_bottom&quot;:&quot;waves&quot;}\">\n\t\t\t\t\t<div class=\"e-con-inner\">\n\t\t\t\t<div class=\"elementor-shape elementor-shape-bottom\" aria-hidden=\"true\" data-negative=\"false\">\n\t\t\t<svg xmlns=\"http:\/\/www.w3.org\/2000\/svg\" viewbox=\"0 0 1000 100\" preserveaspectratio=\"none\">\n\t<path class=\"elementor-shape-fill\" d=\"M421.9,6.5c22.6-2.5,51.5,0.4,75.5,5.3c23.6,4.9,70.9,23.5,100.5,35.7c75.8,32.2,133.7,44.5,192.6,49.7\tc23.6,2.1,48.7,3.5,103.4-2.5c54.7-6,106.2-25.6,106.2-25.6V0H0v30.3c0,0,72,32.6,158.4,30.5c39.2-0.7,92.8-6.7,134-22.4\tc21.2-8.1,52.2-18.2,79.7-24.2C399.3,7.9,411.6,7.5,421.9,6.5z\"\/>\n<\/svg>\t\t<\/div>\n\t\t<div class=\"elementor-element elementor-element-af5f7ab e-con-full e-flex e-con e-child\" data-id=\"af5f7ab\" data-element_type=\"container\" data-e-type=\"container\">\n\t\t\t\t<div class=\"elementor-element elementor-element-b5fd243 elementor-widget elementor-widget-image\" data-id=\"b5fd243\" data-element_type=\"widget\" data-e-type=\"widget\" data-widget_type=\"image.default\">\n\t\t\t\t<div class=\"elementor-widget-container\">\n\t\t\t\t\t\t\t\t\t\t\t\t\t\t\t<img fetchpriority=\"high\" decoding=\"async\" width=\"1536\" height=\"583\" src=\"https:\/\/fairlsd.com\/wp-content\/uploads\/2022\/04\/277564533_105092308829357_6952333957948791439_n-1536x583.jpg\" class=\"attachment-1536x1536 size-1536x1536 wp-image-1412\" alt=\"\" srcset=\"https:\/\/fairlsd.com\/wp-content\/uploads\/2022\/04\/277564533_105092308829357_6952333957948791439_n-1536x583.jpg 1536w, https:\/\/fairlsd.com\/wp-content\/uploads\/2022\/04\/277564533_105092308829357_6952333957948791439_n-300x114.jpg 300w, https:\/\/fairlsd.com\/wp-content\/uploads\/2022\/04\/277564533_105092308829357_6952333957948791439_n-1024x389.jpg 1024w, https:\/\/fairlsd.com\/wp-content\/uploads\/2022\/04\/277564533_105092308829357_6952333957948791439_n-768x291.jpg 768w, https:\/\/fairlsd.com\/wp-content\/uploads\/2022\/04\/277564533_105092308829357_6952333957948791439_n-2048x777.jpg 2048w, https:\/\/fairlsd.com\/wp-content\/uploads\/2022\/04\/277564533_105092308829357_6952333957948791439_n-50x19.jpg 50w, https:\/\/fairlsd.com\/wp-content\/uploads\/2022\/04\/277564533_105092308829357_6952333957948791439_n-100x38.jpg 100w, https:\/\/fairlsd.com\/wp-content\/uploads\/2022\/04\/277564533_105092308829357_6952333957948791439_n-1320x501.jpg 1320w, https:\/\/fairlsd.com\/wp-content\/uploads\/2022\/04\/277564533_105092308829357_6952333957948791439_n-600x228.jpg 600w\" sizes=\"(max-width: 1536px) 100vw, 1536px\" \/>\t\t\t\t\t\t\t\t\t\t\t\t\t\t\t<\/div>\n\t\t\t\t<\/div>\n\t\t\t\t<div class=\"elementor-element elementor-element-c1ca1fb elementor-widget elementor-widget-heading\" data-id=\"c1ca1fb\" data-element_type=\"widget\" data-e-type=\"widget\" data-widget_type=\"heading.default\">\n\t\t\t\t<div class=\"elementor-widget-container\">\n\t\t\t\t\t<h2 class=\"elementor-heading-title elementor-size-default\">Morphing Doors (Mikrodosis-Ereignis)<\/h2>\t\t\t\t<\/div>\n\t\t\t\t<\/div>\n\t\t\t\t<div class=\"elementor-element elementor-element-d4d35b4 elementor-widget elementor-widget-text-editor\" data-id=\"d4d35b4\" data-element_type=\"widget\" data-e-type=\"widget\" data-widget_type=\"text-editor.default\">\n\t\t\t\t<div class=\"elementor-widget-container\">\n\t\t\t\t\t\t\t\t\t<p><span style=\"font-weight: 400;\">Mit dem Verein Morph veranstalten wir kleinere Microdosing-Partys, bei denen wir den G\u00e4sten an der T\u00fcr etwas microdosing 1V-LSD mitgeben, das im Preis inbegriffen ist.<\/span><\/p>\n<p><span style=\"font-weight: 400;\">Durch ein passendes Ambiente, gute Musik und ein professionelles Psycare Team, k\u00f6nnen wir ein wunderbares Erlebnis f\u00fcr die G\u00e4ste schaffen.<\/span><\/p>\n<p><span style=\"font-weight: 400;\">Ausgel\u00f6st durch die Substanz haben wir die Erfahrung gemacht, dass alle G\u00e4ste in eine tiefere Verbindung zueinander treten und darauf achten, gute Energie an alle Teilnehmer der Veranstaltung weiterzugeben.&nbsp;<\/span><\/p>\n<p>Erfahrungsgem\u00e4\u00df reichen 10-20 mcg von 1V-LSD aus, um ein angemessenes Erlebnis im Haus zu haben. Um sicherzustellen, dass sich niemand versehentlich \u00fcberdosiert, dokumentieren und \u00fcberwachen wir die Konsummenge unserer G\u00e4ste.<\/p>\n<p><\/p>\n<p><span style=\"font-weight: 400;\">Durch sorgf\u00e4ltig ausgew\u00e4hlte Musiker schaffen wir auf jedem Floor eine Reise, die jeden in den Flow bringt. Dabei achten wir besonders auf eine gegens\u00e4tzliche Mischung und Vielfalt. Unsere Partys sind so gestaltet, dass sie die Natur der Dualit\u00e4t widerspiegeln: Ying &amp; Yang.&nbsp;<\/span><\/p>\n<p><span style=\"font-weight: 400;\">So l\u00e4dt ein Floor zur v\u00f6lligen Ekstase ein. Die schnelle und psychedelische Musik aus dem Bereich Techno &amp; Goa sorgt f\u00fcr einen wilden und energiegeladenen Ritt.  Der andere Floor mit seinen entspannenden Kl\u00e4ngen aus dem Bereich Downtempo und melodischem House schafft eine liebevolle Atmosph\u00e4re, in der sich jeder den Kl\u00e4ngen hingeben kann.<\/span><\/p>\n<p><\/p>\n<p><span style=\"font-weight: 400;\">All dies ist in einem wundersch\u00f6n gestalteten Raum untergebracht, der noch mehr Sch\u00e4tze und kleine Dinge beherbergt, die nur darauf warten, von Ihnen entdeckt zu werden!&nbsp;<\/span><span style=\"font-weight: 400;\"><br><\/span><span style=\"font-family: var( --e-global-typography-c86988a-font-family ), Sans-serif; font-size: var( --e-global-typography-c86988a-font-size ); letter-spacing: var( --e-global-typography-c86988a-letter-spacing ); word-spacing: var( --e-global-typography-c86988a-word-spacing );\"><br><\/span><\/p><p><span style=\"font-family: var( --e-global-typography-c86988a-font-family ), Sans-serif; font-size: var( --e-global-typography-c86988a-font-size ); letter-spacing: var( --e-global-typography-c86988a-letter-spacing ); word-spacing: var( --e-global-typography-c86988a-word-spacing );\">Diese Veranstaltung wird gesponsert von Fairlsd.com<\/span><span style=\"font-weight: 400;\"><br><\/span><\/p>\n<p><\/p>\t\t\t\t\t\t\t\t<\/div>\n\t\t\t\t<\/div>\n\t\t\t\t<\/div>\n\t\t\t\t\t<\/div>\n\t\t\t\t<\/div>\n\t\t\t\t<\/div>","protected":false},"excerpt":{"rendered":"<p>Morphing Doors (Microdosing Event) Mit dem Morph Verein organisieren wir kleinere Microdosing Partys, bei denen wir den G\u00e4sten an der T\u00fcr etwas microdosing 1V-LSD im Preis inbegriffen zur Verf\u00fcgung stellen. Durch ein passendes Ambiente, gute Musik und ein professionelles Psycare Team, k\u00f6nnen wir ein wunderbares Erlebnis f\u00fcr die G\u00e4ste schaffen. Ausgel\u00f6st durch die Substanz, wird unsere Experience [...]<\/p>","protected":false},"author":10,"featured_media":0,"parent":0,"menu_order":0,"comment_status":"closed","ping_status":"closed","template":"","meta":{"footnotes":""},"class_list":["post-1428","page","type-page","status-publish","hentry"],"yoast_head":"<!-- This site is optimized with the Yoast SEO plugin v25.9 - https:\/\/yoast.com\/wordpress\/plugins\/seo\/ -->\n<title>Morphing Doors - FairLSD<\/title>\n<meta name=\"robots\" content=\"index, follow, max-snippet:-1, max-image-preview:large, max-video-preview:-1\" \/>\n<link rel=\"canonical\" href=\"https:\/\/fairlsd.com\/de\/morphing-turen\/\" \/>\n<meta property=\"og:locale\" content=\"de_DE\" \/>\n<meta property=\"og:type\" content=\"article\" \/>\n<meta property=\"og:title\" content=\"Morphing Doors - FairLSD\" \/>\n<meta property=\"og:description\" content=\"Morphing Doors (Microdosing Event) With the Morph association we organize smaller microdosing parties, where we provide the guests with some microdosing 1V-LSD included in the price at the door. Through a suitable ambience, good music and a professional psycare Team, we can create a wonderful experience for the guests. Triggered by the substance, our Experience [&hellip;]\" \/>\n<meta property=\"og:url\" content=\"https:\/\/fairlsd.com\/de\/morphing-turen\/\" \/>\n<meta property=\"og:site_name\" content=\"FairLSD\" \/>\n<meta property=\"article:publisher\" content=\"https:\/\/www.facebook.com\/fairlsd\/\" \/>\n<meta property=\"article:modified_time\" content=\"2024-10-08T08:28:01+00:00\" \/>\n<meta property=\"og:image\" content=\"https:\/\/fairlsd.com\/wp-content\/uploads\/2022\/04\/277564533_105092308829357_6952333957948791439_n-1536x583.jpg\" \/>\n<meta name=\"twitter:card\" content=\"summary_large_image\" \/>\n<meta name=\"twitter:label1\" content=\"Est. reading time\" \/>\n\t<meta name=\"twitter:data1\" content=\"2 Minuten\" \/>\n<script type=\"application\/ld+json\" class=\"yoast-schema-graph\">{\"@context\":\"https:\/\/schema.org\",\"@graph\":[{\"@type\":\"WebPage\",\"@id\":\"https:\/\/fairlsd.com\/morphing-doors\/\",\"url\":\"https:\/\/fairlsd.com\/morphing-doors\/\",\"name\":\"Morphing Doors - FairLSD\",\"isPartOf\":{\"@id\":\"https:\/\/fairlsd.com\/#website\"},\"primaryImageOfPage\":{\"@id\":\"https:\/\/fairlsd.com\/morphing-doors\/#primaryimage\"},\"image\":{\"@id\":\"https:\/\/fairlsd.com\/morphing-doors\/#primaryimage\"},\"thumbnailUrl\":\"https:\/\/fairlsd.com\/wp-content\/uploads\/2022\/04\/277564533_105092308829357_6952333957948791439_n-1536x583.jpg\",\"datePublished\":\"2022-04-06T17:45:04+00:00\",\"dateModified\":\"2024-10-08T08:28:01+00:00\",\"breadcrumb\":{\"@id\":\"https:\/\/fairlsd.com\/morphing-doors\/#breadcrumb\"},\"inLanguage\":\"de-DE\",\"potentialAction\":[{\"@type\":\"ReadAction\",\"target\":[\"https:\/\/fairlsd.com\/morphing-doors\/\"]}]},{\"@type\":\"ImageObject\",\"inLanguage\":\"de-DE\",\"@id\":\"https:\/\/fairlsd.com\/morphing-doors\/#primaryimage\",\"url\":\"https:\/\/fairlsd.com\/wp-content\/uploads\/2022\/04\/277564533_105092308829357_6952333957948791439_n-1536x583.jpg\",\"contentUrl\":\"https:\/\/fairlsd.com\/wp-content\/uploads\/2022\/04\/277564533_105092308829357_6952333957948791439_n-1536x583.jpg\"},{\"@type\":\"BreadcrumbList\",\"@id\":\"https:\/\/fairlsd.com\/morphing-doors\/#breadcrumb\",\"itemListElement\":[{\"@type\":\"ListItem\",\"position\":1,\"name\":\"Home\",\"item\":\"https:\/\/fairlsd.com\/\"},{\"@type\":\"ListItem\",\"position\":2,\"name\":\"Morphing Doors\"}]},{\"@type\":\"WebSite\",\"@id\":\"https:\/\/fairlsd.com\/#website\",\"url\":\"https:\/\/fairlsd.com\/\",\"name\":\"FairLSD\",\"description\":\"The true Supplier for Fair LSD\",\"publisher\":{\"@id\":\"https:\/\/fairlsd.com\/#organization\"},\"alternateName\":\"Fair LSD\",\"potentialAction\":[{\"@type\":\"SearchAction\",\"target\":{\"@type\":\"EntryPoint\",\"urlTemplate\":\"https:\/\/fairlsd.com\/?s={search_term_string}\"},\"query-input\":{\"@type\":\"PropertyValueSpecification\",\"valueRequired\":true,\"valueName\":\"search_term_string\"}}],\"inLanguage\":\"de-DE\"},{\"@type\":\"Organization\",\"@id\":\"https:\/\/fairlsd.com\/#organization\",\"name\":\"fairlsd\",\"alternateName\":\"Fair LSD\",\"url\":\"https:\/\/fairlsd.com\/\",\"logo\":{\"@type\":\"ImageObject\",\"inLanguage\":\"de-DE\",\"@id\":\"https:\/\/fairlsd.com\/#\/schema\/logo\/image\/\",\"url\":\"https:\/\/fairlsd.com\/wp-content\/uploads\/2022\/01\/final2.png\",\"contentUrl\":\"https:\/\/fairlsd.com\/wp-content\/uploads\/2022\/01\/final2.png\",\"width\":1284,\"height\":1314,\"caption\":\"fairlsd\"},\"image\":{\"@id\":\"https:\/\/fairlsd.com\/#\/schema\/logo\/image\/\"},\"sameAs\":[\"https:\/\/www.facebook.com\/fairlsd\/\",\"https:\/\/www.instagram.com\/fair.lsd\/\"]}]}<\/script>\n<!-- \/ Yoast SEO plugin. -->","yoast_head_json":{"title":"Morphing-T\u00fcren - FairLSD","robots":{"index":"index","follow":"follow","max-snippet":"max-snippet:-1","max-image-preview":"max-image-preview:large","max-video-preview":"max-video-preview:-1"},"canonical":"https:\/\/fairlsd.com\/de\/morphing-turen\/","og_locale":"de_DE","og_type":"article","og_title":"Morphing Doors - FairLSD","og_description":"Morphing Doors (Microdosing Event) With the Morph association we organize smaller microdosing parties, where we provide the guests with some microdosing 1V-LSD included in the price at the door. Through a suitable ambience, good music and a professional psycare Team, we can create a wonderful experience for the guests. Triggered by the substance, our Experience [&hellip;]","og_url":"https:\/\/fairlsd.com\/de\/morphing-turen\/","og_site_name":"FairLSD","article_publisher":"https:\/\/www.facebook.com\/fairlsd\/","article_modified_time":"2024-10-08T08:28:01+00:00","og_image":[{"url":"https:\/\/fairlsd.com\/wp-content\/uploads\/2022\/04\/277564533_105092308829357_6952333957948791439_n-1536x583.jpg","type":"","width":"","height":""}],"twitter_card":"summary_large_image","twitter_misc":{"Est. reading time":"2 Minuten"},"schema":{"@context":"https:\/\/schema.org","@graph":[{"@type":"WebPage","@id":"https:\/\/fairlsd.com\/morphing-doors\/","url":"https:\/\/fairlsd.com\/morphing-doors\/","name":"Morphing-T\u00fcren - FairLSD","isPartOf":{"@id":"https:\/\/fairlsd.com\/#website"},"primaryImageOfPage":{"@id":"https:\/\/fairlsd.com\/morphing-doors\/#primaryimage"},"image":{"@id":"https:\/\/fairlsd.com\/morphing-doors\/#primaryimage"},"thumbnailUrl":"https:\/\/fairlsd.com\/wp-content\/uploads\/2022\/04\/277564533_105092308829357_6952333957948791439_n-1536x583.jpg","datePublished":"2022-04-06T17:45:04+00:00","dateModified":"2024-10-08T08:28:01+00:00","breadcrumb":{"@id":"https:\/\/fairlsd.com\/morphing-doors\/#breadcrumb"},"inLanguage":"de-DE","potentialAction":[{"@type":"ReadAction","target":["https:\/\/fairlsd.com\/morphing-doors\/"]}]},{"@type":"ImageObject","inLanguage":"de-DE","@id":"https:\/\/fairlsd.com\/morphing-doors\/#primaryimage","url":"https:\/\/fairlsd.com\/wp-content\/uploads\/2022\/04\/277564533_105092308829357_6952333957948791439_n-1536x583.jpg","contentUrl":"https:\/\/fairlsd.com\/wp-content\/uploads\/2022\/04\/277564533_105092308829357_6952333957948791439_n-1536x583.jpg"},{"@type":"BreadcrumbList","@id":"https:\/\/fairlsd.com\/morphing-doors\/#breadcrumb","itemListElement":[{"@type":"ListItem","position":1,"name":"Home","item":"https:\/\/fairlsd.com\/"},{"@type":"ListItem","position":2,"name":"Morphing Doors"}]},{"@type":"WebSite","@id":"https:\/\/fairlsd.com\/#website","url":"https:\/\/fairlsd.com\/","name":"FairLSD","description":"Der wahre Lieferant f\u00fcr Fair LSD","publisher":{"@id":"https:\/\/fairlsd.com\/#organization"},"alternateName":"Fair LSD","potentialAction":[{"@type":"SearchAction","target":{"@type":"EntryPoint","urlTemplate":"https:\/\/fairlsd.com\/?s={search_term_string}"},"query-input":{"@type":"PropertyValueSpecification","valueRequired":true,"valueName":"search_term_string"}}],"inLanguage":"de-DE"},{"@type":"Organization","@id":"https:\/\/fairlsd.com\/#organization","name":"fairlsd","alternateName":"Fair LSD","url":"https:\/\/fairlsd.com\/","logo":{"@type":"ImageObject","inLanguage":"de-DE","@id":"https:\/\/fairlsd.com\/#\/schema\/logo\/image\/","url":"https:\/\/fairlsd.com\/wp-content\/uploads\/2022\/01\/final2.png","contentUrl":"https:\/\/fairlsd.com\/wp-content\/uploads\/2022\/01\/final2.png","width":1284,"height":1314,"caption":"fairlsd"},"image":{"@id":"https:\/\/fairlsd.com\/#\/schema\/logo\/image\/"},"sameAs":["https:\/\/www.facebook.com\/fairlsd\/","https:\/\/www.instagram.com\/fair.lsd\/"]}]}},"_links":{"self":[{"href":"https:\/\/fairlsd.com\/de\/wp-json\/wp\/v2\/pages\/1428","targetHints":{"allow":["GET"]}}],"collection":[{"href":"https:\/\/fairlsd.com\/de\/wp-json\/wp\/v2\/pages"}],"about":[{"href":"https:\/\/fairlsd.com\/de\/wp-json\/wp\/v2\/types\/page"}],"author":[{"embeddable":true,"href":"https:\/\/fairlsd.com\/de\/wp-json\/wp\/v2\/users\/10"}],"replies":[{"embeddable":true,"href":"https:\/\/fairlsd.com\/de\/wp-json\/wp\/v2\/comments?post=1428"}],"version-history":[{"count":0,"href":"https:\/\/fairlsd.com\/de\/wp-json\/wp\/v2\/pages\/1428\/revisions"}],"wp:attachment":[{"href":"https:\/\/fairlsd.com\/de\/wp-json\/wp\/v2\/media?parent=1428"}],"curies":[{"name":"wp","href":"https:\/\/api.w.org\/{rel}","templated":true}]}}