{"id":1083,"date":"2022-02-21T13:49:58","date_gmt":"2022-02-21T13:49:58","guid":{"rendered":"https:\/\/fairlsd.com\/?page_id=1083"},"modified":"2022-02-27T19:54:05","modified_gmt":"2022-02-27T19:54:05","slug":"nl-aceptar","status":"publish","type":"page","link":"https:\/\/fairlsd.com\/es\/nl-aceptar\/","title":{"rendered":"NL aceptar"},"content":{"rendered":"<div data-elementor-type=\"wp-page\" data-elementor-id=\"1083\" class=\"elementor elementor-1083\" data-elementor-post-type=\"page\">\n\t\t\t\t\t\t<section class=\"elementor-section elementor-top-section elementor-element elementor-element-180720a elementor-section-boxed elementor-section-height-default elementor-section-height-default\" data-id=\"180720a\" data-element_type=\"section\" data-e-type=\"section\" data-settings=\"{&quot;background_background&quot;:&quot;gradient&quot;,&quot;shape_divider_bottom&quot;:&quot;waves&quot;}\">\n\t\t\t\t\t<div class=\"elementor-shape elementor-shape-bottom\" aria-hidden=\"true\" data-negative=\"false\">\n\t\t\t<svg xmlns=\"http:\/\/www.w3.org\/2000\/svg\" viewbox=\"0 0 1000 100\" preserveaspectratio=\"none\">\n\t<path class=\"elementor-shape-fill\" d=\"M421.9,6.5c22.6-2.5,51.5,0.4,75.5,5.3c23.6,4.9,70.9,23.5,100.5,35.7c75.8,32.2,133.7,44.5,192.6,49.7\tc23.6,2.1,48.7,3.5,103.4-2.5c54.7-6,106.2-25.6,106.2-25.6V0H0v30.3c0,0,72,32.6,158.4,30.5c39.2-0.7,92.8-6.7,134-22.4\tc21.2-8.1,52.2-18.2,79.7-24.2C399.3,7.9,411.6,7.5,421.9,6.5z\"\/>\n<\/svg>\t\t<\/div>\n\t\t\t\t\t<div class=\"elementor-container elementor-column-gap-default\">\n\t\t\t\t\t<div class=\"elementor-column elementor-col-100 elementor-top-column elementor-element elementor-element-2c61e8b\" data-id=\"2c61e8b\" data-element_type=\"column\" data-e-type=\"column\">\n\t\t\t<div class=\"elementor-widget-wrap elementor-element-populated\">\n\t\t\t\t\t\t<div class=\"elementor-element elementor-element-93b0d51 elementor-widget elementor-widget-heading\" data-id=\"93b0d51\" data-element_type=\"widget\" data-e-type=\"widget\" data-widget_type=\"heading.default\">\n\t\t\t\t<div class=\"elementor-widget-container\">\n\t\t\t\t\t<h2 class=\"elementor-heading-title elementor-size-default\">S\u00ed, te hemos a\u00f1adido a nuestra lista de correo electr\u00f3nico. En breve recibir\u00e1s noticias nuestras.<\/h2>\t\t\t\t<\/div>\n\t\t\t\t<\/div>\n\t\t\t\t<div class=\"elementor-element elementor-element-ed3da0d elementor-widget elementor-widget-image\" data-id=\"ed3da0d\" data-element_type=\"widget\" data-e-type=\"widget\" data-widget_type=\"image.default\">\n\t\t\t\t<div class=\"elementor-widget-container\">\n\t\t\t\t\t\t\t\t\t\t\t\t\t\t\t<img fetchpriority=\"high\" decoding=\"async\" width=\"674\" height=\"590\" src=\"https:\/\/fairlsd.com\/wp-content\/uploads\/2022\/01\/undraw_Message_sent_re_q2kl.svg\" class=\"attachment-large size-large wp-image-185\" alt=\"\" \/>\t\t\t\t\t\t\t\t\t\t\t\t\t\t\t<\/div>\n\t\t\t\t<\/div>\n\t\t\t\t\t<\/div>\n\t\t<\/div>\n\t\t\t\t\t<\/div>\n\t\t<\/section>\n\t\t\t\t<\/div>","protected":false},"excerpt":{"rendered":"<p>Yup, we&#8217;ve added you to our email list. You&#8217;ll hear from us shortly.<\/p>","protected":false},"author":10,"featured_media":0,"parent":0,"menu_order":0,"comment_status":"closed","ping_status":"closed","template":"","meta":{"footnotes":""},"class_list":["post-1083","page","type-page","status-publish","hentry"],"yoast_head":"<!-- This site is optimized with the Yoast SEO plugin v25.9 - https:\/\/yoast.com\/wordpress\/plugins\/seo\/ -->\n<title>NL accept - FairLSD<\/title>\n<meta name=\"robots\" content=\"index, follow, max-snippet:-1, max-image-preview:large, max-video-preview:-1\" \/>\n<link rel=\"canonical\" href=\"https:\/\/fairlsd.com\/es\/nl-aceptar\/\" \/>\n<meta property=\"og:locale\" content=\"es_ES\" \/>\n<meta property=\"og:type\" content=\"article\" \/>\n<meta property=\"og:title\" content=\"NL accept - FairLSD\" \/>\n<meta property=\"og:description\" content=\"Yup, we&#8217;ve added you to our email list. You&#8217;ll hear from us shortly.\" \/>\n<meta property=\"og:url\" content=\"https:\/\/fairlsd.com\/es\/nl-aceptar\/\" \/>\n<meta property=\"og:site_name\" content=\"FairLSD\" \/>\n<meta property=\"article:publisher\" content=\"https:\/\/www.facebook.com\/fairlsd\/\" \/>\n<meta property=\"article:modified_time\" content=\"2022-02-27T19:54:05+00:00\" \/>\n<meta property=\"og:image\" content=\"https:\/\/fairlsd.com\/wp-content\/uploads\/2022\/01\/undraw_Message_sent_re_q2kl.svg\" \/>\n<meta name=\"twitter:card\" content=\"summary_large_image\" \/>\n<meta name=\"twitter:label1\" content=\"Est. reading time\" \/>\n\t<meta name=\"twitter:data1\" content=\"1 minuto\" \/>\n<script type=\"application\/ld+json\" class=\"yoast-schema-graph\">{\"@context\":\"https:\/\/schema.org\",\"@graph\":[{\"@type\":\"WebPage\",\"@id\":\"https:\/\/fairlsd.com\/nl-accept\/\",\"url\":\"https:\/\/fairlsd.com\/nl-accept\/\",\"name\":\"NL accept - FairLSD\",\"isPartOf\":{\"@id\":\"https:\/\/fairlsd.com\/#website\"},\"primaryImageOfPage\":{\"@id\":\"https:\/\/fairlsd.com\/nl-accept\/#primaryimage\"},\"image\":{\"@id\":\"https:\/\/fairlsd.com\/nl-accept\/#primaryimage\"},\"thumbnailUrl\":\"https:\/\/fairlsd.com\/wp-content\/uploads\/2022\/01\/undraw_Message_sent_re_q2kl.svg\",\"datePublished\":\"2022-02-21T13:49:58+00:00\",\"dateModified\":\"2022-02-27T19:54:05+00:00\",\"breadcrumb\":{\"@id\":\"https:\/\/fairlsd.com\/nl-accept\/#breadcrumb\"},\"inLanguage\":\"es\",\"potentialAction\":[{\"@type\":\"ReadAction\",\"target\":[\"https:\/\/fairlsd.com\/nl-accept\/\"]}]},{\"@type\":\"ImageObject\",\"inLanguage\":\"es\",\"@id\":\"https:\/\/fairlsd.com\/nl-accept\/#primaryimage\",\"url\":\"https:\/\/fairlsd.com\/wp-content\/uploads\/2022\/01\/undraw_Message_sent_re_q2kl.svg\",\"contentUrl\":\"https:\/\/fairlsd.com\/wp-content\/uploads\/2022\/01\/undraw_Message_sent_re_q2kl.svg\"},{\"@type\":\"BreadcrumbList\",\"@id\":\"https:\/\/fairlsd.com\/nl-accept\/#breadcrumb\",\"itemListElement\":[{\"@type\":\"ListItem\",\"position\":1,\"name\":\"Home\",\"item\":\"https:\/\/fairlsd.com\/\"},{\"@type\":\"ListItem\",\"position\":2,\"name\":\"NL accept\"}]},{\"@type\":\"WebSite\",\"@id\":\"https:\/\/fairlsd.com\/#website\",\"url\":\"https:\/\/fairlsd.com\/\",\"name\":\"FairLSD\",\"description\":\"The true Supplier for Fair LSD\",\"publisher\":{\"@id\":\"https:\/\/fairlsd.com\/#organization\"},\"alternateName\":\"Fair LSD\",\"potentialAction\":[{\"@type\":\"SearchAction\",\"target\":{\"@type\":\"EntryPoint\",\"urlTemplate\":\"https:\/\/fairlsd.com\/?s={search_term_string}\"},\"query-input\":{\"@type\":\"PropertyValueSpecification\",\"valueRequired\":true,\"valueName\":\"search_term_string\"}}],\"inLanguage\":\"es\"},{\"@type\":\"Organization\",\"@id\":\"https:\/\/fairlsd.com\/#organization\",\"name\":\"fairlsd\",\"alternateName\":\"Fair LSD\",\"url\":\"https:\/\/fairlsd.com\/\",\"logo\":{\"@type\":\"ImageObject\",\"inLanguage\":\"es\",\"@id\":\"https:\/\/fairlsd.com\/#\/schema\/logo\/image\/\",\"url\":\"https:\/\/fairlsd.com\/wp-content\/uploads\/2022\/01\/final2.png\",\"contentUrl\":\"https:\/\/fairlsd.com\/wp-content\/uploads\/2022\/01\/final2.png\",\"width\":1284,\"height\":1314,\"caption\":\"fairlsd\"},\"image\":{\"@id\":\"https:\/\/fairlsd.com\/#\/schema\/logo\/image\/\"},\"sameAs\":[\"https:\/\/www.facebook.com\/fairlsd\/\",\"https:\/\/www.instagram.com\/fair.lsd\/\"]}]}<\/script>\n<!-- \/ Yoast SEO plugin. -->","yoast_head_json":{"title":"NL aceptar - FairLSD","robots":{"index":"index","follow":"follow","max-snippet":"max-snippet:-1","max-image-preview":"max-image-preview:large","max-video-preview":"max-video-preview:-1"},"canonical":"https:\/\/fairlsd.com\/es\/nl-aceptar\/","og_locale":"es_ES","og_type":"article","og_title":"NL accept - FairLSD","og_description":"Yup, we&#8217;ve added you to our email list. You&#8217;ll hear from us shortly.","og_url":"https:\/\/fairlsd.com\/es\/nl-aceptar\/","og_site_name":"FairLSD","article_publisher":"https:\/\/www.facebook.com\/fairlsd\/","article_modified_time":"2022-02-27T19:54:05+00:00","og_image":[{"url":"https:\/\/fairlsd.com\/wp-content\/uploads\/2022\/01\/undraw_Message_sent_re_q2kl.svg","type":"","width":"","height":""}],"twitter_card":"summary_large_image","twitter_misc":{"Est. reading time":"1 minuto"},"schema":{"@context":"https:\/\/schema.org","@graph":[{"@type":"WebPage","@id":"https:\/\/fairlsd.com\/nl-accept\/","url":"https:\/\/fairlsd.com\/nl-accept\/","name":"NL aceptar - FairLSD","isPartOf":{"@id":"https:\/\/fairlsd.com\/#website"},"primaryImageOfPage":{"@id":"https:\/\/fairlsd.com\/nl-accept\/#primaryimage"},"image":{"@id":"https:\/\/fairlsd.com\/nl-accept\/#primaryimage"},"thumbnailUrl":"https:\/\/fairlsd.com\/wp-content\/uploads\/2022\/01\/undraw_Message_sent_re_q2kl.svg","datePublished":"2022-02-21T13:49:58+00:00","dateModified":"2022-02-27T19:54:05+00:00","breadcrumb":{"@id":"https:\/\/fairlsd.com\/nl-accept\/#breadcrumb"},"inLanguage":"es","potentialAction":[{"@type":"ReadAction","target":["https:\/\/fairlsd.com\/nl-accept\/"]}]},{"@type":"ImageObject","inLanguage":"es","@id":"https:\/\/fairlsd.com\/nl-accept\/#primaryimage","url":"https:\/\/fairlsd.com\/wp-content\/uploads\/2022\/01\/undraw_Message_sent_re_q2kl.svg","contentUrl":"https:\/\/fairlsd.com\/wp-content\/uploads\/2022\/01\/undraw_Message_sent_re_q2kl.svg"},{"@type":"BreadcrumbList","@id":"https:\/\/fairlsd.com\/nl-accept\/#breadcrumb","itemListElement":[{"@type":"ListItem","position":1,"name":"Home","item":"https:\/\/fairlsd.com\/"},{"@type":"ListItem","position":2,"name":"NL accept"}]},{"@type":"WebSite","@id":"https:\/\/fairlsd.com\/#website","url":"https:\/\/fairlsd.com\/","name":"FairLSD","description":"El verdadero proveedor de LSD justo","publisher":{"@id":"https:\/\/fairlsd.com\/#organization"},"alternateName":"Fair LSD","potentialAction":[{"@type":"SearchAction","target":{"@type":"EntryPoint","urlTemplate":"https:\/\/fairlsd.com\/?s={search_term_string}"},"query-input":{"@type":"PropertyValueSpecification","valueRequired":true,"valueName":"search_term_string"}}],"inLanguage":"es"},{"@type":"Organization","@id":"https:\/\/fairlsd.com\/#organization","name":"fairlsd","alternateName":"Fair LSD","url":"https:\/\/fairlsd.com\/","logo":{"@type":"ImageObject","inLanguage":"es","@id":"https:\/\/fairlsd.com\/#\/schema\/logo\/image\/","url":"https:\/\/fairlsd.com\/wp-content\/uploads\/2022\/01\/final2.png","contentUrl":"https:\/\/fairlsd.com\/wp-content\/uploads\/2022\/01\/final2.png","width":1284,"height":1314,"caption":"fairlsd"},"image":{"@id":"https:\/\/fairlsd.com\/#\/schema\/logo\/image\/"},"sameAs":["https:\/\/www.facebook.com\/fairlsd\/","https:\/\/www.instagram.com\/fair.lsd\/"]}]}},"_links":{"self":[{"href":"https:\/\/fairlsd.com\/es\/wp-json\/wp\/v2\/pages\/1083","targetHints":{"allow":["GET"]}}],"collection":[{"href":"https:\/\/fairlsd.com\/es\/wp-json\/wp\/v2\/pages"}],"about":[{"href":"https:\/\/fairlsd.com\/es\/wp-json\/wp\/v2\/types\/page"}],"author":[{"embeddable":true,"href":"https:\/\/fairlsd.com\/es\/wp-json\/wp\/v2\/users\/10"}],"replies":[{"embeddable":true,"href":"https:\/\/fairlsd.com\/es\/wp-json\/wp\/v2\/comments?post=1083"}],"version-history":[{"count":0,"href":"https:\/\/fairlsd.com\/es\/wp-json\/wp\/v2\/pages\/1083\/revisions"}],"wp:attachment":[{"href":"https:\/\/fairlsd.com\/es\/wp-json\/wp\/v2\/media?parent=1083"}],"curies":[{"name":"wp","href":"https:\/\/api.w.org\/{rel}","templated":true}]}}