{"id":1408,"date":"2022-04-04T16:47:50","date_gmt":"2022-04-04T15:47:50","guid":{"rendered":"https:\/\/fairlsd.com\/?page_id=1408"},"modified":"2024-10-08T05:13:05","modified_gmt":"2024-10-08T04:13:05","slug":"acerca-de-nosotros","status":"publish","type":"page","link":"https:\/\/fairlsd.com\/es\/acerca-de-nosotros\/","title":{"rendered":"Qui\u00e9nes somos"},"content":{"rendered":"<div data-elementor-type=\"wp-page\" data-elementor-id=\"1408\" class=\"elementor elementor-1408\" data-elementor-post-type=\"page\">\n\t\t\t\t<div class=\"elementor-element elementor-element-0903d86 e-flex e-con-boxed e-con e-parent\" data-id=\"0903d86\" data-element_type=\"container\" data-e-type=\"container\" data-settings=\"{&quot;background_background&quot;:&quot;gradient&quot;,&quot;shape_divider_bottom&quot;:&quot;waves&quot;}\">\n\t\t\t\t\t<div class=\"e-con-inner\">\n\t\t\t\t<div class=\"elementor-shape elementor-shape-bottom\" aria-hidden=\"true\" data-negative=\"false\">\n\t\t\t<svg xmlns=\"http:\/\/www.w3.org\/2000\/svg\" viewbox=\"0 0 1000 100\" preserveaspectratio=\"none\">\n\t<path class=\"elementor-shape-fill\" d=\"M421.9,6.5c22.6-2.5,51.5,0.4,75.5,5.3c23.6,4.9,70.9,23.5,100.5,35.7c75.8,32.2,133.7,44.5,192.6,49.7\tc23.6,2.1,48.7,3.5,103.4-2.5c54.7-6,106.2-25.6,106.2-25.6V0H0v30.3c0,0,72,32.6,158.4,30.5c39.2-0.7,92.8-6.7,134-22.4\tc21.2-8.1,52.2-18.2,79.7-24.2C399.3,7.9,411.6,7.5,421.9,6.5z\"\/>\n<\/svg>\t\t<\/div>\n\t\t<div class=\"elementor-element elementor-element-16365dd e-con-full e-flex e-con e-child\" data-id=\"16365dd\" data-element_type=\"container\" data-e-type=\"container\">\n\t\t\t\t<div class=\"elementor-element elementor-element-bbb16d4 elementor-widget elementor-widget-heading\" data-id=\"bbb16d4\" data-element_type=\"widget\" data-e-type=\"widget\" data-widget_type=\"heading.default\">\n\t\t\t\t<div class=\"elementor-widget-container\">\n\t\t\t\t\t<h1 class=\"elementor-heading-title elementor-size-default\">Qui\u00e9nes somos<\/h1>\t\t\t\t<\/div>\n\t\t\t\t<\/div>\n\t\t\t\t<div class=\"elementor-element elementor-element-d7a3d0f elementor-widget elementor-widget-text-editor\" data-id=\"d7a3d0f\" data-element_type=\"widget\" data-e-type=\"widget\" data-widget_type=\"text-editor.default\">\n\t\t\t\t<div class=\"elementor-widget-container\">\n\t\t\t\t\t\t\t\t\t<p><span style=\"font-weight: 400;\">Nosotros, Timon &amp; Josef, hemos fundado una joven empresa berlinesa comprometida socialmente con la imagen del LSD, la Psilocibina, el DMT y otras sustancias psicoactivas. Abogamos por una estructura social m\u00e1s abierta y liberal en la que las sustancias psicoactivas puedan ser consumidas legalmente por todo el mundo.<\/span><span style=\"font-weight: 400;\"><br \/><\/span><span style=\"font-weight: 400;\">Nuestro objetivo es concienciar sobre las sustancias psicod\u00e9licas y la libertad cognitiva que se obtiene al trabajar con ellas. Tambi\u00e9n creemos que la guerra contra las drogas, especialmente contra las psicod\u00e9licas, es absolutamente in\u00fatil. Un enfoque abierto de Integraci\u00f3n, Educaci\u00f3n y tambi\u00e9n despenalizaci\u00f3n es una parte intr\u00ednseca en la comprensi\u00f3n de los psicod\u00e9licos como herramientas. La guerra contra las drogas en realidad est\u00e1 creando mucho m\u00e1s da\u00f1o a todo el mundo de lo que beneficia a nuestra sociedad. <\/span><\/p><p><span style=\"font-weight: 400;\">\u00a0<\/span><span style=\"font-weight: 400;\"><br \/><\/span><span style=\"font-weight: 400;\">Mediante actos, manifestaciones y un discurso abierto, inspiramos el cambio en favor de la libertad. Con nuestro Festival<\/span><span style=\"font-weight: 400;\">\u00a0proporcionar una experiencia estimulante a trav\u00e9s de las herramientas de la m\u00fasica, el arte y los talleres.<\/span><\/p>\t\t\t\t\t\t\t\t<\/div>\n\t\t\t\t<\/div>\n\t\t<div class=\"elementor-element elementor-element-6eb5800 e-con-full e-flex e-con e-child\" data-id=\"6eb5800\" data-element_type=\"container\" data-e-type=\"container\">\n\t\t<div class=\"elementor-element elementor-element-3aded90 e-con-full e-flex e-con e-child\" data-id=\"3aded90\" data-element_type=\"container\" data-e-type=\"container\">\n\t\t\t\t<div class=\"elementor-element elementor-element-1387788 elementor-widget elementor-widget-image\" data-id=\"1387788\" data-element_type=\"widget\" data-e-type=\"widget\" data-widget_type=\"image.default\">\n\t\t\t\t<div class=\"elementor-widget-container\">\n\t\t\t\t\t\t\t\t\t\t\t\t\t\t\t<img fetchpriority=\"high\" decoding=\"async\" width=\"634\" height=\"672\" src=\"https:\/\/fairlsd.com\/wp-content\/uploads\/2022\/04\/231ea801bcba6b5ee55aaee9db167bf0.png\" class=\"attachment-large size-large wp-image-1443\" alt=\"\" srcset=\"https:\/\/fairlsd.com\/wp-content\/uploads\/2022\/04\/231ea801bcba6b5ee55aaee9db167bf0.png 634w, https:\/\/fairlsd.com\/wp-content\/uploads\/2022\/04\/231ea801bcba6b5ee55aaee9db167bf0-283x300.png 283w, https:\/\/fairlsd.com\/wp-content\/uploads\/2022\/04\/231ea801bcba6b5ee55aaee9db167bf0-47x50.png 47w, https:\/\/fairlsd.com\/wp-content\/uploads\/2022\/04\/231ea801bcba6b5ee55aaee9db167bf0-94x100.png 94w, https:\/\/fairlsd.com\/wp-content\/uploads\/2022\/04\/231ea801bcba6b5ee55aaee9db167bf0-600x636.png 600w\" sizes=\"(max-width: 634px) 100vw, 634px\" \/>\t\t\t\t\t\t\t\t\t\t\t\t\t\t\t<\/div>\n\t\t\t\t<\/div>\n\t\t\t\t<\/div>\n\t\t<div class=\"elementor-element elementor-element-57d90cf e-con-full e-flex e-con e-child\" data-id=\"57d90cf\" data-element_type=\"container\" data-e-type=\"container\">\n\t\t\t\t<div class=\"elementor-element elementor-element-9ab117b elementor-widget elementor-widget-heading\" data-id=\"9ab117b\" data-element_type=\"widget\" data-e-type=\"widget\" data-widget_type=\"heading.default\">\n\t\t\t\t<div class=\"elementor-widget-container\">\n\t\t\t\t\t<h2 class=\"elementor-heading-title elementor-size-default\">Josef<\/h2>\t\t\t\t<\/div>\n\t\t\t\t<\/div>\n\t\t\t\t<div class=\"elementor-element elementor-element-026c139 elementor-widget elementor-widget-text-editor\" data-id=\"026c139\" data-element_type=\"widget\" data-e-type=\"widget\" data-widget_type=\"text-editor.default\">\n\t\t\t\t<div class=\"elementor-widget-container\">\n\t\t\t\t\t\t\t\t\t<p><span style=\"font-weight: 400;\">Josef procede de la m\u00fasica y descubri\u00f3 su amor por las experiencias psicod\u00e9licas en la escena de clubes y festivales. Para \u00e9l, combinar sustancias que expanden la mente con el arte y la cultura es una parte esencial de su desarrollo. Durante mucho tiempo, Josef ha sido parte integrante de la cultura de club de Berl\u00edn, organizando diversas fiestas colectivas y festivales.\u00a0<\/span><\/p><p><span style=\"font-weight: 400;\">Ahora combina sus experiencias psicon\u00e1uticas con su afici\u00f3n a los eventos.\u00a0<\/span><\/p><p><span style=\"font-weight: 400;\">Con la \"Morph Tribe\" organiza regularmente fiestas de LSD en Berl\u00edn y el <\/span><span style=\"font-weight: 400;\">Festival Morph <\/span><span style=\"font-weight: 400;\">tambi\u00e9n forma parte de esta visi\u00f3n.<\/span><span style=\"font-weight: 400;\"><br \/><\/span>En la actualidad, Josef produce su propia m\u00fasica psicod\u00e9lica y se dedica a crear una comunidad fuerte y sostenible.<\/p>\t\t\t\t\t\t\t\t<\/div>\n\t\t\t\t<\/div>\n\t\t\t\t<\/div>\n\t\t\t\t<\/div>\n\t\t\t\t<\/div>\n\t\t\t\t\t<\/div>\n\t\t\t\t<\/div>\n\t\t\t\t<\/div>","protected":false},"excerpt":{"rendered":"<p>Who we Are We, Timon &amp; Josef, have founded a young Berlin-based company that is socially committed to help the image of LSD, Psylocibin, DMT and other psychoactive substances. We advocate for a more open &amp; liberal social structure in which psychoactive substances can be legally consumed by everyone.Our goal is to raise awareness about [&hellip;]<\/p>","protected":false},"author":10,"featured_media":0,"parent":0,"menu_order":0,"comment_status":"closed","ping_status":"closed","template":"","meta":{"footnotes":""},"class_list":["post-1408","page","type-page","status-publish","hentry"],"yoast_head":"<!-- This site is optimized with the Yoast SEO plugin v25.9 - https:\/\/yoast.com\/wordpress\/plugins\/seo\/ -->\n<title>About Us - FairLSD<\/title>\n<meta name=\"robots\" content=\"index, follow, max-snippet:-1, max-image-preview:large, max-video-preview:-1\" \/>\n<link rel=\"canonical\" href=\"https:\/\/fairlsd.com\/es\/acerca-de-nosotros\/\" \/>\n<meta property=\"og:locale\" content=\"es_ES\" \/>\n<meta property=\"og:type\" content=\"article\" \/>\n<meta property=\"og:title\" content=\"About Us - FairLSD\" \/>\n<meta property=\"og:description\" content=\"Who we Are We, Timon &amp; Josef, have founded a young Berlin-based company that is socially committed to help the image of LSD, Psylocibin, DMT and other psychoactive substances. We advocate for a more open &amp; liberal social structure in which psychoactive substances can be legally consumed by everyone.Our goal is to raise awareness about [&hellip;]\" \/>\n<meta property=\"og:url\" content=\"https:\/\/fairlsd.com\/es\/acerca-de-nosotros\/\" \/>\n<meta property=\"og:site_name\" content=\"FairLSD\" \/>\n<meta property=\"article:publisher\" content=\"https:\/\/www.facebook.com\/fairlsd\/\" \/>\n<meta property=\"article:modified_time\" content=\"2024-10-08T04:13:05+00:00\" \/>\n<meta property=\"og:image\" content=\"https:\/\/fairlsd.com\/wp-content\/uploads\/2022\/04\/231ea801bcba6b5ee55aaee9db167bf0.png\" \/>\n<meta name=\"twitter:card\" content=\"summary_large_image\" \/>\n<meta name=\"twitter:label1\" content=\"Est. reading time\" \/>\n\t<meta name=\"twitter:data1\" content=\"2 minutos\" \/>\n<script type=\"application\/ld+json\" class=\"yoast-schema-graph\">{\"@context\":\"https:\/\/schema.org\",\"@graph\":[{\"@type\":\"WebPage\",\"@id\":\"https:\/\/fairlsd.com\/about-us\/\",\"url\":\"https:\/\/fairlsd.com\/about-us\/\",\"name\":\"About Us - FairLSD\",\"isPartOf\":{\"@id\":\"https:\/\/fairlsd.com\/#website\"},\"primaryImageOfPage\":{\"@id\":\"https:\/\/fairlsd.com\/about-us\/#primaryimage\"},\"image\":{\"@id\":\"https:\/\/fairlsd.com\/about-us\/#primaryimage\"},\"thumbnailUrl\":\"https:\/\/fairlsd.com\/wp-content\/uploads\/2022\/04\/231ea801bcba6b5ee55aaee9db167bf0.png\",\"datePublished\":\"2022-04-04T15:47:50+00:00\",\"dateModified\":\"2024-10-08T04:13:05+00:00\",\"breadcrumb\":{\"@id\":\"https:\/\/fairlsd.com\/about-us\/#breadcrumb\"},\"inLanguage\":\"es\",\"potentialAction\":[{\"@type\":\"ReadAction\",\"target\":[\"https:\/\/fairlsd.com\/about-us\/\"]}]},{\"@type\":\"ImageObject\",\"inLanguage\":\"es\",\"@id\":\"https:\/\/fairlsd.com\/about-us\/#primaryimage\",\"url\":\"https:\/\/fairlsd.com\/wp-content\/uploads\/2022\/04\/231ea801bcba6b5ee55aaee9db167bf0.png\",\"contentUrl\":\"https:\/\/fairlsd.com\/wp-content\/uploads\/2022\/04\/231ea801bcba6b5ee55aaee9db167bf0.png\"},{\"@type\":\"BreadcrumbList\",\"@id\":\"https:\/\/fairlsd.com\/about-us\/#breadcrumb\",\"itemListElement\":[{\"@type\":\"ListItem\",\"position\":1,\"name\":\"Home\",\"item\":\"https:\/\/fairlsd.com\/\"},{\"@type\":\"ListItem\",\"position\":2,\"name\":\"About Us\"}]},{\"@type\":\"WebSite\",\"@id\":\"https:\/\/fairlsd.com\/#website\",\"url\":\"https:\/\/fairlsd.com\/\",\"name\":\"FairLSD\",\"description\":\"The true Supplier for Fair LSD\",\"publisher\":{\"@id\":\"https:\/\/fairlsd.com\/#organization\"},\"alternateName\":\"Fair LSD\",\"potentialAction\":[{\"@type\":\"SearchAction\",\"target\":{\"@type\":\"EntryPoint\",\"urlTemplate\":\"https:\/\/fairlsd.com\/?s={search_term_string}\"},\"query-input\":{\"@type\":\"PropertyValueSpecification\",\"valueRequired\":true,\"valueName\":\"search_term_string\"}}],\"inLanguage\":\"es\"},{\"@type\":\"Organization\",\"@id\":\"https:\/\/fairlsd.com\/#organization\",\"name\":\"fairlsd\",\"alternateName\":\"Fair LSD\",\"url\":\"https:\/\/fairlsd.com\/\",\"logo\":{\"@type\":\"ImageObject\",\"inLanguage\":\"es\",\"@id\":\"https:\/\/fairlsd.com\/#\/schema\/logo\/image\/\",\"url\":\"https:\/\/fairlsd.com\/wp-content\/uploads\/2022\/01\/final2.png\",\"contentUrl\":\"https:\/\/fairlsd.com\/wp-content\/uploads\/2022\/01\/final2.png\",\"width\":1284,\"height\":1314,\"caption\":\"fairlsd\"},\"image\":{\"@id\":\"https:\/\/fairlsd.com\/#\/schema\/logo\/image\/\"},\"sameAs\":[\"https:\/\/www.facebook.com\/fairlsd\/\",\"https:\/\/www.instagram.com\/fair.lsd\/\"]}]}<\/script>\n<!-- \/ Yoast SEO plugin. -->","yoast_head_json":{"title":"Sobre nosotros - FairLSD","robots":{"index":"index","follow":"follow","max-snippet":"max-snippet:-1","max-image-preview":"max-image-preview:large","max-video-preview":"max-video-preview:-1"},"canonical":"https:\/\/fairlsd.com\/es\/acerca-de-nosotros\/","og_locale":"es_ES","og_type":"article","og_title":"About Us - FairLSD","og_description":"Who we Are We, Timon &amp; Josef, have founded a young Berlin-based company that is socially committed to help the image of LSD, Psylocibin, DMT and other psychoactive substances. We advocate for a more open &amp; liberal social structure in which psychoactive substances can be legally consumed by everyone.Our goal is to raise awareness about [&hellip;]","og_url":"https:\/\/fairlsd.com\/es\/acerca-de-nosotros\/","og_site_name":"FairLSD","article_publisher":"https:\/\/www.facebook.com\/fairlsd\/","article_modified_time":"2024-10-08T04:13:05+00:00","og_image":[{"url":"https:\/\/fairlsd.com\/wp-content\/uploads\/2022\/04\/231ea801bcba6b5ee55aaee9db167bf0.png","type":"","width":"","height":""}],"twitter_card":"summary_large_image","twitter_misc":{"Est. reading time":"2 minutos"},"schema":{"@context":"https:\/\/schema.org","@graph":[{"@type":"WebPage","@id":"https:\/\/fairlsd.com\/about-us\/","url":"https:\/\/fairlsd.com\/about-us\/","name":"Sobre nosotros - FairLSD","isPartOf":{"@id":"https:\/\/fairlsd.com\/#website"},"primaryImageOfPage":{"@id":"https:\/\/fairlsd.com\/about-us\/#primaryimage"},"image":{"@id":"https:\/\/fairlsd.com\/about-us\/#primaryimage"},"thumbnailUrl":"https:\/\/fairlsd.com\/wp-content\/uploads\/2022\/04\/231ea801bcba6b5ee55aaee9db167bf0.png","datePublished":"2022-04-04T15:47:50+00:00","dateModified":"2024-10-08T04:13:05+00:00","breadcrumb":{"@id":"https:\/\/fairlsd.com\/about-us\/#breadcrumb"},"inLanguage":"es","potentialAction":[{"@type":"ReadAction","target":["https:\/\/fairlsd.com\/about-us\/"]}]},{"@type":"ImageObject","inLanguage":"es","@id":"https:\/\/fairlsd.com\/about-us\/#primaryimage","url":"https:\/\/fairlsd.com\/wp-content\/uploads\/2022\/04\/231ea801bcba6b5ee55aaee9db167bf0.png","contentUrl":"https:\/\/fairlsd.com\/wp-content\/uploads\/2022\/04\/231ea801bcba6b5ee55aaee9db167bf0.png"},{"@type":"BreadcrumbList","@id":"https:\/\/fairlsd.com\/about-us\/#breadcrumb","itemListElement":[{"@type":"ListItem","position":1,"name":"Home","item":"https:\/\/fairlsd.com\/"},{"@type":"ListItem","position":2,"name":"About Us"}]},{"@type":"WebSite","@id":"https:\/\/fairlsd.com\/#website","url":"https:\/\/fairlsd.com\/","name":"FairLSD","description":"El verdadero proveedor de LSD justo","publisher":{"@id":"https:\/\/fairlsd.com\/#organization"},"alternateName":"Fair LSD","potentialAction":[{"@type":"SearchAction","target":{"@type":"EntryPoint","urlTemplate":"https:\/\/fairlsd.com\/?s={search_term_string}"},"query-input":{"@type":"PropertyValueSpecification","valueRequired":true,"valueName":"search_term_string"}}],"inLanguage":"es"},{"@type":"Organization","@id":"https:\/\/fairlsd.com\/#organization","name":"fairlsd","alternateName":"Fair LSD","url":"https:\/\/fairlsd.com\/","logo":{"@type":"ImageObject","inLanguage":"es","@id":"https:\/\/fairlsd.com\/#\/schema\/logo\/image\/","url":"https:\/\/fairlsd.com\/wp-content\/uploads\/2022\/01\/final2.png","contentUrl":"https:\/\/fairlsd.com\/wp-content\/uploads\/2022\/01\/final2.png","width":1284,"height":1314,"caption":"fairlsd"},"image":{"@id":"https:\/\/fairlsd.com\/#\/schema\/logo\/image\/"},"sameAs":["https:\/\/www.facebook.com\/fairlsd\/","https:\/\/www.instagram.com\/fair.lsd\/"]}]}},"_links":{"self":[{"href":"https:\/\/fairlsd.com\/es\/wp-json\/wp\/v2\/pages\/1408","targetHints":{"allow":["GET"]}}],"collection":[{"href":"https:\/\/fairlsd.com\/es\/wp-json\/wp\/v2\/pages"}],"about":[{"href":"https:\/\/fairlsd.com\/es\/wp-json\/wp\/v2\/types\/page"}],"author":[{"embeddable":true,"href":"https:\/\/fairlsd.com\/es\/wp-json\/wp\/v2\/users\/10"}],"replies":[{"embeddable":true,"href":"https:\/\/fairlsd.com\/es\/wp-json\/wp\/v2\/comments?post=1408"}],"version-history":[{"count":0,"href":"https:\/\/fairlsd.com\/es\/wp-json\/wp\/v2\/pages\/1408\/revisions"}],"wp:attachment":[{"href":"https:\/\/fairlsd.com\/es\/wp-json\/wp\/v2\/media?parent=1408"}],"curies":[{"name":"wp","href":"https:\/\/api.w.org\/{rel}","templated":true}]}}