{"id":1423,"date":"2022-04-06T17:01:59","date_gmt":"2022-04-06T16:01:59","guid":{"rendered":"https:\/\/fairlsd.com\/?page_id=1423"},"modified":"2025-06-04T11:05:15","modified_gmt":"2025-06-04T10:05:15","slug":"stand-del-festival","status":"publish","type":"page","link":"https:\/\/fairlsd.com\/es\/stand-del-festival\/","title":{"rendered":"Stand del Festival"},"content":{"rendered":"<div data-elementor-type=\"wp-page\" data-elementor-id=\"1423\" class=\"elementor elementor-1423\" data-elementor-post-type=\"page\">\n\t\t\t\t<div class=\"elementor-element elementor-element-8f193f5 e-flex e-con-boxed e-con e-parent\" data-id=\"8f193f5\" data-element_type=\"container\" data-e-type=\"container\" data-settings=\"{&quot;background_background&quot;:&quot;gradient&quot;,&quot;shape_divider_bottom&quot;:&quot;waves&quot;}\">\n\t\t\t\t\t<div class=\"e-con-inner\">\n\t\t\t\t<div class=\"elementor-shape elementor-shape-bottom\" aria-hidden=\"true\" data-negative=\"false\">\n\t\t\t<svg xmlns=\"http:\/\/www.w3.org\/2000\/svg\" viewbox=\"0 0 1000 100\" preserveaspectratio=\"none\">\n\t<path class=\"elementor-shape-fill\" d=\"M421.9,6.5c22.6-2.5,51.5,0.4,75.5,5.3c23.6,4.9,70.9,23.5,100.5,35.7c75.8,32.2,133.7,44.5,192.6,49.7\tc23.6,2.1,48.7,3.5,103.4-2.5c54.7-6,106.2-25.6,106.2-25.6V0H0v30.3c0,0,72,32.6,158.4,30.5c39.2-0.7,92.8-6.7,134-22.4\tc21.2-8.1,52.2-18.2,79.7-24.2C399.3,7.9,411.6,7.5,421.9,6.5z\"\/>\n<\/svg>\t\t<\/div>\n\t\t<div class=\"elementor-element elementor-element-7765c57 e-con-full e-flex e-con e-child\" data-id=\"7765c57\" data-element_type=\"container\" data-e-type=\"container\">\n\t\t\t\t<div class=\"elementor-element elementor-element-a874f6a elementor-widget elementor-widget-heading\" data-id=\"a874f6a\" data-element_type=\"widget\" data-e-type=\"widget\" data-widget_type=\"heading.default\">\n\t\t\t\t<div class=\"elementor-widget-container\">\n\t\t\t\t\t<h1 class=\"elementor-heading-title elementor-size-default\">Nuestro stand en el Festival<\/h1>\t\t\t\t<\/div>\n\t\t\t\t<\/div>\n\t\t<div class=\"elementor-element elementor-element-342789d e-con-full e-flex e-con e-child\" data-id=\"342789d\" data-element_type=\"container\" data-e-type=\"container\">\n\t\t<div class=\"elementor-element elementor-element-740f31d e-con-full e-flex e-con e-child\" data-id=\"740f31d\" data-element_type=\"container\" data-e-type=\"container\">\n\t\t\t\t<div class=\"elementor-element elementor-element-3e2fa8f elementor-widget elementor-widget-text-editor\" data-id=\"3e2fa8f\" data-element_type=\"widget\" data-e-type=\"widget\" data-widget_type=\"text-editor.default\">\n\t\t\t\t<div class=\"elementor-widget-container\">\n\t\t\t\t\t\t\t\t\t<p><span style=\"font-weight: 400;\">Con nuestro stand para festivales, desfilamos por los festivales de m\u00fasica de Europa y difundimos nuestra&nbsp;<\/span><span style=\"font-weight: 400;\">visi\u00f3n de una sociedad tolerante y libre de drogas.<\/span><\/p>\n<p>Creemos que la sociedad tiene que proporcionar a la poblaci\u00f3n conocimientos y espacios seguros para explorar sustancias psicod\u00e9licas. Consideramos que la prohibici\u00f3n de expandir la mente a trav\u00e9s de sustancias que alteran la mente es un crimen contra la humanidad. No s\u00f3lo porque estas sustancias forman parte del patrimonio cultural de la humanidad, sino tambi\u00e9n porque creemos que ha llegado el momento de replantearse viejos dogmas.&nbsp;<\/p><p>Si se hace bien, todo el mundo puede aprender sobre s\u00ed mismo y, posiblemente, convertirse en una persona m\u00e1s consciente y sana a trav\u00e9s de la experiencia psicod\u00e9lica.&nbsp;<\/p>\n<p><span style=\"font-weight: 400;\">Trabajemos juntos por una sociedad justa y libre y hagamos avanzar el renacimiento psicod\u00e9lico.<\/span><\/p>\t\t\t\t\t\t\t\t<\/div>\n\t\t\t\t<\/div>\n\t\t\t\t<\/div>\n\t\t<div class=\"elementor-element elementor-element-88c3f58 e-con-full e-flex e-con e-child\" data-id=\"88c3f58\" data-element_type=\"container\" data-e-type=\"container\">\n\t\t\t\t<div class=\"elementor-element elementor-element-e5b64aa elementor-widget elementor-widget-image\" data-id=\"e5b64aa\" data-element_type=\"widget\" data-e-type=\"widget\" data-widget_type=\"image.default\">\n\t\t\t\t<div class=\"elementor-widget-container\">\n\t\t\t\t\t\t\t\t\t\t\t\t\t\t\t<img fetchpriority=\"high\" decoding=\"async\" width=\"800\" height=\"450\" src=\"https:\/\/fairlsd.com\/wp-content\/uploads\/2022\/04\/festivalstand-1024x576.jpg\" class=\"attachment-large size-large wp-image-1414\" alt=\"\" srcset=\"https:\/\/fairlsd.com\/wp-content\/uploads\/2022\/04\/festivalstand-1024x576.jpg 1024w, https:\/\/fairlsd.com\/wp-content\/uploads\/2022\/04\/festivalstand-300x169.jpg 300w, https:\/\/fairlsd.com\/wp-content\/uploads\/2022\/04\/festivalstand-768x432.jpg 768w, https:\/\/fairlsd.com\/wp-content\/uploads\/2022\/04\/festivalstand-1536x864.jpg 1536w, https:\/\/fairlsd.com\/wp-content\/uploads\/2022\/04\/festivalstand-2048x1152.jpg 2048w, https:\/\/fairlsd.com\/wp-content\/uploads\/2022\/04\/festivalstand-50x28.jpg 50w, https:\/\/fairlsd.com\/wp-content\/uploads\/2022\/04\/festivalstand-100x56.jpg 100w, https:\/\/fairlsd.com\/wp-content\/uploads\/2022\/04\/festivalstand-1320x743.jpg 1320w, https:\/\/fairlsd.com\/wp-content\/uploads\/2022\/04\/festivalstand-600x338.jpg 600w\" sizes=\"(max-width: 800px) 100vw, 800px\" \/>\t\t\t\t\t\t\t\t\t\t\t\t\t\t\t<\/div>\n\t\t\t\t<\/div>\n\t\t\t\t<\/div>\n\t\t\t\t<\/div>\n\t\t<div class=\"elementor-element elementor-element-92ef2df e-con-full e-flex e-con e-child\" data-id=\"92ef2df\" data-element_type=\"container\" data-e-type=\"container\">\n\t\t<div class=\"elementor-element elementor-element-98bea5d e-con-full e-flex e-con e-child\" data-id=\"98bea5d\" data-element_type=\"container\" data-e-type=\"container\">\n\t\t\t\t<div class=\"elementor-element elementor-element-aa0ecf4 elementor-widget elementor-widget-image\" data-id=\"aa0ecf4\" data-element_type=\"widget\" data-e-type=\"widget\" data-widget_type=\"image.default\">\n\t\t\t\t<div class=\"elementor-widget-container\">\n\t\t\t\t\t\t\t\t\t\t\t\t\t\t\t<img decoding=\"async\" width=\"753\" height=\"536\" src=\"https:\/\/fairlsd.com\/wp-content\/uploads\/2022\/04\/further-neo.jpg.webp\" class=\"attachment-large size-large wp-image-1422\" alt=\"\" srcset=\"https:\/\/fairlsd.com\/wp-content\/uploads\/2022\/04\/further-neo.jpg.webp 753w, https:\/\/fairlsd.com\/wp-content\/uploads\/2022\/04\/further-neo.jpg-300x214.webp 300w, https:\/\/fairlsd.com\/wp-content\/uploads\/2022\/04\/further-neo.jpg-50x36.webp 50w, https:\/\/fairlsd.com\/wp-content\/uploads\/2022\/04\/further-neo.jpg-100x71.webp 100w, https:\/\/fairlsd.com\/wp-content\/uploads\/2022\/04\/further-neo.jpg-600x427.webp 600w\" sizes=\"(max-width: 753px) 100vw, 753px\" \/>\t\t\t\t\t\t\t\t\t\t\t\t\t\t\t<\/div>\n\t\t\t\t<\/div>\n\t\t\t\t<div class=\"elementor-element elementor-element-39432a1 elementor-widget elementor-widget-image\" data-id=\"39432a1\" data-element_type=\"widget\" data-e-type=\"widget\" data-widget_type=\"image.default\">\n\t\t\t\t<div class=\"elementor-widget-container\">\n\t\t\t\t\t\t\t\t\t\t\t\t\t\t\t<img decoding=\"async\" width=\"800\" height=\"800\" src=\"https:\/\/fairlsd.com\/wp-content\/uploads\/2022\/04\/berlin-1-of-1-23-1024x1024.jpg\" class=\"attachment-large size-large wp-image-1425\" alt=\"\" srcset=\"https:\/\/fairlsd.com\/wp-content\/uploads\/2022\/04\/berlin-1-of-1-23-1024x1024.jpg 1024w, https:\/\/fairlsd.com\/wp-content\/uploads\/2022\/04\/berlin-1-of-1-23-300x300.jpg 300w, https:\/\/fairlsd.com\/wp-content\/uploads\/2022\/04\/berlin-1-of-1-23-150x150.jpg 150w, https:\/\/fairlsd.com\/wp-content\/uploads\/2022\/04\/berlin-1-of-1-23-768x768.jpg 768w, https:\/\/fairlsd.com\/wp-content\/uploads\/2022\/04\/berlin-1-of-1-23-1536x1536.jpg 1536w, https:\/\/fairlsd.com\/wp-content\/uploads\/2022\/04\/berlin-1-of-1-23-2048x2048.jpg 2048w, https:\/\/fairlsd.com\/wp-content\/uploads\/2022\/04\/berlin-1-of-1-23-50x50.jpg 50w, https:\/\/fairlsd.com\/wp-content\/uploads\/2022\/04\/berlin-1-of-1-23-100x100.jpg 100w, https:\/\/fairlsd.com\/wp-content\/uploads\/2022\/04\/berlin-1-of-1-23-1320x1320.jpg 1320w, https:\/\/fairlsd.com\/wp-content\/uploads\/2022\/04\/berlin-1-of-1-23-600x600.jpg 600w\" sizes=\"(max-width: 800px) 100vw, 800px\" \/>\t\t\t\t\t\t\t\t\t\t\t\t\t\t\t<\/div>\n\t\t\t\t<\/div>\n\t\t\t\t<\/div>\n\t\t<div class=\"elementor-element elementor-element-7c4cadd e-con-full e-flex e-con e-child\" data-id=\"7c4cadd\" data-element_type=\"container\" data-e-type=\"container\">\n\t\t\t\t<div class=\"elementor-element elementor-element-7923fc7 elementor-widget elementor-widget-text-editor\" data-id=\"7923fc7\" data-element_type=\"widget\" data-e-type=\"widget\" data-widget_type=\"text-editor.default\">\n\t\t\t\t<div class=\"elementor-widget-container\">\n\t\t\t\t\t\t\t\t\t<p><span style=\"font-weight: 400;\">Como invitados y organizadores de festivales experimentados, sabemos que los festivales son una buena oportunidad para explorar el estado mental psicod\u00e9lico fuera de nuestra realidad normal condicionada.<\/span><\/p>\n<p><br><\/p><p>Para asegurarnos de que todo el mundo tenga una buena experiencia, creamos un \u00e1rea segregada que permite a los exploradores tener un entorno seguro y armonioso. Como tenemos mucha experiencia con los estados psicod\u00e9licos de la mente, prestamos especial atenci\u00f3n a una buena ambientaci\u00f3n y combinamos todos nuestros conocimientos para crear un marco de buenas sensaciones:<\/p>\n<p><br><\/p>\n<p>- A trav\u00e9s del despliegue de creatividad, a trav\u00e9s del arte,<span style=\"font-family: var( --e-global-typography-c86988a-font-family ), Sans-serif; font-size: var( --e-global-typography-c86988a-font-size ); letter-spacing: var( --e-global-typography-c86988a-letter-spacing ); word-spacing: var( --e-global-typography-c86988a-word-spacing );\">&nbsp; m\u00fasica&nbsp;<\/span><span style=\"font-family: var( --e-global-typography-c86988a-font-family ), Sans-serif; font-size: var( --e-global-typography-c86988a-font-size ); letter-spacing: var( --e-global-typography-c86988a-letter-spacing ); word-spacing: var( --e-global-typography-c86988a-word-spacing );\">y bailamos, estimulamos todos los sentidos y damos sensaci\u00f3n de comunidad al tener a nuestro alrededor a mucha gente con ideas afines.<\/span><\/p>\n<p><\/p>\n<p>- Estaremos encantados de compartir la Visi\u00f3n de nuestro Proyecto y de los Proyectos asociados. Si es posible, organizaremos talleres y charlas relacionados con el uso de psicod\u00e9licos en los tiempos modernos.<\/p>\n<p>- Nuestra \u00c1rea ser\u00e1 un ancla para que los Exploradores inicien su Viaje con buenos sentimientos y en confianza.&nbsp;<\/p>\n<p>- Como sabemos que la psicodelia puede ser un reto de vez en cuando abrimos nuestro Jurt para que cada cliente pueda volver a nosotros en cualquier momento que le apetezca. Tendremos ropa de cama para tumbarse, buen t\u00e9 y si es necesario alguien con quien hablar \/ obtener asistencia en su proceso de nuestro experimentado equipo. Nuestro equipo est\u00e1 formado por psic\u00f3logos, psiconautas experimentados y antrop\u00f3logos con formaci\u00f3n cultural en el campo ritualista - somos capaces de ayudar con consejos multidisciplinares y orientaci\u00f3n.<span style=\"font-family: var( --e-global-typography-c86988a-font-family ), Sans-serif; font-size: var( --e-global-typography-c86988a-font-size ); letter-spacing: var( --e-global-typography-c86988a-letter-spacing ); word-spacing: var( --e-global-typography-c86988a-word-spacing );\">&nbsp;<\/span><\/p>\t\t\t\t\t\t\t\t<\/div>\n\t\t\t\t<\/div>\n\t\t\t\t<\/div>\n\t\t\t\t<\/div>\n\t\t\t\t<div class=\"elementor-element elementor-element-b61eb76 elementor-widget elementor-widget-text-editor\" data-id=\"b61eb76\" data-element_type=\"widget\" data-e-type=\"widget\" data-widget_type=\"text-editor.default\">\n\t\t\t\t<div class=\"elementor-widget-container\">\n\t\t\t\t\t\t\t\t\t<p>No dude en ponerse en contacto con nosotros a trav\u00e9s de E-Mail: \"events@fairlsd.com\" si desea que participemos en su evento.<\/p><p>\u00a0<\/p>\t\t\t\t\t\t\t\t<\/div>\n\t\t\t\t<\/div>\n\t\t\t\t<\/div>\n\t\t\t\t\t<\/div>\n\t\t\t\t<\/div>\n\t\t\t\t<\/div>","protected":false},"excerpt":{"rendered":"<p>Nuestro stand en festivales Con nuestro stand en festivales, desfilamos por los festivales de m\u00fasica de Europa y difundimos nuestra visi\u00f3n de una sociedad tolerante y liberal en materia de drogas. Creemos que la sociedad tiene que proporcionar a la poblaci\u00f3n conocimientos y espacios seguros para explorar sustancias psicod\u00e9licas. Consideramos que la prohibici\u00f3n de expandir la mente a trav\u00e9s de sustancias que alteran la mente es una [...]<\/p>","protected":false},"author":10,"featured_media":0,"parent":0,"menu_order":0,"comment_status":"closed","ping_status":"closed","template":"","meta":{"footnotes":""},"class_list":["post-1423","page","type-page","status-publish","hentry"],"yoast_head":"<!-- This site is optimized with the Yoast SEO plugin v25.9 - https:\/\/yoast.com\/wordpress\/plugins\/seo\/ -->\n<title>Festival Stand - FairLSD<\/title>\n<meta name=\"robots\" content=\"index, follow, max-snippet:-1, max-image-preview:large, max-video-preview:-1\" \/>\n<link rel=\"canonical\" href=\"https:\/\/fairlsd.com\/es\/stand-del-festival\/\" \/>\n<meta property=\"og:locale\" content=\"es_ES\" \/>\n<meta property=\"og:type\" content=\"article\" \/>\n<meta property=\"og:title\" content=\"Festival Stand - FairLSD\" \/>\n<meta property=\"og:description\" content=\"Our Festival Stand With our festival stand, we parade through the music festivals of Europe and spread our&nbsp;vision of a tolerant and drug-liberal society. We&nbsp;believe&nbsp;that the society has to provide the population with knowledge and safe spaces to explore psychedelic substances. We consider the prohibition of expanding one&#8217;s mind through mind-altering substances to be a [&hellip;]\" \/>\n<meta property=\"og:url\" content=\"https:\/\/fairlsd.com\/es\/stand-del-festival\/\" \/>\n<meta property=\"og:site_name\" content=\"FairLSD\" \/>\n<meta property=\"article:publisher\" content=\"https:\/\/www.facebook.com\/fairlsd\/\" \/>\n<meta property=\"article:modified_time\" content=\"2025-06-04T10:05:15+00:00\" \/>\n<meta property=\"og:image\" content=\"https:\/\/fairlsd.com\/wp-content\/uploads\/2022\/04\/festivalstand-scaled.jpg\" \/>\n\t<meta property=\"og:image:width\" content=\"2560\" \/>\n\t<meta property=\"og:image:height\" content=\"1441\" \/>\n\t<meta property=\"og:image:type\" content=\"image\/jpeg\" \/>\n<meta name=\"twitter:card\" content=\"summary_large_image\" \/>\n<meta name=\"twitter:label1\" content=\"Est. reading time\" \/>\n\t<meta name=\"twitter:data1\" content=\"3 minutos\" \/>\n<script type=\"application\/ld+json\" class=\"yoast-schema-graph\">{\"@context\":\"https:\/\/schema.org\",\"@graph\":[{\"@type\":\"WebPage\",\"@id\":\"https:\/\/fairlsd.com\/festival-stand\/\",\"url\":\"https:\/\/fairlsd.com\/festival-stand\/\",\"name\":\"Festival Stand - FairLSD\",\"isPartOf\":{\"@id\":\"https:\/\/fairlsd.com\/#website\"},\"primaryImageOfPage\":{\"@id\":\"https:\/\/fairlsd.com\/festival-stand\/#primaryimage\"},\"image\":{\"@id\":\"https:\/\/fairlsd.com\/festival-stand\/#primaryimage\"},\"thumbnailUrl\":\"https:\/\/fairlsd.com\/wp-content\/uploads\/2022\/04\/festivalstand-1024x576.jpg\",\"datePublished\":\"2022-04-06T16:01:59+00:00\",\"dateModified\":\"2025-06-04T10:05:15+00:00\",\"breadcrumb\":{\"@id\":\"https:\/\/fairlsd.com\/festival-stand\/#breadcrumb\"},\"inLanguage\":\"es\",\"potentialAction\":[{\"@type\":\"ReadAction\",\"target\":[\"https:\/\/fairlsd.com\/festival-stand\/\"]}]},{\"@type\":\"ImageObject\",\"inLanguage\":\"es\",\"@id\":\"https:\/\/fairlsd.com\/festival-stand\/#primaryimage\",\"url\":\"https:\/\/fairlsd.com\/wp-content\/uploads\/2022\/04\/festivalstand-1024x576.jpg\",\"contentUrl\":\"https:\/\/fairlsd.com\/wp-content\/uploads\/2022\/04\/festivalstand-1024x576.jpg\"},{\"@type\":\"BreadcrumbList\",\"@id\":\"https:\/\/fairlsd.com\/festival-stand\/#breadcrumb\",\"itemListElement\":[{\"@type\":\"ListItem\",\"position\":1,\"name\":\"Home\",\"item\":\"https:\/\/fairlsd.com\/\"},{\"@type\":\"ListItem\",\"position\":2,\"name\":\"Festival Stand\"}]},{\"@type\":\"WebSite\",\"@id\":\"https:\/\/fairlsd.com\/#website\",\"url\":\"https:\/\/fairlsd.com\/\",\"name\":\"FairLSD\",\"description\":\"The true Supplier for Fair LSD\",\"publisher\":{\"@id\":\"https:\/\/fairlsd.com\/#organization\"},\"alternateName\":\"Fair LSD\",\"potentialAction\":[{\"@type\":\"SearchAction\",\"target\":{\"@type\":\"EntryPoint\",\"urlTemplate\":\"https:\/\/fairlsd.com\/?s={search_term_string}\"},\"query-input\":{\"@type\":\"PropertyValueSpecification\",\"valueRequired\":true,\"valueName\":\"search_term_string\"}}],\"inLanguage\":\"es\"},{\"@type\":\"Organization\",\"@id\":\"https:\/\/fairlsd.com\/#organization\",\"name\":\"fairlsd\",\"alternateName\":\"Fair LSD\",\"url\":\"https:\/\/fairlsd.com\/\",\"logo\":{\"@type\":\"ImageObject\",\"inLanguage\":\"es\",\"@id\":\"https:\/\/fairlsd.com\/#\/schema\/logo\/image\/\",\"url\":\"https:\/\/fairlsd.com\/wp-content\/uploads\/2022\/01\/final2.png\",\"contentUrl\":\"https:\/\/fairlsd.com\/wp-content\/uploads\/2022\/01\/final2.png\",\"width\":1284,\"height\":1314,\"caption\":\"fairlsd\"},\"image\":{\"@id\":\"https:\/\/fairlsd.com\/#\/schema\/logo\/image\/\"},\"sameAs\":[\"https:\/\/www.facebook.com\/fairlsd\/\",\"https:\/\/www.instagram.com\/fair.lsd\/\"]}]}<\/script>\n<!-- \/ Yoast SEO plugin. -->","yoast_head_json":{"title":"Stand del Festival - FairLSD","robots":{"index":"index","follow":"follow","max-snippet":"max-snippet:-1","max-image-preview":"max-image-preview:large","max-video-preview":"max-video-preview:-1"},"canonical":"https:\/\/fairlsd.com\/es\/stand-del-festival\/","og_locale":"es_ES","og_type":"article","og_title":"Festival Stand - FairLSD","og_description":"Our Festival Stand With our festival stand, we parade through the music festivals of Europe and spread our&nbsp;vision of a tolerant and drug-liberal society. We&nbsp;believe&nbsp;that the society has to provide the population with knowledge and safe spaces to explore psychedelic substances. We consider the prohibition of expanding one&#8217;s mind through mind-altering substances to be a [&hellip;]","og_url":"https:\/\/fairlsd.com\/es\/stand-del-festival\/","og_site_name":"FairLSD","article_publisher":"https:\/\/www.facebook.com\/fairlsd\/","article_modified_time":"2025-06-04T10:05:15+00:00","og_image":[{"width":2560,"height":1441,"url":"https:\/\/fairlsd.com\/wp-content\/uploads\/2022\/04\/festivalstand-scaled.jpg","type":"image\/jpeg"}],"twitter_card":"summary_large_image","twitter_misc":{"Est. reading time":"3 minutos"},"schema":{"@context":"https:\/\/schema.org","@graph":[{"@type":"WebPage","@id":"https:\/\/fairlsd.com\/festival-stand\/","url":"https:\/\/fairlsd.com\/festival-stand\/","name":"Stand del Festival - FairLSD","isPartOf":{"@id":"https:\/\/fairlsd.com\/#website"},"primaryImageOfPage":{"@id":"https:\/\/fairlsd.com\/festival-stand\/#primaryimage"},"image":{"@id":"https:\/\/fairlsd.com\/festival-stand\/#primaryimage"},"thumbnailUrl":"https:\/\/fairlsd.com\/wp-content\/uploads\/2022\/04\/festivalstand-1024x576.jpg","datePublished":"2022-04-06T16:01:59+00:00","dateModified":"2025-06-04T10:05:15+00:00","breadcrumb":{"@id":"https:\/\/fairlsd.com\/festival-stand\/#breadcrumb"},"inLanguage":"es","potentialAction":[{"@type":"ReadAction","target":["https:\/\/fairlsd.com\/festival-stand\/"]}]},{"@type":"ImageObject","inLanguage":"es","@id":"https:\/\/fairlsd.com\/festival-stand\/#primaryimage","url":"https:\/\/fairlsd.com\/wp-content\/uploads\/2022\/04\/festivalstand-1024x576.jpg","contentUrl":"https:\/\/fairlsd.com\/wp-content\/uploads\/2022\/04\/festivalstand-1024x576.jpg"},{"@type":"BreadcrumbList","@id":"https:\/\/fairlsd.com\/festival-stand\/#breadcrumb","itemListElement":[{"@type":"ListItem","position":1,"name":"Home","item":"https:\/\/fairlsd.com\/"},{"@type":"ListItem","position":2,"name":"Festival Stand"}]},{"@type":"WebSite","@id":"https:\/\/fairlsd.com\/#website","url":"https:\/\/fairlsd.com\/","name":"FairLSD","description":"El verdadero proveedor de LSD justo","publisher":{"@id":"https:\/\/fairlsd.com\/#organization"},"alternateName":"Fair LSD","potentialAction":[{"@type":"SearchAction","target":{"@type":"EntryPoint","urlTemplate":"https:\/\/fairlsd.com\/?s={search_term_string}"},"query-input":{"@type":"PropertyValueSpecification","valueRequired":true,"valueName":"search_term_string"}}],"inLanguage":"es"},{"@type":"Organization","@id":"https:\/\/fairlsd.com\/#organization","name":"fairlsd","alternateName":"Fair LSD","url":"https:\/\/fairlsd.com\/","logo":{"@type":"ImageObject","inLanguage":"es","@id":"https:\/\/fairlsd.com\/#\/schema\/logo\/image\/","url":"https:\/\/fairlsd.com\/wp-content\/uploads\/2022\/01\/final2.png","contentUrl":"https:\/\/fairlsd.com\/wp-content\/uploads\/2022\/01\/final2.png","width":1284,"height":1314,"caption":"fairlsd"},"image":{"@id":"https:\/\/fairlsd.com\/#\/schema\/logo\/image\/"},"sameAs":["https:\/\/www.facebook.com\/fairlsd\/","https:\/\/www.instagram.com\/fair.lsd\/"]}]}},"_links":{"self":[{"href":"https:\/\/fairlsd.com\/es\/wp-json\/wp\/v2\/pages\/1423","targetHints":{"allow":["GET"]}}],"collection":[{"href":"https:\/\/fairlsd.com\/es\/wp-json\/wp\/v2\/pages"}],"about":[{"href":"https:\/\/fairlsd.com\/es\/wp-json\/wp\/v2\/types\/page"}],"author":[{"embeddable":true,"href":"https:\/\/fairlsd.com\/es\/wp-json\/wp\/v2\/users\/10"}],"replies":[{"embeddable":true,"href":"https:\/\/fairlsd.com\/es\/wp-json\/wp\/v2\/comments?post=1423"}],"version-history":[{"count":0,"href":"https:\/\/fairlsd.com\/es\/wp-json\/wp\/v2\/pages\/1423\/revisions"}],"wp:attachment":[{"href":"https:\/\/fairlsd.com\/es\/wp-json\/wp\/v2\/media?parent=1423"}],"curies":[{"name":"wp","href":"https:\/\/api.w.org\/{rel}","templated":true}]}}