{"id":1428,"date":"2022-04-06T18:45:04","date_gmt":"2022-04-06T17:45:04","guid":{"rendered":"https:\/\/fairlsd.com\/?page_id=1428"},"modified":"2024-10-08T09:28:01","modified_gmt":"2024-10-08T08:28:01","slug":"puertas-morphing","status":"publish","type":"page","link":"https:\/\/fairlsd.com\/es\/puertas-morphing\/","title":{"rendered":"Puertas morphing"},"content":{"rendered":"<div data-elementor-type=\"wp-page\" data-elementor-id=\"1428\" class=\"elementor elementor-1428\" data-elementor-post-type=\"page\">\n\t\t\t\t<div class=\"elementor-element elementor-element-0249364 e-flex e-con-boxed e-con e-parent\" data-id=\"0249364\" data-element_type=\"container\" data-e-type=\"container\" data-settings=\"{&quot;background_background&quot;:&quot;gradient&quot;,&quot;shape_divider_bottom&quot;:&quot;waves&quot;}\">\n\t\t\t\t\t<div class=\"e-con-inner\">\n\t\t\t\t<div class=\"elementor-shape elementor-shape-bottom\" aria-hidden=\"true\" data-negative=\"false\">\n\t\t\t<svg xmlns=\"http:\/\/www.w3.org\/2000\/svg\" viewbox=\"0 0 1000 100\" preserveaspectratio=\"none\">\n\t<path class=\"elementor-shape-fill\" d=\"M421.9,6.5c22.6-2.5,51.5,0.4,75.5,5.3c23.6,4.9,70.9,23.5,100.5,35.7c75.8,32.2,133.7,44.5,192.6,49.7\tc23.6,2.1,48.7,3.5,103.4-2.5c54.7-6,106.2-25.6,106.2-25.6V0H0v30.3c0,0,72,32.6,158.4,30.5c39.2-0.7,92.8-6.7,134-22.4\tc21.2-8.1,52.2-18.2,79.7-24.2C399.3,7.9,411.6,7.5,421.9,6.5z\"\/>\n<\/svg>\t\t<\/div>\n\t\t<div class=\"elementor-element elementor-element-af5f7ab e-con-full e-flex e-con e-child\" data-id=\"af5f7ab\" data-element_type=\"container\" data-e-type=\"container\">\n\t\t\t\t<div class=\"elementor-element elementor-element-b5fd243 elementor-widget elementor-widget-image\" data-id=\"b5fd243\" data-element_type=\"widget\" data-e-type=\"widget\" data-widget_type=\"image.default\">\n\t\t\t\t<div class=\"elementor-widget-container\">\n\t\t\t\t\t\t\t\t\t\t\t\t\t\t\t<img fetchpriority=\"high\" decoding=\"async\" width=\"1536\" height=\"583\" src=\"https:\/\/fairlsd.com\/wp-content\/uploads\/2022\/04\/277564533_105092308829357_6952333957948791439_n-1536x583.jpg\" class=\"attachment-1536x1536 size-1536x1536 wp-image-1412\" alt=\"\" srcset=\"https:\/\/fairlsd.com\/wp-content\/uploads\/2022\/04\/277564533_105092308829357_6952333957948791439_n-1536x583.jpg 1536w, https:\/\/fairlsd.com\/wp-content\/uploads\/2022\/04\/277564533_105092308829357_6952333957948791439_n-300x114.jpg 300w, https:\/\/fairlsd.com\/wp-content\/uploads\/2022\/04\/277564533_105092308829357_6952333957948791439_n-1024x389.jpg 1024w, https:\/\/fairlsd.com\/wp-content\/uploads\/2022\/04\/277564533_105092308829357_6952333957948791439_n-768x291.jpg 768w, https:\/\/fairlsd.com\/wp-content\/uploads\/2022\/04\/277564533_105092308829357_6952333957948791439_n-2048x777.jpg 2048w, https:\/\/fairlsd.com\/wp-content\/uploads\/2022\/04\/277564533_105092308829357_6952333957948791439_n-50x19.jpg 50w, https:\/\/fairlsd.com\/wp-content\/uploads\/2022\/04\/277564533_105092308829357_6952333957948791439_n-100x38.jpg 100w, https:\/\/fairlsd.com\/wp-content\/uploads\/2022\/04\/277564533_105092308829357_6952333957948791439_n-1320x501.jpg 1320w, https:\/\/fairlsd.com\/wp-content\/uploads\/2022\/04\/277564533_105092308829357_6952333957948791439_n-600x228.jpg 600w\" sizes=\"(max-width: 1536px) 100vw, 1536px\" \/>\t\t\t\t\t\t\t\t\t\t\t\t\t\t\t<\/div>\n\t\t\t\t<\/div>\n\t\t\t\t<div class=\"elementor-element elementor-element-c1ca1fb elementor-widget elementor-widget-heading\" data-id=\"c1ca1fb\" data-element_type=\"widget\" data-e-type=\"widget\" data-widget_type=\"heading.default\">\n\t\t\t\t<div class=\"elementor-widget-container\">\n\t\t\t\t\t<h2 class=\"elementor-heading-title elementor-size-default\">Morphing Doors (Evento de microdosificaci\u00f3n)<\/h2>\t\t\t\t<\/div>\n\t\t\t\t<\/div>\n\t\t\t\t<div class=\"elementor-element elementor-element-d4d35b4 elementor-widget elementor-widget-text-editor\" data-id=\"d4d35b4\" data-element_type=\"widget\" data-e-type=\"widget\" data-widget_type=\"text-editor.default\">\n\t\t\t\t<div class=\"elementor-widget-container\">\n\t\t\t\t\t\t\t\t\t<p><span style=\"font-weight: 400;\">Con la asociaci\u00f3n Morph organizamos fiestas de microdosificaci\u00f3n m\u00e1s peque\u00f1as, en las que proporcionamos a los invitados algunas microdosis de 1V-LSD incluidas en el precio en la puerta.<\/span><\/p>\n<p><span style=\"font-weight: 400;\">Con un ambiente adecuado, buena m\u00fasica y un equipo profesional de psiquiatr\u00eda, podemos crear una experiencia maravillosa para los invitados.<\/span><\/p>\n<p><span style=\"font-weight: 400;\">Gracias a esta sustancia, nuestra experiencia fue que todos los invitados entraron en una conexi\u00f3n m\u00e1s profunda con los dem\u00e1s y prestaron atenci\u00f3n a la difusi\u00f3n de la buena energ\u00eda entre todos los asistentes al acto.&nbsp;<\/span><\/p>\n<p>De experiencias pasadas, 10-20 mcg de 1V-LSD es suficiente para tener una experiencia adecuada en el interior. Para asegurarnos de que nadie sufre una sobredosis accidental, documentamos y supervisamos el nivel de consumo de nuestros invitados.<\/p>\n<p><\/p>\n<p><span style=\"font-weight: 400;\">A trav\u00e9s de m\u00fasicos cuidadosamente seleccionados, creamos un viaje en cada piso que lleva a todo el mundo en el flujo. Aqu\u00ed prestamos especial atenci\u00f3n a una mezcla opuesta y a la variedad, nuestras fiestas est\u00e1n dise\u00f1adas para reflejar la naturaleza de la dualidad: Ying &amp; Yang.&nbsp;<\/span><\/p>\n<p><span style=\"font-weight: 400;\">As\u00ed que una planta invita al \u00e9xtasis total. La m\u00fasica r\u00e1pida y psicod\u00e9lica de la zona Techno &amp; Goa crea un viaje salvaje y en\u00e9rgico.  La otra planta, con sus sonidos relajantes alimentados por el downtempo y el house mel\u00f3dico, crea una atm\u00f3sfera amorosa, en la que cada persona puede entregarse\/disolverse en los sonidos.<\/span><\/p>\n<p><\/p>\n<p><span style=\"font-weight: 400;\">\u00a1Todo esto est\u00e1 incluido en un hermoso espacio dise\u00f1ado que alberga a\u00fan m\u00e1s tesoros y peque\u00f1as cosas que s\u00f3lo esperan a ser exploradas!&nbsp;<\/span><span style=\"font-weight: 400;\"><br><\/span><span style=\"font-family: var( --e-global-typography-c86988a-font-family ), Sans-serif; font-size: var( --e-global-typography-c86988a-font-size ); letter-spacing: var( --e-global-typography-c86988a-letter-spacing ); word-spacing: var( --e-global-typography-c86988a-word-spacing );\"><br><\/span><\/p><p><span style=\"font-family: var( --e-global-typography-c86988a-font-family ), Sans-serif; font-size: var( --e-global-typography-c86988a-font-size ); letter-spacing: var( --e-global-typography-c86988a-letter-spacing ); word-spacing: var( --e-global-typography-c86988a-word-spacing );\">Este acto est\u00e1 patrocinado por Fairlsd.com<\/span><span style=\"font-weight: 400;\"><br><\/span><\/p>\n<p><\/p>\t\t\t\t\t\t\t\t<\/div>\n\t\t\t\t<\/div>\n\t\t\t\t<\/div>\n\t\t\t\t\t<\/div>\n\t\t\t\t<\/div>\n\t\t\t\t<\/div>","protected":false},"excerpt":{"rendered":"<p>Morphing Doors (Evento de Microdosificaci\u00f3n) Con la asociaci\u00f3n Morph organizamos fiestas de microdosificaci\u00f3n m\u00e1s peque\u00f1as, en las que proporcionamos a los invitados algunas microdosis de 1V-LSD incluidas en el precio en la puerta. A trav\u00e9s de un ambiente adecuado, buena m\u00fasica y un equipo profesional de psicoterapia, podemos crear una experiencia maravillosa para los invitados. Desencadenada por la sustancia, nuestra Experiencia [...]<\/p>","protected":false},"author":10,"featured_media":0,"parent":0,"menu_order":0,"comment_status":"closed","ping_status":"closed","template":"","meta":{"footnotes":""},"class_list":["post-1428","page","type-page","status-publish","hentry"],"yoast_head":"<!-- This site is optimized with the Yoast SEO plugin v25.9 - https:\/\/yoast.com\/wordpress\/plugins\/seo\/ -->\n<title>Morphing Doors - FairLSD<\/title>\n<meta name=\"robots\" content=\"index, follow, max-snippet:-1, max-image-preview:large, max-video-preview:-1\" \/>\n<link rel=\"canonical\" href=\"https:\/\/fairlsd.com\/es\/puertas-morphing\/\" \/>\n<meta property=\"og:locale\" content=\"es_ES\" \/>\n<meta property=\"og:type\" content=\"article\" \/>\n<meta property=\"og:title\" content=\"Morphing Doors - FairLSD\" \/>\n<meta property=\"og:description\" content=\"Morphing Doors (Microdosing Event) With the Morph association we organize smaller microdosing parties, where we provide the guests with some microdosing 1V-LSD included in the price at the door. Through a suitable ambience, good music and a professional psycare Team, we can create a wonderful experience for the guests. Triggered by the substance, our Experience [&hellip;]\" \/>\n<meta property=\"og:url\" content=\"https:\/\/fairlsd.com\/es\/puertas-morphing\/\" \/>\n<meta property=\"og:site_name\" content=\"FairLSD\" \/>\n<meta property=\"article:publisher\" content=\"https:\/\/www.facebook.com\/fairlsd\/\" \/>\n<meta property=\"article:modified_time\" content=\"2024-10-08T08:28:01+00:00\" \/>\n<meta property=\"og:image\" content=\"https:\/\/fairlsd.com\/wp-content\/uploads\/2022\/04\/277564533_105092308829357_6952333957948791439_n-1536x583.jpg\" \/>\n<meta name=\"twitter:card\" content=\"summary_large_image\" \/>\n<meta name=\"twitter:label1\" content=\"Est. reading time\" \/>\n\t<meta name=\"twitter:data1\" content=\"2 minutos\" \/>\n<script type=\"application\/ld+json\" class=\"yoast-schema-graph\">{\"@context\":\"https:\/\/schema.org\",\"@graph\":[{\"@type\":\"WebPage\",\"@id\":\"https:\/\/fairlsd.com\/morphing-doors\/\",\"url\":\"https:\/\/fairlsd.com\/morphing-doors\/\",\"name\":\"Morphing Doors - FairLSD\",\"isPartOf\":{\"@id\":\"https:\/\/fairlsd.com\/#website\"},\"primaryImageOfPage\":{\"@id\":\"https:\/\/fairlsd.com\/morphing-doors\/#primaryimage\"},\"image\":{\"@id\":\"https:\/\/fairlsd.com\/morphing-doors\/#primaryimage\"},\"thumbnailUrl\":\"https:\/\/fairlsd.com\/wp-content\/uploads\/2022\/04\/277564533_105092308829357_6952333957948791439_n-1536x583.jpg\",\"datePublished\":\"2022-04-06T17:45:04+00:00\",\"dateModified\":\"2024-10-08T08:28:01+00:00\",\"breadcrumb\":{\"@id\":\"https:\/\/fairlsd.com\/morphing-doors\/#breadcrumb\"},\"inLanguage\":\"es\",\"potentialAction\":[{\"@type\":\"ReadAction\",\"target\":[\"https:\/\/fairlsd.com\/morphing-doors\/\"]}]},{\"@type\":\"ImageObject\",\"inLanguage\":\"es\",\"@id\":\"https:\/\/fairlsd.com\/morphing-doors\/#primaryimage\",\"url\":\"https:\/\/fairlsd.com\/wp-content\/uploads\/2022\/04\/277564533_105092308829357_6952333957948791439_n-1536x583.jpg\",\"contentUrl\":\"https:\/\/fairlsd.com\/wp-content\/uploads\/2022\/04\/277564533_105092308829357_6952333957948791439_n-1536x583.jpg\"},{\"@type\":\"BreadcrumbList\",\"@id\":\"https:\/\/fairlsd.com\/morphing-doors\/#breadcrumb\",\"itemListElement\":[{\"@type\":\"ListItem\",\"position\":1,\"name\":\"Home\",\"item\":\"https:\/\/fairlsd.com\/\"},{\"@type\":\"ListItem\",\"position\":2,\"name\":\"Morphing Doors\"}]},{\"@type\":\"WebSite\",\"@id\":\"https:\/\/fairlsd.com\/#website\",\"url\":\"https:\/\/fairlsd.com\/\",\"name\":\"FairLSD\",\"description\":\"The true Supplier for Fair LSD\",\"publisher\":{\"@id\":\"https:\/\/fairlsd.com\/#organization\"},\"alternateName\":\"Fair LSD\",\"potentialAction\":[{\"@type\":\"SearchAction\",\"target\":{\"@type\":\"EntryPoint\",\"urlTemplate\":\"https:\/\/fairlsd.com\/?s={search_term_string}\"},\"query-input\":{\"@type\":\"PropertyValueSpecification\",\"valueRequired\":true,\"valueName\":\"search_term_string\"}}],\"inLanguage\":\"es\"},{\"@type\":\"Organization\",\"@id\":\"https:\/\/fairlsd.com\/#organization\",\"name\":\"fairlsd\",\"alternateName\":\"Fair LSD\",\"url\":\"https:\/\/fairlsd.com\/\",\"logo\":{\"@type\":\"ImageObject\",\"inLanguage\":\"es\",\"@id\":\"https:\/\/fairlsd.com\/#\/schema\/logo\/image\/\",\"url\":\"https:\/\/fairlsd.com\/wp-content\/uploads\/2022\/01\/final2.png\",\"contentUrl\":\"https:\/\/fairlsd.com\/wp-content\/uploads\/2022\/01\/final2.png\",\"width\":1284,\"height\":1314,\"caption\":\"fairlsd\"},\"image\":{\"@id\":\"https:\/\/fairlsd.com\/#\/schema\/logo\/image\/\"},\"sameAs\":[\"https:\/\/www.facebook.com\/fairlsd\/\",\"https:\/\/www.instagram.com\/fair.lsd\/\"]}]}<\/script>\n<!-- \/ Yoast SEO plugin. -->","yoast_head_json":{"title":"Puertas morphing - FairLSD","robots":{"index":"index","follow":"follow","max-snippet":"max-snippet:-1","max-image-preview":"max-image-preview:large","max-video-preview":"max-video-preview:-1"},"canonical":"https:\/\/fairlsd.com\/es\/puertas-morphing\/","og_locale":"es_ES","og_type":"article","og_title":"Morphing Doors - FairLSD","og_description":"Morphing Doors (Microdosing Event) With the Morph association we organize smaller microdosing parties, where we provide the guests with some microdosing 1V-LSD included in the price at the door. Through a suitable ambience, good music and a professional psycare Team, we can create a wonderful experience for the guests. Triggered by the substance, our Experience [&hellip;]","og_url":"https:\/\/fairlsd.com\/es\/puertas-morphing\/","og_site_name":"FairLSD","article_publisher":"https:\/\/www.facebook.com\/fairlsd\/","article_modified_time":"2024-10-08T08:28:01+00:00","og_image":[{"url":"https:\/\/fairlsd.com\/wp-content\/uploads\/2022\/04\/277564533_105092308829357_6952333957948791439_n-1536x583.jpg","type":"","width":"","height":""}],"twitter_card":"summary_large_image","twitter_misc":{"Est. reading time":"2 minutos"},"schema":{"@context":"https:\/\/schema.org","@graph":[{"@type":"WebPage","@id":"https:\/\/fairlsd.com\/morphing-doors\/","url":"https:\/\/fairlsd.com\/morphing-doors\/","name":"Puertas morphing - FairLSD","isPartOf":{"@id":"https:\/\/fairlsd.com\/#website"},"primaryImageOfPage":{"@id":"https:\/\/fairlsd.com\/morphing-doors\/#primaryimage"},"image":{"@id":"https:\/\/fairlsd.com\/morphing-doors\/#primaryimage"},"thumbnailUrl":"https:\/\/fairlsd.com\/wp-content\/uploads\/2022\/04\/277564533_105092308829357_6952333957948791439_n-1536x583.jpg","datePublished":"2022-04-06T17:45:04+00:00","dateModified":"2024-10-08T08:28:01+00:00","breadcrumb":{"@id":"https:\/\/fairlsd.com\/morphing-doors\/#breadcrumb"},"inLanguage":"es","potentialAction":[{"@type":"ReadAction","target":["https:\/\/fairlsd.com\/morphing-doors\/"]}]},{"@type":"ImageObject","inLanguage":"es","@id":"https:\/\/fairlsd.com\/morphing-doors\/#primaryimage","url":"https:\/\/fairlsd.com\/wp-content\/uploads\/2022\/04\/277564533_105092308829357_6952333957948791439_n-1536x583.jpg","contentUrl":"https:\/\/fairlsd.com\/wp-content\/uploads\/2022\/04\/277564533_105092308829357_6952333957948791439_n-1536x583.jpg"},{"@type":"BreadcrumbList","@id":"https:\/\/fairlsd.com\/morphing-doors\/#breadcrumb","itemListElement":[{"@type":"ListItem","position":1,"name":"Home","item":"https:\/\/fairlsd.com\/"},{"@type":"ListItem","position":2,"name":"Morphing Doors"}]},{"@type":"WebSite","@id":"https:\/\/fairlsd.com\/#website","url":"https:\/\/fairlsd.com\/","name":"FairLSD","description":"El verdadero proveedor de LSD justo","publisher":{"@id":"https:\/\/fairlsd.com\/#organization"},"alternateName":"Fair LSD","potentialAction":[{"@type":"SearchAction","target":{"@type":"EntryPoint","urlTemplate":"https:\/\/fairlsd.com\/?s={search_term_string}"},"query-input":{"@type":"PropertyValueSpecification","valueRequired":true,"valueName":"search_term_string"}}],"inLanguage":"es"},{"@type":"Organization","@id":"https:\/\/fairlsd.com\/#organization","name":"fairlsd","alternateName":"Fair LSD","url":"https:\/\/fairlsd.com\/","logo":{"@type":"ImageObject","inLanguage":"es","@id":"https:\/\/fairlsd.com\/#\/schema\/logo\/image\/","url":"https:\/\/fairlsd.com\/wp-content\/uploads\/2022\/01\/final2.png","contentUrl":"https:\/\/fairlsd.com\/wp-content\/uploads\/2022\/01\/final2.png","width":1284,"height":1314,"caption":"fairlsd"},"image":{"@id":"https:\/\/fairlsd.com\/#\/schema\/logo\/image\/"},"sameAs":["https:\/\/www.facebook.com\/fairlsd\/","https:\/\/www.instagram.com\/fair.lsd\/"]}]}},"_links":{"self":[{"href":"https:\/\/fairlsd.com\/es\/wp-json\/wp\/v2\/pages\/1428","targetHints":{"allow":["GET"]}}],"collection":[{"href":"https:\/\/fairlsd.com\/es\/wp-json\/wp\/v2\/pages"}],"about":[{"href":"https:\/\/fairlsd.com\/es\/wp-json\/wp\/v2\/types\/page"}],"author":[{"embeddable":true,"href":"https:\/\/fairlsd.com\/es\/wp-json\/wp\/v2\/users\/10"}],"replies":[{"embeddable":true,"href":"https:\/\/fairlsd.com\/es\/wp-json\/wp\/v2\/comments?post=1428"}],"version-history":[{"count":0,"href":"https:\/\/fairlsd.com\/es\/wp-json\/wp\/v2\/pages\/1428\/revisions"}],"wp:attachment":[{"href":"https:\/\/fairlsd.com\/es\/wp-json\/wp\/v2\/media?parent=1428"}],"curies":[{"name":"wp","href":"https:\/\/api.w.org\/{rel}","templated":true}]}}