{"id":304,"date":"2022-01-31T05:01:11","date_gmt":"2022-01-31T05:01:11","guid":{"rendered":"http:\/\/fairlsd.local\/?page_id=304"},"modified":"2025-04-08T14:52:24","modified_gmt":"2025-04-08T13:52:24","slug":"impressum","status":"publish","type":"page","link":"https:\/\/fairlsd.com\/es\/impressum\/","title":{"rendered":"Impresionante"},"content":{"rendered":"<div data-elementor-type=\"wp-page\" data-elementor-id=\"304\" class=\"elementor elementor-304\" data-elementor-post-type=\"page\">\n\t\t\t\t<div class=\"elementor-element elementor-element-e15cb2c e-flex e-con-boxed e-con e-parent\" data-id=\"e15cb2c\" data-element_type=\"container\" data-e-type=\"container\" data-settings=\"{&quot;shape_divider_bottom&quot;:&quot;waves&quot;,&quot;background_background&quot;:&quot;classic&quot;}\">\n\t\t\t\t\t<div class=\"e-con-inner\">\n\t\t\t\t<div class=\"elementor-shape elementor-shape-bottom\" aria-hidden=\"true\" data-negative=\"false\">\n\t\t\t<svg xmlns=\"http:\/\/www.w3.org\/2000\/svg\" viewbox=\"0 0 1000 100\" preserveaspectratio=\"none\">\n\t<path class=\"elementor-shape-fill\" d=\"M421.9,6.5c22.6-2.5,51.5,0.4,75.5,5.3c23.6,4.9,70.9,23.5,100.5,35.7c75.8,32.2,133.7,44.5,192.6,49.7\tc23.6,2.1,48.7,3.5,103.4-2.5c54.7-6,106.2-25.6,106.2-25.6V0H0v30.3c0,0,72,32.6,158.4,30.5c39.2-0.7,92.8-6.7,134-22.4\tc21.2-8.1,52.2-18.2,79.7-24.2C399.3,7.9,411.6,7.5,421.9,6.5z\"\/>\n<\/svg>\t\t<\/div>\n\t\t<div class=\"elementor-element elementor-element-5873168 e-con-full e-flex e-con e-child\" data-id=\"5873168\" data-element_type=\"container\" data-e-type=\"container\">\n\t\t\t\t<div class=\"elementor-element elementor-element-537dcdd elementor-widget elementor-widget-heading\" data-id=\"537dcdd\" data-element_type=\"widget\" data-e-type=\"widget\" data-widget_type=\"heading.default\">\n\t\t\t\t<div class=\"elementor-widget-container\">\n\t\t\t\t\t<h2 class=\"elementor-heading-title elementor-size-default\">Impresionante<\/h2>\t\t\t\t<\/div>\n\t\t\t\t<\/div>\n\t\t\t\t<div class=\"elementor-element elementor-element-44c8b09 elementor-widget elementor-widget-text-editor\" data-id=\"44c8b09\" data-element_type=\"widget\" data-e-type=\"widget\" data-widget_type=\"text-editor.default\">\n\t\t\t\t<div class=\"elementor-widget-container\">\n\t\t\t\t\t\t\t\t\t<p><span style=\"color: var( --e-global-color-text ); font-size: 1rem;\">\u00a0<\/span><\/p><p><span style=\"color: var( --e-global-color-text ); font-size: 1rem;\">FairLSD se gestiona a trav\u00e9s de FairLSD<\/span><\/p><p><span style=\"font-weight: var( --e-global-typography-text-font-weight ); font-size: 1rem;\">FairLSD<\/span><\/p><p><span style=\"font-weight: var( --e-global-typography-text-font-weight ); font-size: 1rem;\">M\u00fchlenstr. 8a<\/span><\/p><p>14167 Berl\u00edn<\/p><p>Gesch\u00e4ftsf\u00fchrung: Josef Krug<\/p><p><span style=\"color: var( --e-global-color-text ); font-size: 1rem;\">E-Mailadresse: \u00a0hello@fairlsd.com<\/span><\/p><p>Registergericht &amp; Registernummer: Amtsgericht Charlottenburg: HRB 236983 B<\/p><p>Umsatzsteuer-Identifikationsnummer: DE350026498<\/p><p><span style=\"color: var( --e-global-color-text ); font-size: 1rem;\">Inhaltlich verantwortlich: FairLSD\u00a0<\/span><\/p><p><span style=\"color: var( --e-global-color-text ); font-size: 1rem;\">\u00a0<\/span><\/p><p><span style=\"color: var( --e-global-color-text ); font-size: 1rem;\">Plattform der Europ\u00e4ischen Kommission zur Online-Streitbeilegung (OS) f\u00fcr Verbraucher:\u00a0<\/span><\/p><p><a style=\"font-size: 1rem;\" href=\"https:\/\/ec.europa.eu\/consumers\/odr\/\" target=\"_blank\" rel=\"noopener\">https:\/\/ec.europa.eu\/consumers\/odr\/<\/a><span style=\"color: var( --e-global-color-text ); font-size: 1rem;\">\u00a0\u00a0<\/span><\/p><p><span style=\"color: var( --e-global-color-text ); font-size: 1rem;\">Wir sind nicht bereit und nicht verpflichtet an einem Streitbeilegungsverfahren vor einer Verbraucherschlichtungsstelle teilzunehmen.<\/span><\/p>\t\t\t\t\t\t\t\t<\/div>\n\t\t\t\t<\/div>\n\t\t\t\t<\/div>\n\t\t\t\t\t<\/div>\n\t\t\t\t<\/div>\n\t\t\t\t<\/div>","protected":false},"excerpt":{"rendered":"<p>Impressum \u00a0 FairLSD wird vertreten durch die FairLSD FairLSD M\u00fchlenstr. 8a 14167 Berlin Gesch\u00e4ftsf\u00fchrung: Josef Krug E-Mailadresse: \u00a0hello@fairlsd.com Registergericht &amp; Registernummer: Amtsgericht Charlottenburg: HRB 236983 B Umsatzsteuer-Identifikationsnummer: DE350026498 Inhaltlich verantwortlich: FairLSD\u00a0 \u00a0 Plattform der Europ\u00e4ischen Kommission zur Online-Streitbeilegung (OS) f\u00fcr Verbraucher:\u00a0 https:\/\/ec.europa.eu\/consumers\/odr\/\u00a0\u00a0 Wir sind nicht bereit und nicht verpflichtet an einem Streitbeilegungsverfahren vor einer Verbraucherschlichtungsstelle [&hellip;]<\/p>","protected":false},"author":10,"featured_media":0,"parent":0,"menu_order":0,"comment_status":"closed","ping_status":"closed","template":"","meta":{"footnotes":""},"class_list":["post-304","page","type-page","status-publish","hentry"],"yoast_head":"<!-- This site is optimized with the Yoast SEO plugin v25.9 - https:\/\/yoast.com\/wordpress\/plugins\/seo\/ -->\n<title>Impressum - FairLSD<\/title>\n<meta name=\"robots\" content=\"index, follow, max-snippet:-1, max-image-preview:large, max-video-preview:-1\" \/>\n<link rel=\"canonical\" href=\"https:\/\/fairlsd.com\/es\/impressum\/\" \/>\n<meta property=\"og:locale\" content=\"es_ES\" \/>\n<meta property=\"og:type\" content=\"article\" \/>\n<meta property=\"og:title\" content=\"Impressum - FairLSD\" \/>\n<meta property=\"og:description\" content=\"Impressum \u00a0 FairLSD wird vertreten durch die FairLSD FairLSD M\u00fchlenstr. 8a 14167 Berlin Gesch\u00e4ftsf\u00fchrung: Josef Krug E-Mailadresse: \u00a0hello@fairlsd.com Registergericht &amp; Registernummer: Amtsgericht Charlottenburg: HRB 236983 B Umsatzsteuer-Identifikationsnummer: DE350026498 Inhaltlich verantwortlich: FairLSD\u00a0 \u00a0 Plattform der Europ\u00e4ischen Kommission zur Online-Streitbeilegung (OS) f\u00fcr Verbraucher:\u00a0 https:\/\/ec.europa.eu\/consumers\/odr\/\u00a0\u00a0 Wir sind nicht bereit und nicht verpflichtet an einem Streitbeilegungsverfahren vor einer Verbraucherschlichtungsstelle [&hellip;]\" \/>\n<meta property=\"og:url\" content=\"https:\/\/fairlsd.com\/es\/impressum\/\" \/>\n<meta property=\"og:site_name\" content=\"FairLSD\" \/>\n<meta property=\"article:publisher\" content=\"https:\/\/www.facebook.com\/fairlsd\/\" \/>\n<meta property=\"article:modified_time\" content=\"2025-04-08T13:52:24+00:00\" \/>\n<meta property=\"og:image\" content=\"https:\/\/fairlsd.com\/wp-content\/uploads\/2022\/01\/final.png\" \/>\n\t<meta property=\"og:image:width\" content=\"308\" \/>\n\t<meta property=\"og:image:height\" content=\"316\" \/>\n\t<meta property=\"og:image:type\" content=\"image\/png\" \/>\n<meta name=\"twitter:card\" content=\"summary_large_image\" \/>\n<meta name=\"twitter:label1\" content=\"Est. reading time\" \/>\n\t<meta name=\"twitter:data1\" content=\"1 minuto\" \/>\n<script type=\"application\/ld+json\" class=\"yoast-schema-graph\">{\"@context\":\"https:\/\/schema.org\",\"@graph\":[{\"@type\":\"WebPage\",\"@id\":\"https:\/\/fairlsd.com\/impressum\/\",\"url\":\"https:\/\/fairlsd.com\/impressum\/\",\"name\":\"Impressum - FairLSD\",\"isPartOf\":{\"@id\":\"https:\/\/fairlsd.com\/#website\"},\"datePublished\":\"2022-01-31T05:01:11+00:00\",\"dateModified\":\"2025-04-08T13:52:24+00:00\",\"breadcrumb\":{\"@id\":\"https:\/\/fairlsd.com\/impressum\/#breadcrumb\"},\"inLanguage\":\"es\",\"potentialAction\":[{\"@type\":\"ReadAction\",\"target\":[\"https:\/\/fairlsd.com\/impressum\/\"]}]},{\"@type\":\"BreadcrumbList\",\"@id\":\"https:\/\/fairlsd.com\/impressum\/#breadcrumb\",\"itemListElement\":[{\"@type\":\"ListItem\",\"position\":1,\"name\":\"Home\",\"item\":\"https:\/\/fairlsd.com\/\"},{\"@type\":\"ListItem\",\"position\":2,\"name\":\"Impressum\"}]},{\"@type\":\"WebSite\",\"@id\":\"https:\/\/fairlsd.com\/#website\",\"url\":\"https:\/\/fairlsd.com\/\",\"name\":\"FairLSD\",\"description\":\"The true Supplier for Fair LSD\",\"publisher\":{\"@id\":\"https:\/\/fairlsd.com\/#organization\"},\"alternateName\":\"Fair LSD\",\"potentialAction\":[{\"@type\":\"SearchAction\",\"target\":{\"@type\":\"EntryPoint\",\"urlTemplate\":\"https:\/\/fairlsd.com\/?s={search_term_string}\"},\"query-input\":{\"@type\":\"PropertyValueSpecification\",\"valueRequired\":true,\"valueName\":\"search_term_string\"}}],\"inLanguage\":\"es\"},{\"@type\":\"Organization\",\"@id\":\"https:\/\/fairlsd.com\/#organization\",\"name\":\"fairlsd\",\"alternateName\":\"Fair LSD\",\"url\":\"https:\/\/fairlsd.com\/\",\"logo\":{\"@type\":\"ImageObject\",\"inLanguage\":\"es\",\"@id\":\"https:\/\/fairlsd.com\/#\/schema\/logo\/image\/\",\"url\":\"https:\/\/fairlsd.com\/wp-content\/uploads\/2022\/01\/final2.png\",\"contentUrl\":\"https:\/\/fairlsd.com\/wp-content\/uploads\/2022\/01\/final2.png\",\"width\":1284,\"height\":1314,\"caption\":\"fairlsd\"},\"image\":{\"@id\":\"https:\/\/fairlsd.com\/#\/schema\/logo\/image\/\"},\"sameAs\":[\"https:\/\/www.facebook.com\/fairlsd\/\",\"https:\/\/www.instagram.com\/fair.lsd\/\"]}]}<\/script>\n<!-- \/ Yoast SEO plugin. -->","yoast_head_json":{"title":"Impressum - FairLSD","robots":{"index":"index","follow":"follow","max-snippet":"max-snippet:-1","max-image-preview":"max-image-preview:large","max-video-preview":"max-video-preview:-1"},"canonical":"https:\/\/fairlsd.com\/es\/impressum\/","og_locale":"es_ES","og_type":"article","og_title":"Impressum - FairLSD","og_description":"Impressum \u00a0 FairLSD wird vertreten durch die FairLSD FairLSD M\u00fchlenstr. 8a 14167 Berlin Gesch\u00e4ftsf\u00fchrung: Josef Krug E-Mailadresse: \u00a0hello@fairlsd.com Registergericht &amp; Registernummer: Amtsgericht Charlottenburg: HRB 236983 B Umsatzsteuer-Identifikationsnummer: DE350026498 Inhaltlich verantwortlich: FairLSD\u00a0 \u00a0 Plattform der Europ\u00e4ischen Kommission zur Online-Streitbeilegung (OS) f\u00fcr Verbraucher:\u00a0 https:\/\/ec.europa.eu\/consumers\/odr\/\u00a0\u00a0 Wir sind nicht bereit und nicht verpflichtet an einem Streitbeilegungsverfahren vor einer Verbraucherschlichtungsstelle [&hellip;]","og_url":"https:\/\/fairlsd.com\/es\/impressum\/","og_site_name":"FairLSD","article_publisher":"https:\/\/www.facebook.com\/fairlsd\/","article_modified_time":"2025-04-08T13:52:24+00:00","og_image":[{"width":308,"height":316,"url":"https:\/\/fairlsd.com\/wp-content\/uploads\/2022\/01\/final.png","type":"image\/png"}],"twitter_card":"summary_large_image","twitter_misc":{"Est. reading time":"1 minuto"},"schema":{"@context":"https:\/\/schema.org","@graph":[{"@type":"WebPage","@id":"https:\/\/fairlsd.com\/impressum\/","url":"https:\/\/fairlsd.com\/impressum\/","name":"Impressum - FairLSD","isPartOf":{"@id":"https:\/\/fairlsd.com\/#website"},"datePublished":"2022-01-31T05:01:11+00:00","dateModified":"2025-04-08T13:52:24+00:00","breadcrumb":{"@id":"https:\/\/fairlsd.com\/impressum\/#breadcrumb"},"inLanguage":"es","potentialAction":[{"@type":"ReadAction","target":["https:\/\/fairlsd.com\/impressum\/"]}]},{"@type":"BreadcrumbList","@id":"https:\/\/fairlsd.com\/impressum\/#breadcrumb","itemListElement":[{"@type":"ListItem","position":1,"name":"Home","item":"https:\/\/fairlsd.com\/"},{"@type":"ListItem","position":2,"name":"Impressum"}]},{"@type":"WebSite","@id":"https:\/\/fairlsd.com\/#website","url":"https:\/\/fairlsd.com\/","name":"FairLSD","description":"El verdadero proveedor de LSD justo","publisher":{"@id":"https:\/\/fairlsd.com\/#organization"},"alternateName":"Fair LSD","potentialAction":[{"@type":"SearchAction","target":{"@type":"EntryPoint","urlTemplate":"https:\/\/fairlsd.com\/?s={search_term_string}"},"query-input":{"@type":"PropertyValueSpecification","valueRequired":true,"valueName":"search_term_string"}}],"inLanguage":"es"},{"@type":"Organization","@id":"https:\/\/fairlsd.com\/#organization","name":"fairlsd","alternateName":"Fair LSD","url":"https:\/\/fairlsd.com\/","logo":{"@type":"ImageObject","inLanguage":"es","@id":"https:\/\/fairlsd.com\/#\/schema\/logo\/image\/","url":"https:\/\/fairlsd.com\/wp-content\/uploads\/2022\/01\/final2.png","contentUrl":"https:\/\/fairlsd.com\/wp-content\/uploads\/2022\/01\/final2.png","width":1284,"height":1314,"caption":"fairlsd"},"image":{"@id":"https:\/\/fairlsd.com\/#\/schema\/logo\/image\/"},"sameAs":["https:\/\/www.facebook.com\/fairlsd\/","https:\/\/www.instagram.com\/fair.lsd\/"]}]}},"_links":{"self":[{"href":"https:\/\/fairlsd.com\/es\/wp-json\/wp\/v2\/pages\/304","targetHints":{"allow":["GET"]}}],"collection":[{"href":"https:\/\/fairlsd.com\/es\/wp-json\/wp\/v2\/pages"}],"about":[{"href":"https:\/\/fairlsd.com\/es\/wp-json\/wp\/v2\/types\/page"}],"author":[{"embeddable":true,"href":"https:\/\/fairlsd.com\/es\/wp-json\/wp\/v2\/users\/10"}],"replies":[{"embeddable":true,"href":"https:\/\/fairlsd.com\/es\/wp-json\/wp\/v2\/comments?post=304"}],"version-history":[{"count":0,"href":"https:\/\/fairlsd.com\/es\/wp-json\/wp\/v2\/pages\/304\/revisions"}],"wp:attachment":[{"href":"https:\/\/fairlsd.com\/es\/wp-json\/wp\/v2\/media?parent=304"}],"curies":[{"name":"wp","href":"https:\/\/api.w.org\/{rel}","templated":true}]}}