{"id":4898,"date":"2023-06-22T18:20:22","date_gmt":"2023-06-22T17:20:22","guid":{"rendered":"https:\/\/fairlsd.com\/?page_id=4898"},"modified":"2023-06-22T20:37:14","modified_gmt":"2023-06-22T19:37:14","slug":"blog","status":"publish","type":"page","link":"https:\/\/fairlsd.com\/es\/blog\/","title":{"rendered":"Blog"},"content":{"rendered":"<div data-elementor-type=\"wp-page\" data-elementor-id=\"4898\" class=\"elementor elementor-4898\" data-elementor-post-type=\"page\">\n\t\t\t\t\t\t<section class=\"elementor-section elementor-top-section elementor-element elementor-element-c841c03 elementor-section-boxed elementor-section-height-default elementor-section-height-default\" data-id=\"c841c03\" data-element_type=\"section\" data-e-type=\"section\" data-settings=\"{&quot;background_background&quot;:&quot;gradient&quot;,&quot;shape_divider_bottom&quot;:&quot;waves&quot;}\">\n\t\t\t\t\t<div class=\"elementor-shape elementor-shape-bottom\" aria-hidden=\"true\" data-negative=\"false\">\n\t\t\t<svg xmlns=\"http:\/\/www.w3.org\/2000\/svg\" viewbox=\"0 0 1000 100\" preserveaspectratio=\"none\">\n\t<path class=\"elementor-shape-fill\" d=\"M421.9,6.5c22.6-2.5,51.5,0.4,75.5,5.3c23.6,4.9,70.9,23.5,100.5,35.7c75.8,32.2,133.7,44.5,192.6,49.7\tc23.6,2.1,48.7,3.5,103.4-2.5c54.7-6,106.2-25.6,106.2-25.6V0H0v30.3c0,0,72,32.6,158.4,30.5c39.2-0.7,92.8-6.7,134-22.4\tc21.2-8.1,52.2-18.2,79.7-24.2C399.3,7.9,411.6,7.5,421.9,6.5z\"\/>\n<\/svg>\t\t<\/div>\n\t\t\t\t\t<div class=\"elementor-container elementor-column-gap-default\">\n\t\t\t\t\t<div class=\"elementor-column elementor-col-100 elementor-top-column elementor-element elementor-element-c989935\" data-id=\"c989935\" data-element_type=\"column\" data-e-type=\"column\">\n\t\t\t<div class=\"elementor-widget-wrap elementor-element-populated\">\n\t\t\t\t\t\t<div class=\"elementor-element elementor-element-80cf826 elementor-widget elementor-widget-heading\" data-id=\"80cf826\" data-element_type=\"widget\" data-e-type=\"widget\" data-widget_type=\"heading.default\">\n\t\t\t\t<div class=\"elementor-widget-container\">\n\t\t\t\t\t<h2 class=\"elementor-heading-title elementor-size-default\">Explora la frontera psicod\u00e9lica: Sum\u00e9rgete en nuestro esclarecedor blog<\/h2>\t\t\t\t<\/div>\n\t\t\t\t<\/div>\n\t\t\t\t<div class=\"elementor-element elementor-element-317aebe elementor-grid-3 elementor-grid-tablet-2 elementor-grid-mobile-1 elementor-posts--thumbnail-top elementor-widget elementor-widget-posts\" data-id=\"317aebe\" data-element_type=\"widget\" data-e-type=\"widget\" data-settings=\"{&quot;classic_columns&quot;:&quot;3&quot;,&quot;classic_columns_tablet&quot;:&quot;2&quot;,&quot;classic_columns_mobile&quot;:&quot;1&quot;,&quot;classic_row_gap&quot;:{&quot;unit&quot;:&quot;px&quot;,&quot;size&quot;:35,&quot;sizes&quot;:[]},&quot;classic_row_gap_tablet&quot;:{&quot;unit&quot;:&quot;px&quot;,&quot;size&quot;:&quot;&quot;,&quot;sizes&quot;:[]},&quot;classic_row_gap_mobile&quot;:{&quot;unit&quot;:&quot;px&quot;,&quot;size&quot;:&quot;&quot;,&quot;sizes&quot;:[]}}\" data-widget_type=\"posts.classic\">\n\t\t\t\t<div class=\"elementor-widget-container\">\n\t\t\t\t\t\t\t<div class=\"elementor-posts-container elementor-posts elementor-posts--skin-classic elementor-grid\">\n\t\t\t\t<article class=\"elementor-post elementor-grid-item post-11314 post type-post status-publish format-standard has-post-thumbnail hentry category-uncategorized\">\n\t\t\t\t<a class=\"elementor-post__thumbnail__link\" href=\"https:\/\/fairlsd.com\/es\/the-compound-nobody-talks-about\/\" tabindex=\"-1\" >\n\t\t\t<div class=\"elementor-post__thumbnail\"><img fetchpriority=\"high\" decoding=\"async\" width=\"300\" height=\"224\" src=\"https:\/\/fairlsd.com\/wp-content\/uploads\/2026\/04\/aaaaaaaaaaaaaaa-300x224.png\" class=\"attachment-medium size-medium wp-image-11320\" alt=\"\" srcset=\"https:\/\/fairlsd.com\/wp-content\/uploads\/2026\/04\/aaaaaaaaaaaaaaa-300x224.png 300w, https:\/\/fairlsd.com\/wp-content\/uploads\/2026\/04\/aaaaaaaaaaaaaaa-1024x765.png 1024w, https:\/\/fairlsd.com\/wp-content\/uploads\/2026\/04\/aaaaaaaaaaaaaaa-768x573.png 768w, https:\/\/fairlsd.com\/wp-content\/uploads\/2026\/04\/aaaaaaaaaaaaaaa-1536x1147.png 1536w, https:\/\/fairlsd.com\/wp-content\/uploads\/2026\/04\/aaaaaaaaaaaaaaa-16x12.png 16w, https:\/\/fairlsd.com\/wp-content\/uploads\/2026\/04\/aaaaaaaaaaaaaaa-600x448.png 600w, https:\/\/fairlsd.com\/wp-content\/uploads\/2026\/04\/aaaaaaaaaaaaaaa.png 1902w\" sizes=\"(max-width: 300px) 100vw, 300px\" \/><\/div>\n\t\t<\/a>\n\t\t\t\t<div class=\"elementor-post__text\">\n\t\t\t\t<h3 class=\"elementor-post__title\">\n\t\t\t<a href=\"https:\/\/fairlsd.com\/es\/the-compound-nobody-talks-about\/\" >\n\t\t\t\tThe Compound Nobody Talks About\t\t\t<\/a>\n\t\t<\/h3>\n\t\t\t\t<div class=\"elementor-post__meta-data\">\n\t\t\t\t\t<span class=\"elementor-post-date\">\n\t\t\tabril 7, 2026\t\t<\/span>\n\t\t\t\t<span class=\"elementor-post-avatar\">\n\t\t\tNo hay comentarios\t\t<\/span>\n\t\t\t\t<\/div>\n\t\t\t\t<div class=\"elementor-post__excerpt\">\n\t\t\t<p>The Compound Nobody Talks About \u2014 FairLSD Everyone knows 2C-B. It&#8217;s the reference point. The one that shows up in every conversation about the 2C<\/p>\n\t\t<\/div>\n\t\t\n\t\t<a class=\"elementor-post__read-more\" href=\"https:\/\/fairlsd.com\/es\/the-compound-nobody-talks-about\/\" aria-label=\"M\u00e1s informaci\u00f3n sobre The Compound Nobody Talks About\" tabindex=\"-1\" >\n\t\t\tLeer M\u00e1s \"\t\t<\/a>\n\n\t\t\t\t<\/div>\n\t\t\t\t<\/article>\n\t\t\t\t<article class=\"elementor-post elementor-grid-item post-11177 post type-post status-publish format-standard hentry category-uncategorized\">\n\t\t\t\t<div class=\"elementor-post__text\">\n\t\t\t\t<h3 class=\"elementor-post__title\">\n\t\t\t<a href=\"https:\/\/fairlsd.com\/es\/pellets-vs-blotters-warum-pellets-starker-wirken\/\" >\n\t\t\t\tPellets vs. Blotters \u2013 Warum Pellets st\u00e4rker wirken\t\t\t<\/a>\n\t\t<\/h3>\n\t\t\t\t<div class=\"elementor-post__meta-data\">\n\t\t\t\t\t<span class=\"elementor-post-date\">\n\t\t\tmarzo 16, 2026\t\t<\/span>\n\t\t\t\t<span class=\"elementor-post-avatar\">\n\t\t\tNo hay comentarios\t\t<\/span>\n\t\t\t\t<\/div>\n\t\t\t\t<div class=\"elementor-post__excerpt\">\n\t\t\t<p>In der Welt bestimmter chemischer Substanzen und ihrer Applikationsformen spielt nicht nur das Molek\u00fcl selbst eine Rolle, sondern auch die Matrix, an die es gebunden<\/p>\n\t\t<\/div>\n\t\t\n\t\t<a class=\"elementor-post__read-more\" href=\"https:\/\/fairlsd.com\/es\/pellets-vs-blotters-warum-pellets-starker-wirken\/\" aria-label=\"M\u00e1s informaci\u00f3n sobre Pellets vs. Blotters \u2013 Warum Pellets st\u00e4rker wirken\" tabindex=\"-1\" >\n\t\t\tLeer M\u00e1s \"\t\t<\/a>\n\n\t\t\t\t<\/div>\n\t\t\t\t<\/article>\n\t\t\t\t<article class=\"elementor-post elementor-grid-item post-10994 post type-post status-publish format-standard has-post-thumbnail hentry category-uncategorized\">\n\t\t\t\t<a class=\"elementor-post__thumbnail__link\" href=\"https:\/\/fairlsd.com\/es\/4-pro-met-same-roots-new-expression\/\" tabindex=\"-1\" >\n\t\t\t<div class=\"elementor-post__thumbnail\"><img decoding=\"async\" width=\"300\" height=\"226\" src=\"https:\/\/fairlsd.com\/wp-content\/uploads\/2026\/02\/u5938271413_Minimalist_vector_illustration_of_three_mushrooms_50b46e77-67a1-4ddb-be13-bd7e5793656b_0-300x226.png\" class=\"attachment-medium size-medium wp-image-11002\" alt=\"\" srcset=\"https:\/\/fairlsd.com\/wp-content\/uploads\/2026\/02\/u5938271413_Minimalist_vector_illustration_of_three_mushrooms_50b46e77-67a1-4ddb-be13-bd7e5793656b_0-300x226.png 300w, https:\/\/fairlsd.com\/wp-content\/uploads\/2026\/02\/u5938271413_Minimalist_vector_illustration_of_three_mushrooms_50b46e77-67a1-4ddb-be13-bd7e5793656b_0-1024x771.png 1024w, https:\/\/fairlsd.com\/wp-content\/uploads\/2026\/02\/u5938271413_Minimalist_vector_illustration_of_three_mushrooms_50b46e77-67a1-4ddb-be13-bd7e5793656b_0-768x578.png 768w, https:\/\/fairlsd.com\/wp-content\/uploads\/2026\/02\/u5938271413_Minimalist_vector_illustration_of_three_mushrooms_50b46e77-67a1-4ddb-be13-bd7e5793656b_0-16x12.png 16w, https:\/\/fairlsd.com\/wp-content\/uploads\/2026\/02\/u5938271413_Minimalist_vector_illustration_of_three_mushrooms_50b46e77-67a1-4ddb-be13-bd7e5793656b_0-600x452.png 600w, https:\/\/fairlsd.com\/wp-content\/uploads\/2026\/02\/u5938271413_Minimalist_vector_illustration_of_three_mushrooms_50b46e77-67a1-4ddb-be13-bd7e5793656b_0.png 1232w\" sizes=\"(max-width: 300px) 100vw, 300px\" \/><\/div>\n\t\t<\/a>\n\t\t\t\t<div class=\"elementor-post__text\">\n\t\t\t\t<h3 class=\"elementor-post__title\">\n\t\t\t<a href=\"https:\/\/fairlsd.com\/es\/4-pro-met-same-roots-new-expression\/\" >\n\t\t\t\t4-Pro-MET \u2014 Same Roots, New Expression\t\t\t<\/a>\n\t\t<\/h3>\n\t\t\t\t<div class=\"elementor-post__meta-data\">\n\t\t\t\t\t<span class=\"elementor-post-date\">\n\t\t\tfebrero 6, 2026\t\t<\/span>\n\t\t\t\t<span class=\"elementor-post-avatar\">\n\t\t\tNo hay comentarios\t\t<\/span>\n\t\t\t\t<\/div>\n\t\t\t\t<div class=\"elementor-post__excerpt\">\n\t\t\t<p>4-Pro-METocin Psilocybin Some molecules feel familiar the moment you encounter them.Not because they repeat the past \u2014 but because they belong to a lineage you<\/p>\n\t\t<\/div>\n\t\t\n\t\t<a class=\"elementor-post__read-more\" href=\"https:\/\/fairlsd.com\/es\/4-pro-met-same-roots-new-expression\/\" aria-label=\"M\u00e1s informaci\u00f3n sobre 4-Pro-MET \u2014 Same Roots, New Expression\" tabindex=\"-1\" >\n\t\t\tLeer M\u00e1s \"\t\t<\/a>\n\n\t\t\t\t<\/div>\n\t\t\t\t<\/article>\n\t\t\t\t<article class=\"elementor-post elementor-grid-item post-10927 post type-post status-publish format-standard has-post-thumbnail hentry category-uncategorized\">\n\t\t\t\t<a class=\"elementor-post__thumbnail__link\" href=\"https:\/\/fairlsd.com\/es\/4-pro-metocin-psilocybins-little-cousin\/\" tabindex=\"-1\" >\n\t\t\t<div class=\"elementor-post__thumbnail\"><img decoding=\"async\" width=\"300\" height=\"300\" src=\"https:\/\/fairlsd.com\/wp-content\/uploads\/2026\/02\/psilocybin-mushrooms-gettyimages-1282662982-square-300x300.jpg\" class=\"attachment-medium size-medium wp-image-10959\" alt=\"\" srcset=\"https:\/\/fairlsd.com\/wp-content\/uploads\/2026\/02\/psilocybin-mushrooms-gettyimages-1282662982-square-300x300.jpg 300w, https:\/\/fairlsd.com\/wp-content\/uploads\/2026\/02\/psilocybin-mushrooms-gettyimages-1282662982-square-1024x1024.jpg 1024w, https:\/\/fairlsd.com\/wp-content\/uploads\/2026\/02\/psilocybin-mushrooms-gettyimages-1282662982-square-150x150.jpg 150w, https:\/\/fairlsd.com\/wp-content\/uploads\/2026\/02\/psilocybin-mushrooms-gettyimages-1282662982-square-768x768.jpg 768w, https:\/\/fairlsd.com\/wp-content\/uploads\/2026\/02\/psilocybin-mushrooms-gettyimages-1282662982-square-12x12.jpg 12w, https:\/\/fairlsd.com\/wp-content\/uploads\/2026\/02\/psilocybin-mushrooms-gettyimages-1282662982-square-600x600.jpg 600w, https:\/\/fairlsd.com\/wp-content\/uploads\/2026\/02\/psilocybin-mushrooms-gettyimages-1282662982-square-100x100.jpg 100w, https:\/\/fairlsd.com\/wp-content\/uploads\/2026\/02\/psilocybin-mushrooms-gettyimages-1282662982-square-50x50.jpg 50w, https:\/\/fairlsd.com\/wp-content\/uploads\/2026\/02\/psilocybin-mushrooms-gettyimages-1282662982-square.jpg 1500w\" sizes=\"(max-width: 300px) 100vw, 300px\" \/><\/div>\n\t\t<\/a>\n\t\t\t\t<div class=\"elementor-post__text\">\n\t\t\t\t<h3 class=\"elementor-post__title\">\n\t\t\t<a href=\"https:\/\/fairlsd.com\/es\/4-pro-metocin-psilocybins-little-cousin\/\" >\n\t\t\t\t4-Pro-METocin \u2014 Psilocybins Little Cousin\t\t\t<\/a>\n\t\t<\/h3>\n\t\t\t\t<div class=\"elementor-post__meta-data\">\n\t\t\t\t\t<span class=\"elementor-post-date\">\n\t\t\tfebrero 3, 2026\t\t<\/span>\n\t\t\t\t<span class=\"elementor-post-avatar\">\n\t\t\tNo hay comentarios\t\t<\/span>\n\t\t\t\t<\/div>\n\t\t\t\t<div class=\"elementor-post__excerpt\">\n\t\t\t<p>&ldquo; The mystical experience is the birthright of every human being. &ndash; Stanislav Grof Some molecules feel familiar the moment you start mapping them.Not because<\/p>\n\t\t<\/div>\n\t\t\n\t\t<a class=\"elementor-post__read-more\" href=\"https:\/\/fairlsd.com\/es\/4-pro-metocin-psilocybins-little-cousin\/\" aria-label=\"M\u00e1s informaci\u00f3n sobre 4-Pro-METocin \u2014 Psilocybins Little Cousin\" tabindex=\"-1\" >\n\t\t\tLeer M\u00e1s \"\t\t<\/a>\n\n\t\t\t\t<\/div>\n\t\t\t\t<\/article>\n\t\t\t\t<article class=\"elementor-post elementor-grid-item post-10612 post type-post status-publish format-standard has-post-thumbnail hentry category-educational category-psychedelic tag-1bp-lsd tag-1fe-lsd tag-analytical-chemistry tag-lysergamides tag-research-chemicals\">\n\t\t\t\t<a class=\"elementor-post__thumbnail__link\" href=\"https:\/\/fairlsd.com\/es\/1bp-lsd-1fe-lsd-analysis-of-this-new-lysergamides\/\" tabindex=\"-1\" >\n\t\t\t<div class=\"elementor-post__thumbnail\"><img loading=\"lazy\" decoding=\"async\" width=\"300\" height=\"300\" src=\"https:\/\/fairlsd.com\/wp-content\/uploads\/2025\/12\/WhatsApp-Image-2025-12-20-at-22.40.14-300x300.jpeg\" class=\"attachment-medium size-medium wp-image-10608\" alt=\"Educational infographic comparing 1PB-LSD and 1FE-LSD lysergamides\" srcset=\"https:\/\/fairlsd.com\/wp-content\/uploads\/2025\/12\/WhatsApp-Image-2025-12-20-at-22.40.14-300x300.jpeg 300w, https:\/\/fairlsd.com\/wp-content\/uploads\/2025\/12\/WhatsApp-Image-2025-12-20-at-22.40.14-1024x1020.jpeg 1024w, https:\/\/fairlsd.com\/wp-content\/uploads\/2025\/12\/WhatsApp-Image-2025-12-20-at-22.40.14-150x150.jpeg 150w, https:\/\/fairlsd.com\/wp-content\/uploads\/2025\/12\/WhatsApp-Image-2025-12-20-at-22.40.14-768x765.jpeg 768w, https:\/\/fairlsd.com\/wp-content\/uploads\/2025\/12\/WhatsApp-Image-2025-12-20-at-22.40.14-12x12.jpeg 12w, https:\/\/fairlsd.com\/wp-content\/uploads\/2025\/12\/WhatsApp-Image-2025-12-20-at-22.40.14-600x598.jpeg 600w, https:\/\/fairlsd.com\/wp-content\/uploads\/2025\/12\/WhatsApp-Image-2025-12-20-at-22.40.14-100x100.jpeg 100w, https:\/\/fairlsd.com\/wp-content\/uploads\/2025\/12\/WhatsApp-Image-2025-12-20-at-22.40.14-50x50.jpeg 50w, https:\/\/fairlsd.com\/wp-content\/uploads\/2025\/12\/elementor\/thumbs\/WhatsApp-Image-2025-12-20-at-22.40.14-rggcqtddoi78kwup3nd4o0vsi2pdek9e5x616a5ax4.jpeg 500w, https:\/\/fairlsd.com\/wp-content\/uploads\/2025\/12\/WhatsApp-Image-2025-12-20-at-22.40.14.jpeg 1280w\" sizes=\"(max-width: 300px) 100vw, 300px\" \/><\/div>\n\t\t<\/a>\n\t\t\t\t<div class=\"elementor-post__text\">\n\t\t\t\t<h3 class=\"elementor-post__title\">\n\t\t\t<a href=\"https:\/\/fairlsd.com\/es\/1bp-lsd-1fe-lsd-analysis-of-this-new-lysergamides\/\" >\n\t\t\t\t1BP-LSD &amp; 1FE-LSD &#8211; Analysis of this new lysergamides\t\t\t<\/a>\n\t\t<\/h3>\n\t\t\t\t<div class=\"elementor-post__meta-data\">\n\t\t\t\t\t<span class=\"elementor-post-date\">\n\t\t\tdiciembre 21, 2025\t\t<\/span>\n\t\t\t\t<span class=\"elementor-post-avatar\">\n\t\t\tNo hay comentarios\t\t<\/span>\n\t\t\t\t<\/div>\n\t\t\t\t<div class=\"elementor-post__excerpt\">\n\t\t\t<p>Explore Your Mind. Know Your Source. That line isn\u2019t marketing fluff \u2014 it\u2019s the foundation of how we work at FairLSD.Transparency, chemistry-first thinking, and responsible<\/p>\n\t\t<\/div>\n\t\t\n\t\t<a class=\"elementor-post__read-more\" href=\"https:\/\/fairlsd.com\/es\/1bp-lsd-1fe-lsd-analysis-of-this-new-lysergamides\/\" aria-label=\"M\u00e1s informaci\u00f3n sobre 1BP-LSD &amp; 1FE-LSD &#8211; Analysis of this new lysergamides\" tabindex=\"-1\" >\n\t\t\tLeer M\u00e1s \"\t\t<\/a>\n\n\t\t\t\t<\/div>\n\t\t\t\t<\/article>\n\t\t\t\t<article class=\"elementor-post elementor-grid-item post-5018 post type-post status-publish format-standard has-post-thumbnail hentry category-uncategorized\">\n\t\t\t\t<a class=\"elementor-post__thumbnail__link\" href=\"https:\/\/fairlsd.com\/es\/una-dosis-mayor-de-lsd-puede-ser-util-para-el-tratamiento-de-la-ansiedad\/\" tabindex=\"-1\" >\n\t\t\t<div class=\"elementor-post__thumbnail\"><img loading=\"lazy\" decoding=\"async\" width=\"300\" height=\"169\" src=\"https:\/\/fairlsd.com\/wp-content\/uploads\/2023\/07\/Screen-Shot-2023-07-11-at-9.49.11-300x169.png\" class=\"attachment-medium size-medium wp-image-5019\" alt=\"La droga psicod\u00e9lica LSD puede ser eficaz en el tratamiento de los trastornos de ansiedad\" srcset=\"https:\/\/fairlsd.com\/wp-content\/uploads\/2023\/07\/Screen-Shot-2023-07-11-at-9.49.11-300x169.png 300w, https:\/\/fairlsd.com\/wp-content\/uploads\/2023\/07\/Screen-Shot-2023-07-11-at-9.49.11-768x433.png 768w, https:\/\/fairlsd.com\/wp-content\/uploads\/2023\/07\/Screen-Shot-2023-07-11-at-9.49.11-50x28.png 50w, https:\/\/fairlsd.com\/wp-content\/uploads\/2023\/07\/Screen-Shot-2023-07-11-at-9.49.11-100x56.png 100w, https:\/\/fairlsd.com\/wp-content\/uploads\/2023\/07\/Screen-Shot-2023-07-11-at-9.49.11-600x339.png 600w, https:\/\/fairlsd.com\/wp-content\/uploads\/2023\/07\/Screen-Shot-2023-07-11-at-9.49.11.png 966w\" sizes=\"(max-width: 300px) 100vw, 300px\" \/><\/div>\n\t\t<\/a>\n\t\t\t\t<div class=\"elementor-post__text\">\n\t\t\t\t<h3 class=\"elementor-post__title\">\n\t\t\t<a href=\"https:\/\/fairlsd.com\/es\/una-dosis-mayor-de-lsd-puede-ser-util-para-el-tratamiento-de-la-ansiedad\/\" >\n\t\t\t\tUn consumo excesivo de LSD puede ser \u00fatil para el tratamiento de los trastornos de ansiedad\t\t\t<\/a>\n\t\t<\/h3>\n\t\t\t\t<div class=\"elementor-post__meta-data\">\n\t\t\t\t\t<span class=\"elementor-post-date\">\n\t\t\t11 de julio de 2023\t\t<\/span>\n\t\t\t\t<span class=\"elementor-post-avatar\">\n\t\t\tNo hay comentarios\t\t<\/span>\n\t\t\t\t<\/div>\n\t\t\t\t<div class=\"elementor-post__excerpt\">\n\t\t\t<p>Los investigadores administraron a un grupo de mujeres de entre 8 y 12 semanas de edad dosis de LSD durante siete d\u00edas seguidos. Las mujeres sufr\u00edan de estr\u00e9s cr\u00f3nico y despu\u00e9s tomaron diferentes dosis de LSD.<\/p>\n\t\t<\/div>\n\t\t\n\t\t<a class=\"elementor-post__read-more\" href=\"https:\/\/fairlsd.com\/es\/una-dosis-mayor-de-lsd-puede-ser-util-para-el-tratamiento-de-la-ansiedad\/\" aria-label=\"M\u00e1s informaci\u00f3n sobre Wiederholter Konsum von LSD kann zur Behandlung von Angstzust\u00e4nden wirksam sein\" tabindex=\"-1\" >\n\t\t\tLeer M\u00e1s \"\t\t<\/a>\n\n\t\t\t\t<\/div>\n\t\t\t\t<\/article>\n\t\t\t\t<\/div>\n\t\t\n\t\t\t\t\t\t<\/div>\n\t\t\t\t<\/div>\n\t\t\t\t\t<\/div>\n\t\t<\/div>\n\t\t\t\t\t<\/div>\n\t\t<\/section>\n\t\t\t\t<\/div>","protected":false},"excerpt":{"rendered":"<p>Explora la frontera psicod\u00e9lica: Sum\u00e9rgete en nuestro esclarecedor blog<\/p>","protected":false},"author":86,"featured_media":0,"parent":0,"menu_order":0,"comment_status":"closed","ping_status":"closed","template":"","meta":{"footnotes":""},"class_list":["post-4898","page","type-page","status-publish","hentry"],"yoast_head":"<!-- This site is optimized with the Yoast SEO plugin v25.9 - https:\/\/yoast.com\/wordpress\/plugins\/seo\/ -->\n<title>Blog - FairLSD<\/title>\n<meta name=\"robots\" content=\"index, follow, max-snippet:-1, max-image-preview:large, max-video-preview:-1\" \/>\n<link rel=\"canonical\" href=\"https:\/\/fairlsd.com\/es\/blog\/\" \/>\n<meta property=\"og:locale\" content=\"es_ES\" \/>\n<meta property=\"og:type\" content=\"article\" \/>\n<meta property=\"og:title\" content=\"Blog - FairLSD\" \/>\n<meta property=\"og:description\" content=\"Explore the Psychedelic Frontier: Dive into our Enlightening Blog\" \/>\n<meta property=\"og:url\" content=\"https:\/\/fairlsd.com\/es\/blog\/\" \/>\n<meta property=\"og:site_name\" content=\"FairLSD\" \/>\n<meta property=\"article:publisher\" content=\"https:\/\/www.facebook.com\/fairlsd\/\" \/>\n<meta property=\"article:modified_time\" content=\"2023-06-22T19:37:14+00:00\" \/>\n<meta property=\"og:image\" content=\"https:\/\/fairlsd.com\/wp-content\/uploads\/2022\/01\/final.png\" \/>\n\t<meta property=\"og:image:width\" content=\"308\" \/>\n\t<meta property=\"og:image:height\" content=\"316\" \/>\n\t<meta property=\"og:image:type\" content=\"image\/png\" \/>\n<meta name=\"twitter:card\" content=\"summary_large_image\" \/>\n<meta name=\"twitter:label1\" content=\"Est. reading time\" \/>\n\t<meta name=\"twitter:data1\" content=\"1 minuto\" \/>\n<script type=\"application\/ld+json\" class=\"yoast-schema-graph\">{\"@context\":\"https:\/\/schema.org\",\"@graph\":[{\"@type\":\"WebPage\",\"@id\":\"https:\/\/fairlsd.com\/blog\/\",\"url\":\"https:\/\/fairlsd.com\/blog\/\",\"name\":\"Blog - FairLSD\",\"isPartOf\":{\"@id\":\"https:\/\/fairlsd.com\/#website\"},\"datePublished\":\"2023-06-22T17:20:22+00:00\",\"dateModified\":\"2023-06-22T19:37:14+00:00\",\"breadcrumb\":{\"@id\":\"https:\/\/fairlsd.com\/blog\/#breadcrumb\"},\"inLanguage\":\"es\",\"potentialAction\":[{\"@type\":\"ReadAction\",\"target\":[\"https:\/\/fairlsd.com\/blog\/\"]}]},{\"@type\":\"BreadcrumbList\",\"@id\":\"https:\/\/fairlsd.com\/blog\/#breadcrumb\",\"itemListElement\":[{\"@type\":\"ListItem\",\"position\":1,\"name\":\"Home\",\"item\":\"https:\/\/fairlsd.com\/\"},{\"@type\":\"ListItem\",\"position\":2,\"name\":\"Blog\"}]},{\"@type\":\"WebSite\",\"@id\":\"https:\/\/fairlsd.com\/#website\",\"url\":\"https:\/\/fairlsd.com\/\",\"name\":\"FairLSD\",\"description\":\"The true Supplier for Fair LSD\",\"publisher\":{\"@id\":\"https:\/\/fairlsd.com\/#organization\"},\"alternateName\":\"Fair LSD\",\"potentialAction\":[{\"@type\":\"SearchAction\",\"target\":{\"@type\":\"EntryPoint\",\"urlTemplate\":\"https:\/\/fairlsd.com\/?s={search_term_string}\"},\"query-input\":{\"@type\":\"PropertyValueSpecification\",\"valueRequired\":true,\"valueName\":\"search_term_string\"}}],\"inLanguage\":\"es\"},{\"@type\":\"Organization\",\"@id\":\"https:\/\/fairlsd.com\/#organization\",\"name\":\"fairlsd\",\"alternateName\":\"Fair LSD\",\"url\":\"https:\/\/fairlsd.com\/\",\"logo\":{\"@type\":\"ImageObject\",\"inLanguage\":\"es\",\"@id\":\"https:\/\/fairlsd.com\/#\/schema\/logo\/image\/\",\"url\":\"https:\/\/fairlsd.com\/wp-content\/uploads\/2022\/01\/final2.png\",\"contentUrl\":\"https:\/\/fairlsd.com\/wp-content\/uploads\/2022\/01\/final2.png\",\"width\":1284,\"height\":1314,\"caption\":\"fairlsd\"},\"image\":{\"@id\":\"https:\/\/fairlsd.com\/#\/schema\/logo\/image\/\"},\"sameAs\":[\"https:\/\/www.facebook.com\/fairlsd\/\",\"https:\/\/www.instagram.com\/fair.lsd\/\"]}]}<\/script>\n<!-- \/ Yoast SEO plugin. -->","yoast_head_json":{"title":"Blog - FairLSD","robots":{"index":"index","follow":"follow","max-snippet":"max-snippet:-1","max-image-preview":"max-image-preview:large","max-video-preview":"max-video-preview:-1"},"canonical":"https:\/\/fairlsd.com\/es\/blog\/","og_locale":"es_ES","og_type":"article","og_title":"Blog - FairLSD","og_description":"Explore the Psychedelic Frontier: Dive into our Enlightening Blog","og_url":"https:\/\/fairlsd.com\/es\/blog\/","og_site_name":"FairLSD","article_publisher":"https:\/\/www.facebook.com\/fairlsd\/","article_modified_time":"2023-06-22T19:37:14+00:00","og_image":[{"width":308,"height":316,"url":"https:\/\/fairlsd.com\/wp-content\/uploads\/2022\/01\/final.png","type":"image\/png"}],"twitter_card":"summary_large_image","twitter_misc":{"Est. reading time":"1 minuto"},"schema":{"@context":"https:\/\/schema.org","@graph":[{"@type":"WebPage","@id":"https:\/\/fairlsd.com\/blog\/","url":"https:\/\/fairlsd.com\/blog\/","name":"Blog - FairLSD","isPartOf":{"@id":"https:\/\/fairlsd.com\/#website"},"datePublished":"2023-06-22T17:20:22+00:00","dateModified":"2023-06-22T19:37:14+00:00","breadcrumb":{"@id":"https:\/\/fairlsd.com\/blog\/#breadcrumb"},"inLanguage":"es","potentialAction":[{"@type":"ReadAction","target":["https:\/\/fairlsd.com\/blog\/"]}]},{"@type":"BreadcrumbList","@id":"https:\/\/fairlsd.com\/blog\/#breadcrumb","itemListElement":[{"@type":"ListItem","position":1,"name":"Home","item":"https:\/\/fairlsd.com\/"},{"@type":"ListItem","position":2,"name":"Blog"}]},{"@type":"WebSite","@id":"https:\/\/fairlsd.com\/#website","url":"https:\/\/fairlsd.com\/","name":"FairLSD","description":"El verdadero proveedor de LSD justo","publisher":{"@id":"https:\/\/fairlsd.com\/#organization"},"alternateName":"Fair LSD","potentialAction":[{"@type":"SearchAction","target":{"@type":"EntryPoint","urlTemplate":"https:\/\/fairlsd.com\/?s={search_term_string}"},"query-input":{"@type":"PropertyValueSpecification","valueRequired":true,"valueName":"search_term_string"}}],"inLanguage":"es"},{"@type":"Organization","@id":"https:\/\/fairlsd.com\/#organization","name":"fairlsd","alternateName":"Fair LSD","url":"https:\/\/fairlsd.com\/","logo":{"@type":"ImageObject","inLanguage":"es","@id":"https:\/\/fairlsd.com\/#\/schema\/logo\/image\/","url":"https:\/\/fairlsd.com\/wp-content\/uploads\/2022\/01\/final2.png","contentUrl":"https:\/\/fairlsd.com\/wp-content\/uploads\/2022\/01\/final2.png","width":1284,"height":1314,"caption":"fairlsd"},"image":{"@id":"https:\/\/fairlsd.com\/#\/schema\/logo\/image\/"},"sameAs":["https:\/\/www.facebook.com\/fairlsd\/","https:\/\/www.instagram.com\/fair.lsd\/"]}]}},"_links":{"self":[{"href":"https:\/\/fairlsd.com\/es\/wp-json\/wp\/v2\/pages\/4898","targetHints":{"allow":["GET"]}}],"collection":[{"href":"https:\/\/fairlsd.com\/es\/wp-json\/wp\/v2\/pages"}],"about":[{"href":"https:\/\/fairlsd.com\/es\/wp-json\/wp\/v2\/types\/page"}],"author":[{"embeddable":true,"href":"https:\/\/fairlsd.com\/es\/wp-json\/wp\/v2\/users\/86"}],"replies":[{"embeddable":true,"href":"https:\/\/fairlsd.com\/es\/wp-json\/wp\/v2\/comments?post=4898"}],"version-history":[{"count":0,"href":"https:\/\/fairlsd.com\/es\/wp-json\/wp\/v2\/pages\/4898\/revisions"}],"wp:attachment":[{"href":"https:\/\/fairlsd.com\/es\/wp-json\/wp\/v2\/media?parent=4898"}],"curies":[{"name":"wp","href":"https:\/\/api.w.org\/{rel}","templated":true}]}}