{"id":11188,"date":"2026-03-19T15:32:37","date_gmt":"2026-03-19T14:32:37","guid":{"rendered":"https:\/\/fairlsd.com\/?post_type=product&#038;p=11188"},"modified":"2026-03-19T16:24:32","modified_gmt":"2026-03-19T15:24:32","slug":"1bp-lsd-400mcg-blotter","status":"publish","type":"product","link":"https:\/\/fairlsd.com\/es\/product\/1bp-lsd-400mcg-blotter\/","title":{"rendered":"1BP-LSD 400mcg Pellets"},"content":{"rendered":"<p><strong>SAY HELLO TO 1BP-LSD, Our latest legal LSD Macrodose. <\/strong><\/p>\n<p>All our Products are not intended for in-vivo experimentation! Please be careful and make sure to check out our educational Area to inform yourself. We will update this area about Safer use, legal<br \/>\nstatus and other related topics!<\/p>\n<p><strong>\u00bfQU\u00c9 ES UNA MACRODOSIS?<\/strong><\/p>\n<p>A Macrodose is our Synonym for a Pill containing 400mcg 1BP-LSD. 400mcg is only recommended to experienced psychonauts!!!<\/p>\n<p><strong>WHAT IS 1BP-LSD? <\/strong><\/p>\n<p>1BP-LSD, 1-(3-(tetramethyldioxaborolane)propionyl)-LSD, is our new legal LSD Derivative. It is the latest legal prodrug of LSD, succeeding 1S-LSD, which was banned in Germany shortly before 1BP-LSD&#8217;s<br \/>\nappearance in December 2025.<\/p>\n<p>It is very similar to LSD due to its structure and is classified as a direct Prodrug to LSD.<\/p>\n<p><strong>\u00bfQU\u00c9 ES UN PROF\u00c1RMACO? <\/strong><\/p>\n<p>A prodrug is a molecule with little or no pharmacological activity that is converted into an active parent molecule in-vivo by enzymatic or chemical reactions, or by a combination of the two. In the<br \/>\ncase of 1V-, 1cP-, 1P-, 1B-, 1S-, and 1BP-LSD, these are prodrugs of LSD. This means that living organisms, such as animals, can convert them into LSD if consumed.<\/p>\n<p><strong>1BP- VS 1S-LSD<\/strong><\/p>\n<p>1BP-LSD is very similar to 1S-LSD as it is also a prodrug of LSD. The effects of 1BP-LSD are said to be similar to those of 1S-LSD and include visual changes, altered perception of time and space,<br \/>\nheightened emotions, and increased creativity.<\/p>\n<p>Given that 1BP-LSD has a molar mass of 505.47 g\/mol (compared to LSD at 323.43 g\/mol), a larger dose is required to achieve equivalent effects due to the additional molecular weight of the<br \/>\ntetramethyldioxaborolane-propionyl group.<\/p>\n<p><strong>INFORMACI\u00d3N IMPORTANTE<\/strong><\/p>\n<p>Este producto no est\u00e1 destinado a diagnosticar, tratar, curar o prevenir ninguna enfermedad.<\/p>","protected":false},"excerpt":{"rendered":"<p><strong>Ingrediente activo:<\/strong> 1BP-LSD L-tartrate (400 mcg).<br \/>\n<strong>Otros ingredientes:<\/strong> MCC, colloidal silicon dioxide, sodium starch glycolate, sodium stearyl fumarate, E133, sol. agent<br \/>\n<strong>Apariencia:<\/strong> 5 mm round dark blue pellets.<br \/>\n<strong>Condiciones de almacenamiento:<\/strong> En caso de almacenamiento a corto o medio plazo, gu\u00e1rdelo protegido de la luz solar directa. Para almacenamiento a largo plazo, gu\u00e1rdelo en un recipiente seco, oscuro y sellado, como una bolsa con cierre de cremallera guardada en un caj\u00f3n.<br \/>\n<strong>Caducidad:<\/strong> Al menos varios a\u00f1os si se almacena correctamente.<br \/>\n<strong>Purity (1BP-LSD L-tartrate):<\/strong> &gt;99%<\/p>","protected":false},"featured_media":11189,"template":"","meta":[],"product_brand":[],"product_cat":[16],"product_tag":[],"class_list":{"0":"post-11188","1":"product","2":"type-product","3":"status-publish","4":"has-post-thumbnail","6":"product_cat-uncategorized","8":"first","9":"instock","10":"taxable","11":"shipping-taxable","12":"purchasable","13":"product-type-variable"},"yoast_head":"<!-- This site is optimized with the Yoast SEO plugin v25.9 - https:\/\/yoast.com\/wordpress\/plugins\/seo\/ -->\n<title>1BP-LSD 400mcg Pellets - FairLSD<\/title>\n<meta name=\"description\" content=\"Buy Legal 1D-LSD Microdose on FairLSD.com and we will support the Psychedelic Renaissance with 50% of our profits. Be part of the Shift!\" \/>\n<meta name=\"robots\" content=\"index, follow, max-snippet:-1, max-image-preview:large, max-video-preview:-1\" \/>\n<link rel=\"canonical\" href=\"https:\/\/fairlsd.com\/es\/product\/1bp-lsd-400mcg-blotter\/\" \/>\n<meta property=\"og:locale\" content=\"es_ES\" \/>\n<meta property=\"og:type\" content=\"article\" \/>\n<meta property=\"og:title\" content=\"1BP-LSD 400mcg Pellets - FairLSD\" \/>\n<meta property=\"og:description\" content=\"Buy Legal 1D-LSD Microdose on FairLSD.com and we will support the Psychedelic Renaissance with 50% of our profits. Be part of the Shift!\" \/>\n<meta property=\"og:url\" content=\"https:\/\/fairlsd.com\/es\/product\/1bp-lsd-400mcg-blotter\/\" \/>\n<meta property=\"og:site_name\" content=\"FairLSD\" \/>\n<meta property=\"article:publisher\" content=\"https:\/\/www.facebook.com\/fairlsd\/\" \/>\n<meta property=\"article:modified_time\" content=\"2026-03-19T15:24:32+00:00\" \/>\n<meta property=\"og:image\" content=\"https:\/\/fairlsd.com\/wp-content\/uploads\/2026\/03\/400Product.png\" \/>\n\t<meta property=\"og:image:width\" content=\"1024\" \/>\n\t<meta property=\"og:image:height\" content=\"1024\" \/>\n\t<meta property=\"og:image:type\" content=\"image\/png\" \/>\n<meta name=\"twitter:card\" content=\"summary_large_image\" \/>\n<meta name=\"twitter:label1\" content=\"Est. reading time\" \/>\n\t<meta name=\"twitter:data1\" content=\"2 minutos\" \/>\n<script type=\"application\/ld+json\" class=\"yoast-schema-graph\">{\"@context\":\"https:\/\/schema.org\",\"@graph\":[{\"@type\":\"WebPage\",\"@id\":\"https:\/\/fairlsd.com\/product\/1bp-lsd-400mcg-blotter\/\",\"url\":\"https:\/\/fairlsd.com\/product\/1bp-lsd-400mcg-blotter\/\",\"name\":\"1BP-LSD 400mcg Pellets - FairLSD\",\"isPartOf\":{\"@id\":\"https:\/\/fairlsd.com\/#website\"},\"primaryImageOfPage\":{\"@id\":\"https:\/\/fairlsd.com\/product\/1bp-lsd-400mcg-blotter\/#primaryimage\"},\"image\":{\"@id\":\"https:\/\/fairlsd.com\/product\/1bp-lsd-400mcg-blotter\/#primaryimage\"},\"thumbnailUrl\":\"https:\/\/fairlsd.com\/wp-content\/uploads\/2026\/03\/400Product.png\",\"datePublished\":\"2026-03-19T14:32:37+00:00\",\"dateModified\":\"2026-03-19T15:24:32+00:00\",\"description\":\"Buy Legal 1D-LSD Microdose on FairLSD.com and we will support the Psychedelic Renaissance with 50% of our profits. Be part of the Shift!\",\"breadcrumb\":{\"@id\":\"https:\/\/fairlsd.com\/product\/1bp-lsd-400mcg-blotter\/#breadcrumb\"},\"inLanguage\":\"es\",\"potentialAction\":[{\"@type\":\"ReadAction\",\"target\":[\"https:\/\/fairlsd.com\/product\/1bp-lsd-400mcg-blotter\/\"]}]},{\"@type\":\"ImageObject\",\"inLanguage\":\"es\",\"@id\":\"https:\/\/fairlsd.com\/product\/1bp-lsd-400mcg-blotter\/#primaryimage\",\"url\":\"https:\/\/fairlsd.com\/wp-content\/uploads\/2026\/03\/400Product.png\",\"contentUrl\":\"https:\/\/fairlsd.com\/wp-content\/uploads\/2026\/03\/400Product.png\",\"width\":1024,\"height\":1024},{\"@type\":\"BreadcrumbList\",\"@id\":\"https:\/\/fairlsd.com\/product\/1bp-lsd-400mcg-blotter\/#breadcrumb\",\"itemListElement\":[{\"@type\":\"ListItem\",\"position\":1,\"name\":\"Home\",\"item\":\"https:\/\/fairlsd.com\/\"},{\"@type\":\"ListItem\",\"position\":2,\"name\":\"Shop\",\"item\":\"https:\/\/fairlsd.com\/shop\/\"},{\"@type\":\"ListItem\",\"position\":3,\"name\":\"1BP-LSD 400mcg Pellets\"}]},{\"@type\":\"WebSite\",\"@id\":\"https:\/\/fairlsd.com\/#website\",\"url\":\"https:\/\/fairlsd.com\/\",\"name\":\"FairLSD\",\"description\":\"The true Supplier for Fair LSD\",\"publisher\":{\"@id\":\"https:\/\/fairlsd.com\/#organization\"},\"alternateName\":\"Fair LSD\",\"potentialAction\":[{\"@type\":\"SearchAction\",\"target\":{\"@type\":\"EntryPoint\",\"urlTemplate\":\"https:\/\/fairlsd.com\/?s={search_term_string}\"},\"query-input\":{\"@type\":\"PropertyValueSpecification\",\"valueRequired\":true,\"valueName\":\"search_term_string\"}}],\"inLanguage\":\"es\"},{\"@type\":\"Organization\",\"@id\":\"https:\/\/fairlsd.com\/#organization\",\"name\":\"fairlsd\",\"alternateName\":\"Fair LSD\",\"url\":\"https:\/\/fairlsd.com\/\",\"logo\":{\"@type\":\"ImageObject\",\"inLanguage\":\"es\",\"@id\":\"https:\/\/fairlsd.com\/#\/schema\/logo\/image\/\",\"url\":\"https:\/\/fairlsd.com\/wp-content\/uploads\/2022\/01\/final2.png\",\"contentUrl\":\"https:\/\/fairlsd.com\/wp-content\/uploads\/2022\/01\/final2.png\",\"width\":1284,\"height\":1314,\"caption\":\"fairlsd\"},\"image\":{\"@id\":\"https:\/\/fairlsd.com\/#\/schema\/logo\/image\/\"},\"sameAs\":[\"https:\/\/www.facebook.com\/fairlsd\/\",\"https:\/\/www.instagram.com\/fair.lsd\/\"]}]}<\/script>\n<!-- \/ Yoast SEO plugin. -->","yoast_head_json":{"title":"1BP-LSD 400mcg Pellets - FairLSD","description":"Compra Microdosis de 1D-LSD Legal en FairLSD.com y apoyaremos el Renacimiento Psicod\u00e9lico con 50% de nuestros beneficios. \u00a1Forma parte del Cambio!","robots":{"index":"index","follow":"follow","max-snippet":"max-snippet:-1","max-image-preview":"max-image-preview:large","max-video-preview":"max-video-preview:-1"},"canonical":"https:\/\/fairlsd.com\/es\/product\/1bp-lsd-400mcg-blotter\/","og_locale":"es_ES","og_type":"article","og_title":"1BP-LSD 400mcg Pellets - FairLSD","og_description":"Buy Legal 1D-LSD Microdose on FairLSD.com and we will support the Psychedelic Renaissance with 50% of our profits. Be part of the Shift!","og_url":"https:\/\/fairlsd.com\/es\/product\/1bp-lsd-400mcg-blotter\/","og_site_name":"FairLSD","article_publisher":"https:\/\/www.facebook.com\/fairlsd\/","article_modified_time":"2026-03-19T15:24:32+00:00","og_image":[{"width":1024,"height":1024,"url":"https:\/\/fairlsd.com\/wp-content\/uploads\/2026\/03\/400Product.png","type":"image\/png"}],"twitter_card":"summary_large_image","twitter_misc":{"Est. reading time":"2 minutos"},"schema":{"@context":"https:\/\/schema.org","@graph":[{"@type":"WebPage","@id":"https:\/\/fairlsd.com\/product\/1bp-lsd-400mcg-blotter\/","url":"https:\/\/fairlsd.com\/product\/1bp-lsd-400mcg-blotter\/","name":"1BP-LSD 400mcg Pellets - FairLSD","isPartOf":{"@id":"https:\/\/fairlsd.com\/#website"},"primaryImageOfPage":{"@id":"https:\/\/fairlsd.com\/product\/1bp-lsd-400mcg-blotter\/#primaryimage"},"image":{"@id":"https:\/\/fairlsd.com\/product\/1bp-lsd-400mcg-blotter\/#primaryimage"},"thumbnailUrl":"https:\/\/fairlsd.com\/wp-content\/uploads\/2026\/03\/400Product.png","datePublished":"2026-03-19T14:32:37+00:00","dateModified":"2026-03-19T15:24:32+00:00","description":"Compra Microdosis de 1D-LSD Legal en FairLSD.com y apoyaremos el Renacimiento Psicod\u00e9lico con 50% de nuestros beneficios. \u00a1Forma parte del Cambio!","breadcrumb":{"@id":"https:\/\/fairlsd.com\/product\/1bp-lsd-400mcg-blotter\/#breadcrumb"},"inLanguage":"es","potentialAction":[{"@type":"ReadAction","target":["https:\/\/fairlsd.com\/product\/1bp-lsd-400mcg-blotter\/"]}]},{"@type":"ImageObject","inLanguage":"es","@id":"https:\/\/fairlsd.com\/product\/1bp-lsd-400mcg-blotter\/#primaryimage","url":"https:\/\/fairlsd.com\/wp-content\/uploads\/2026\/03\/400Product.png","contentUrl":"https:\/\/fairlsd.com\/wp-content\/uploads\/2026\/03\/400Product.png","width":1024,"height":1024},{"@type":"BreadcrumbList","@id":"https:\/\/fairlsd.com\/product\/1bp-lsd-400mcg-blotter\/#breadcrumb","itemListElement":[{"@type":"ListItem","position":1,"name":"Home","item":"https:\/\/fairlsd.com\/"},{"@type":"ListItem","position":2,"name":"Shop","item":"https:\/\/fairlsd.com\/shop\/"},{"@type":"ListItem","position":3,"name":"1BP-LSD 400mcg Pellets"}]},{"@type":"WebSite","@id":"https:\/\/fairlsd.com\/#website","url":"https:\/\/fairlsd.com\/","name":"FairLSD","description":"El verdadero proveedor de LSD justo","publisher":{"@id":"https:\/\/fairlsd.com\/#organization"},"alternateName":"Fair LSD","potentialAction":[{"@type":"SearchAction","target":{"@type":"EntryPoint","urlTemplate":"https:\/\/fairlsd.com\/?s={search_term_string}"},"query-input":{"@type":"PropertyValueSpecification","valueRequired":true,"valueName":"search_term_string"}}],"inLanguage":"es"},{"@type":"Organization","@id":"https:\/\/fairlsd.com\/#organization","name":"fairlsd","alternateName":"Fair LSD","url":"https:\/\/fairlsd.com\/","logo":{"@type":"ImageObject","inLanguage":"es","@id":"https:\/\/fairlsd.com\/#\/schema\/logo\/image\/","url":"https:\/\/fairlsd.com\/wp-content\/uploads\/2022\/01\/final2.png","contentUrl":"https:\/\/fairlsd.com\/wp-content\/uploads\/2022\/01\/final2.png","width":1284,"height":1314,"caption":"fairlsd"},"image":{"@id":"https:\/\/fairlsd.com\/#\/schema\/logo\/image\/"},"sameAs":["https:\/\/www.facebook.com\/fairlsd\/","https:\/\/www.instagram.com\/fair.lsd\/"]}]}},"_cost_price":"","_links":{"self":[{"href":"https:\/\/fairlsd.com\/es\/wp-json\/wp\/v2\/product\/11188","targetHints":{"allow":["GET"]}}],"collection":[{"href":"https:\/\/fairlsd.com\/es\/wp-json\/wp\/v2\/product"}],"about":[{"href":"https:\/\/fairlsd.com\/es\/wp-json\/wp\/v2\/types\/product"}],"wp:featuredmedia":[{"embeddable":true,"href":"https:\/\/fairlsd.com\/es\/wp-json\/wp\/v2\/media\/11189"}],"wp:attachment":[{"href":"https:\/\/fairlsd.com\/es\/wp-json\/wp\/v2\/media?parent=11188"}],"wp:term":[{"taxonomy":"product_brand","embeddable":true,"href":"https:\/\/fairlsd.com\/es\/wp-json\/wp\/v2\/product_brand?post=11188"},{"taxonomy":"product_cat","embeddable":true,"href":"https:\/\/fairlsd.com\/es\/wp-json\/wp\/v2\/product_cat?post=11188"},{"taxonomy":"product_tag","embeddable":true,"href":"https:\/\/fairlsd.com\/es\/wp-json\/wp\/v2\/product_tag?post=11188"}],"curies":[{"name":"wp","href":"https:\/\/api.w.org\/{rel}","templated":true}]}}