{"id":1423,"date":"2022-04-06T17:01:59","date_gmt":"2022-04-06T16:01:59","guid":{"rendered":"https:\/\/fairlsd.com\/?page_id=1423"},"modified":"2025-06-04T11:05:15","modified_gmt":"2025-06-04T10:05:15","slug":"stoisko-festiwalowe","status":"publish","type":"page","link":"https:\/\/fairlsd.com\/pl\/stoisko-festiwalowe\/","title":{"rendered":"Stoisko festiwalowe"},"content":{"rendered":"<div data-elementor-type=\"wp-page\" data-elementor-id=\"1423\" class=\"elementor elementor-1423\" data-elementor-post-type=\"page\">\n\t\t\t\t<div class=\"elementor-element elementor-element-8f193f5 e-flex e-con-boxed e-con e-parent\" data-id=\"8f193f5\" data-element_type=\"container\" data-e-type=\"container\" data-settings=\"{&quot;background_background&quot;:&quot;gradient&quot;,&quot;shape_divider_bottom&quot;:&quot;waves&quot;}\">\n\t\t\t\t\t<div class=\"e-con-inner\">\n\t\t\t\t<div class=\"elementor-shape elementor-shape-bottom\" aria-hidden=\"true\" data-negative=\"false\">\n\t\t\t<svg xmlns=\"http:\/\/www.w3.org\/2000\/svg\" viewbox=\"0 0 1000 100\" preserveaspectratio=\"none\">\n\t<path class=\"elementor-shape-fill\" d=\"M421.9,6.5c22.6-2.5,51.5,0.4,75.5,5.3c23.6,4.9,70.9,23.5,100.5,35.7c75.8,32.2,133.7,44.5,192.6,49.7\tc23.6,2.1,48.7,3.5,103.4-2.5c54.7-6,106.2-25.6,106.2-25.6V0H0v30.3c0,0,72,32.6,158.4,30.5c39.2-0.7,92.8-6.7,134-22.4\tc21.2-8.1,52.2-18.2,79.7-24.2C399.3,7.9,411.6,7.5,421.9,6.5z\"\/>\n<\/svg>\t\t<\/div>\n\t\t<div class=\"elementor-element elementor-element-7765c57 e-con-full e-flex e-con e-child\" data-id=\"7765c57\" data-element_type=\"container\" data-e-type=\"container\">\n\t\t\t\t<div class=\"elementor-element elementor-element-a874f6a elementor-widget elementor-widget-heading\" data-id=\"a874f6a\" data-element_type=\"widget\" data-e-type=\"widget\" data-widget_type=\"heading.default\">\n\t\t\t\t<div class=\"elementor-widget-container\">\n\t\t\t\t\t<h1 class=\"elementor-heading-title elementor-size-default\">Nasze stoisko festiwalowe<\/h1>\t\t\t\t<\/div>\n\t\t\t\t<\/div>\n\t\t<div class=\"elementor-element elementor-element-342789d e-con-full e-flex e-con e-child\" data-id=\"342789d\" data-element_type=\"container\" data-e-type=\"container\">\n\t\t<div class=\"elementor-element elementor-element-740f31d e-con-full e-flex e-con e-child\" data-id=\"740f31d\" data-element_type=\"container\" data-e-type=\"container\">\n\t\t\t\t<div class=\"elementor-element elementor-element-3e2fa8f elementor-widget elementor-widget-text-editor\" data-id=\"3e2fa8f\" data-element_type=\"widget\" data-e-type=\"widget\" data-widget_type=\"text-editor.default\">\n\t\t\t\t<div class=\"elementor-widget-container\">\n\t\t\t\t\t\t\t\t\t<p><span style=\"font-weight: 400;\">Z naszym stoiskiem festiwalowym paradujemy po festiwalach muzycznych w Europie i rozpowszechniamy nasze&nbsp;<\/span><span style=\"font-weight: 400;\">wizj\u0119 tolerancyjnego i wolnego od narkotyk\u00f3w spo\u0142ecze\u0144stwa.<\/span><\/p>\n<p>Uwa\u017camy, \u017ce spo\u0142ecze\u0144stwo musi zapewni\u0107 ludno\u015bci wiedz\u0119 i bezpieczne przestrzenie do odkrywania substancji psychodelicznych. Uwa\u017camy, \u017ce zakaz rozwijania umys\u0142u poprzez substancje zmieniaj\u0105ce umys\u0142 jest zbrodni\u0105 przeciwko ludzko\u015bci. Nie tylko dlatego, \u017ce substancje te s\u0105 cz\u0119\u015bci\u0105 ludzkiego dziedzictwa kulturowego, ale tak\u017ce dlatego, \u017ce uwa\u017camy, \u017ce nadszed\u0142 czas, aby przemy\u015ble\u0107 stare dogmaty.&nbsp;<\/p><p>Je\u015bli zostanie to zrobione prawid\u0142owo - ka\u017cdy mo\u017ce dowiedzie\u0107 si\u0119 czego\u015b o sobie i by\u0107 mo\u017ce by\u0107 w stanie ukszta\u0142towa\u0107 si\u0119 w bardziej \u015bwiadom\u0105 i zdrow\u0105 osob\u0119 poprzez psychodeliczne do\u015bwiadczenie.&nbsp;<\/p>\n<p><span style=\"font-weight: 400;\">Pracujmy razem na rzecz sprawiedliwego i wolnego spo\u0142ecze\u0144stwa i kontynuujmy psychodeliczny renesans.<\/span><\/p>\t\t\t\t\t\t\t\t<\/div>\n\t\t\t\t<\/div>\n\t\t\t\t<\/div>\n\t\t<div class=\"elementor-element elementor-element-88c3f58 e-con-full e-flex e-con e-child\" data-id=\"88c3f58\" data-element_type=\"container\" data-e-type=\"container\">\n\t\t\t\t<div class=\"elementor-element elementor-element-e5b64aa elementor-widget elementor-widget-image\" data-id=\"e5b64aa\" data-element_type=\"widget\" data-e-type=\"widget\" data-widget_type=\"image.default\">\n\t\t\t\t<div class=\"elementor-widget-container\">\n\t\t\t\t\t\t\t\t\t\t\t\t\t\t\t<img fetchpriority=\"high\" decoding=\"async\" width=\"800\" height=\"450\" src=\"https:\/\/fairlsd.com\/wp-content\/uploads\/2022\/04\/festivalstand-1024x576.jpg\" class=\"attachment-large size-large wp-image-1414\" alt=\"\" srcset=\"https:\/\/fairlsd.com\/wp-content\/uploads\/2022\/04\/festivalstand-1024x576.jpg 1024w, https:\/\/fairlsd.com\/wp-content\/uploads\/2022\/04\/festivalstand-300x169.jpg 300w, https:\/\/fairlsd.com\/wp-content\/uploads\/2022\/04\/festivalstand-768x432.jpg 768w, https:\/\/fairlsd.com\/wp-content\/uploads\/2022\/04\/festivalstand-1536x864.jpg 1536w, https:\/\/fairlsd.com\/wp-content\/uploads\/2022\/04\/festivalstand-2048x1152.jpg 2048w, https:\/\/fairlsd.com\/wp-content\/uploads\/2022\/04\/festivalstand-50x28.jpg 50w, https:\/\/fairlsd.com\/wp-content\/uploads\/2022\/04\/festivalstand-100x56.jpg 100w, https:\/\/fairlsd.com\/wp-content\/uploads\/2022\/04\/festivalstand-1320x743.jpg 1320w, https:\/\/fairlsd.com\/wp-content\/uploads\/2022\/04\/festivalstand-600x338.jpg 600w\" sizes=\"(max-width: 800px) 100vw, 800px\" \/>\t\t\t\t\t\t\t\t\t\t\t\t\t\t\t<\/div>\n\t\t\t\t<\/div>\n\t\t\t\t<\/div>\n\t\t\t\t<\/div>\n\t\t<div class=\"elementor-element elementor-element-92ef2df e-con-full e-flex e-con e-child\" data-id=\"92ef2df\" data-element_type=\"container\" data-e-type=\"container\">\n\t\t<div class=\"elementor-element elementor-element-98bea5d e-con-full e-flex e-con e-child\" data-id=\"98bea5d\" data-element_type=\"container\" data-e-type=\"container\">\n\t\t\t\t<div class=\"elementor-element elementor-element-aa0ecf4 elementor-widget elementor-widget-image\" data-id=\"aa0ecf4\" data-element_type=\"widget\" data-e-type=\"widget\" data-widget_type=\"image.default\">\n\t\t\t\t<div class=\"elementor-widget-container\">\n\t\t\t\t\t\t\t\t\t\t\t\t\t\t\t<img decoding=\"async\" width=\"753\" height=\"536\" src=\"https:\/\/fairlsd.com\/wp-content\/uploads\/2022\/04\/further-neo.jpg.webp\" class=\"attachment-large size-large wp-image-1422\" alt=\"\" srcset=\"https:\/\/fairlsd.com\/wp-content\/uploads\/2022\/04\/further-neo.jpg.webp 753w, https:\/\/fairlsd.com\/wp-content\/uploads\/2022\/04\/further-neo.jpg-300x214.webp 300w, https:\/\/fairlsd.com\/wp-content\/uploads\/2022\/04\/further-neo.jpg-50x36.webp 50w, https:\/\/fairlsd.com\/wp-content\/uploads\/2022\/04\/further-neo.jpg-100x71.webp 100w, https:\/\/fairlsd.com\/wp-content\/uploads\/2022\/04\/further-neo.jpg-600x427.webp 600w\" sizes=\"(max-width: 753px) 100vw, 753px\" \/>\t\t\t\t\t\t\t\t\t\t\t\t\t\t\t<\/div>\n\t\t\t\t<\/div>\n\t\t\t\t<div class=\"elementor-element elementor-element-39432a1 elementor-widget elementor-widget-image\" data-id=\"39432a1\" data-element_type=\"widget\" data-e-type=\"widget\" data-widget_type=\"image.default\">\n\t\t\t\t<div class=\"elementor-widget-container\">\n\t\t\t\t\t\t\t\t\t\t\t\t\t\t\t<img decoding=\"async\" width=\"800\" height=\"800\" src=\"https:\/\/fairlsd.com\/wp-content\/uploads\/2022\/04\/berlin-1-of-1-23-1024x1024.jpg\" class=\"attachment-large size-large wp-image-1425\" alt=\"\" srcset=\"https:\/\/fairlsd.com\/wp-content\/uploads\/2022\/04\/berlin-1-of-1-23-1024x1024.jpg 1024w, https:\/\/fairlsd.com\/wp-content\/uploads\/2022\/04\/berlin-1-of-1-23-300x300.jpg 300w, https:\/\/fairlsd.com\/wp-content\/uploads\/2022\/04\/berlin-1-of-1-23-150x150.jpg 150w, https:\/\/fairlsd.com\/wp-content\/uploads\/2022\/04\/berlin-1-of-1-23-768x768.jpg 768w, https:\/\/fairlsd.com\/wp-content\/uploads\/2022\/04\/berlin-1-of-1-23-1536x1536.jpg 1536w, https:\/\/fairlsd.com\/wp-content\/uploads\/2022\/04\/berlin-1-of-1-23-2048x2048.jpg 2048w, https:\/\/fairlsd.com\/wp-content\/uploads\/2022\/04\/berlin-1-of-1-23-50x50.jpg 50w, https:\/\/fairlsd.com\/wp-content\/uploads\/2022\/04\/berlin-1-of-1-23-100x100.jpg 100w, https:\/\/fairlsd.com\/wp-content\/uploads\/2022\/04\/berlin-1-of-1-23-1320x1320.jpg 1320w, https:\/\/fairlsd.com\/wp-content\/uploads\/2022\/04\/berlin-1-of-1-23-600x600.jpg 600w\" sizes=\"(max-width: 800px) 100vw, 800px\" \/>\t\t\t\t\t\t\t\t\t\t\t\t\t\t\t<\/div>\n\t\t\t\t<\/div>\n\t\t\t\t<\/div>\n\t\t<div class=\"elementor-element elementor-element-7c4cadd e-con-full e-flex e-con e-child\" data-id=\"7c4cadd\" data-element_type=\"container\" data-e-type=\"container\">\n\t\t\t\t<div class=\"elementor-element elementor-element-7923fc7 elementor-widget elementor-widget-text-editor\" data-id=\"7923fc7\" data-element_type=\"widget\" data-e-type=\"widget\" data-widget_type=\"text-editor.default\">\n\t\t\t\t<div class=\"elementor-widget-container\">\n\t\t\t\t\t\t\t\t\t<p><span style=\"font-weight: 400;\">Jako do\u015bwiadczeni go\u015bcie i organizatorzy festiwali wiemy, \u017ce festiwale s\u0105 dobr\u0105 okazj\u0105 do odkrywania psychodelicznego stanu umys\u0142u poza nasz\u0105 normaln\u0105, uwarunkowan\u0105 rzeczywisto\u015bci\u0105.<\/span><\/p>\n<p><br><\/p><p>Aby upewni\u0107 si\u0119, \u017ce ka\u017cdy ma dobre do\u015bwiadczenia, przygotowali\u015bmy oddzielny obszar, kt\u00f3ry pozwala odkrywcom mie\u0107 bezpieczne i harmonijne \u015brodowisko. Poniewa\u017c mamy du\u017ce do\u015bwiadczenie w psychodelicznych stanach umys\u0142u, zwracamy szczeg\u00f3ln\u0105 uwag\u0119 na dobry zestaw i ustawienie oraz \u0142\u0105czymy ca\u0142\u0105 nasz\u0105 wiedz\u0119, dzi\u0119ki czemu jeste\u015bmy w stanie stworzy\u0107 dobre ramy:<\/p>\n<p><br><\/p>\n<p>- Poprzez pokazywanie kreatywno\u015bci, poprzez sztuk\u0119,<span style=\"font-family: var( --e-global-typography-c86988a-font-family ), Sans-serif; font-size: var( --e-global-typography-c86988a-font-size ); letter-spacing: var( --e-global-typography-c86988a-letter-spacing ); word-spacing: var( --e-global-typography-c86988a-word-spacing );\">&nbsp; muzyka&nbsp;<\/span><span style=\"font-family: var( --e-global-typography-c86988a-font-family ), Sans-serif; font-size: var( --e-global-typography-c86988a-font-size ); letter-spacing: var( --e-global-typography-c86988a-letter-spacing ); word-spacing: var( --e-global-typography-c86988a-word-spacing );\">Taniec stymuluje wszystkie zmys\u0142y i daje poczucie wsp\u00f3lnoty dzi\u0119ki temu, \u017ce wok\u00f3\u0142 nas jest wielu podobnie my\u015bl\u0105cych ludzi.<\/span><\/p>\n<p><\/p>\n<p>- Ch\u0119tnie podzielimy si\u0119 wizj\u0105 naszego projektu i projekt\u00f3w partnerskich. W miar\u0119 mo\u017cliwo\u015bci b\u0119dziemy organizowa\u0107 warsztaty i prelekcje zwi\u0105zane z u\u017cywaniem psychodelik\u00f3w we wsp\u00f3\u0142czesnych czasach.<\/p>\n<p>- Nasz obszar b\u0119dzie kotwic\u0105 dla odkrywc\u00f3w, kt\u00f3rzy rozpoczn\u0105 swoj\u0105 podr\u00f3\u017c z dobrymi uczuciami i zaufaniem.&nbsp;<\/p>\n<p>- Poniewa\u017c wiemy, \u017ce psychodeliki mog\u0105 od czasu do czasu stanowi\u0107 wyzwanie, otwieramy nasz Jurt dla ka\u017cdego klienta, aby m\u00f3g\u0142 do nas wr\u00f3ci\u0107 w dowolnym momencie. B\u0119dziemy mie\u0107 po\u015bciel do le\u017cenia, dobr\u0105 herbat\u0119, a w razie potrzeby kogo\u015b, z kim mo\u017cna porozmawia\u0107 \/ uzyska\u0107 pomoc w procesie od naszego do\u015bwiadczonego zespo\u0142u. Nasz zesp\u00f3\u0142 sk\u0142ada si\u0119 z psycholog\u00f3w, do\u015bwiadczonych psychonaut\u00f3w i antropolog\u00f3w z zapleczem kulturowym w dziedzinie rytualnej - jeste\u015bmy w stanie pom\u00f3c z multidyscyplinarnymi poradami i wskaz\u00f3wkami.<span style=\"font-family: var( --e-global-typography-c86988a-font-family ), Sans-serif; font-size: var( --e-global-typography-c86988a-font-size ); letter-spacing: var( --e-global-typography-c86988a-letter-spacing ); word-spacing: var( --e-global-typography-c86988a-word-spacing );\">&nbsp;<\/span><\/p>\t\t\t\t\t\t\t\t<\/div>\n\t\t\t\t<\/div>\n\t\t\t\t<\/div>\n\t\t\t\t<\/div>\n\t\t\t\t<div class=\"elementor-element elementor-element-b61eb76 elementor-widget elementor-widget-text-editor\" data-id=\"b61eb76\" data-element_type=\"widget\" data-e-type=\"widget\" data-widget_type=\"text-editor.default\">\n\t\t\t\t<div class=\"elementor-widget-container\">\n\t\t\t\t\t\t\t\t\t<p>Zapraszamy do kontaktu przez e-mail: \"events@fairlsd.com\", je\u015bli chcesz, aby\u015bmy wzi\u0119li udzia\u0142 w Twoim wydarzeniu!<\/p><p>\u00a0<\/p>\t\t\t\t\t\t\t\t<\/div>\n\t\t\t\t<\/div>\n\t\t\t\t<\/div>\n\t\t\t\t\t<\/div>\n\t\t\t\t<\/div>\n\t\t\t\t<\/div>","protected":false},"excerpt":{"rendered":"<p>Nasze stoisko festiwalowe Dzi\u0119ki naszemu stoisku festiwalowemu paradujemy po festiwalach muzycznych w Europie i szerzymy nasz\u0105 wizj\u0119 tolerancyjnego i wolnego od narkotyk\u00f3w spo\u0142ecze\u0144stwa. Wierzymy, \u017ce spo\u0142ecze\u0144stwo musi zapewni\u0107 ludno\u015bci wiedz\u0119 i bezpieczne przestrzenie do odkrywania substancji psychodelicznych. Uwa\u017camy, \u017ce zakaz rozwijania umys\u0142u poprzez substancje zmieniaj\u0105ce umys\u0142 jest [...]<\/p>","protected":false},"author":10,"featured_media":0,"parent":0,"menu_order":0,"comment_status":"closed","ping_status":"closed","template":"","meta":{"footnotes":""},"class_list":["post-1423","page","type-page","status-publish","hentry"],"yoast_head":"<!-- This site is optimized with the Yoast SEO plugin v25.9 - https:\/\/yoast.com\/wordpress\/plugins\/seo\/ -->\n<title>Festival Stand - FairLSD<\/title>\n<meta name=\"robots\" content=\"index, follow, max-snippet:-1, max-image-preview:large, max-video-preview:-1\" \/>\n<link rel=\"canonical\" href=\"https:\/\/fairlsd.com\/pl\/stoisko-festiwalowe\/\" \/>\n<meta property=\"og:locale\" content=\"pl_PL\" \/>\n<meta property=\"og:type\" content=\"article\" \/>\n<meta property=\"og:title\" content=\"Festival Stand - FairLSD\" \/>\n<meta property=\"og:description\" content=\"Our Festival Stand With our festival stand, we parade through the music festivals of Europe and spread our&nbsp;vision of a tolerant and drug-liberal society. We&nbsp;believe&nbsp;that the society has to provide the population with knowledge and safe spaces to explore psychedelic substances. We consider the prohibition of expanding one&#8217;s mind through mind-altering substances to be a [&hellip;]\" \/>\n<meta property=\"og:url\" content=\"https:\/\/fairlsd.com\/pl\/stoisko-festiwalowe\/\" \/>\n<meta property=\"og:site_name\" content=\"FairLSD\" \/>\n<meta property=\"article:publisher\" content=\"https:\/\/www.facebook.com\/fairlsd\/\" \/>\n<meta property=\"article:modified_time\" content=\"2025-06-04T10:05:15+00:00\" \/>\n<meta property=\"og:image\" content=\"https:\/\/fairlsd.com\/wp-content\/uploads\/2022\/04\/festivalstand-scaled.jpg\" \/>\n\t<meta property=\"og:image:width\" content=\"2560\" \/>\n\t<meta property=\"og:image:height\" content=\"1441\" \/>\n\t<meta property=\"og:image:type\" content=\"image\/jpeg\" \/>\n<meta name=\"twitter:card\" content=\"summary_large_image\" \/>\n<meta name=\"twitter:label1\" content=\"Est. reading time\" \/>\n\t<meta name=\"twitter:data1\" content=\"3 minuty\" \/>\n<script type=\"application\/ld+json\" class=\"yoast-schema-graph\">{\"@context\":\"https:\/\/schema.org\",\"@graph\":[{\"@type\":\"WebPage\",\"@id\":\"https:\/\/fairlsd.com\/festival-stand\/\",\"url\":\"https:\/\/fairlsd.com\/festival-stand\/\",\"name\":\"Festival Stand - FairLSD\",\"isPartOf\":{\"@id\":\"https:\/\/fairlsd.com\/#website\"},\"primaryImageOfPage\":{\"@id\":\"https:\/\/fairlsd.com\/festival-stand\/#primaryimage\"},\"image\":{\"@id\":\"https:\/\/fairlsd.com\/festival-stand\/#primaryimage\"},\"thumbnailUrl\":\"https:\/\/fairlsd.com\/wp-content\/uploads\/2022\/04\/festivalstand-1024x576.jpg\",\"datePublished\":\"2022-04-06T16:01:59+00:00\",\"dateModified\":\"2025-06-04T10:05:15+00:00\",\"breadcrumb\":{\"@id\":\"https:\/\/fairlsd.com\/festival-stand\/#breadcrumb\"},\"inLanguage\":\"pl-PL\",\"potentialAction\":[{\"@type\":\"ReadAction\",\"target\":[\"https:\/\/fairlsd.com\/festival-stand\/\"]}]},{\"@type\":\"ImageObject\",\"inLanguage\":\"pl-PL\",\"@id\":\"https:\/\/fairlsd.com\/festival-stand\/#primaryimage\",\"url\":\"https:\/\/fairlsd.com\/wp-content\/uploads\/2022\/04\/festivalstand-1024x576.jpg\",\"contentUrl\":\"https:\/\/fairlsd.com\/wp-content\/uploads\/2022\/04\/festivalstand-1024x576.jpg\"},{\"@type\":\"BreadcrumbList\",\"@id\":\"https:\/\/fairlsd.com\/festival-stand\/#breadcrumb\",\"itemListElement\":[{\"@type\":\"ListItem\",\"position\":1,\"name\":\"Home\",\"item\":\"https:\/\/fairlsd.com\/\"},{\"@type\":\"ListItem\",\"position\":2,\"name\":\"Festival Stand\"}]},{\"@type\":\"WebSite\",\"@id\":\"https:\/\/fairlsd.com\/#website\",\"url\":\"https:\/\/fairlsd.com\/\",\"name\":\"FairLSD\",\"description\":\"The true Supplier for Fair LSD\",\"publisher\":{\"@id\":\"https:\/\/fairlsd.com\/#organization\"},\"alternateName\":\"Fair LSD\",\"potentialAction\":[{\"@type\":\"SearchAction\",\"target\":{\"@type\":\"EntryPoint\",\"urlTemplate\":\"https:\/\/fairlsd.com\/?s={search_term_string}\"},\"query-input\":{\"@type\":\"PropertyValueSpecification\",\"valueRequired\":true,\"valueName\":\"search_term_string\"}}],\"inLanguage\":\"pl-PL\"},{\"@type\":\"Organization\",\"@id\":\"https:\/\/fairlsd.com\/#organization\",\"name\":\"fairlsd\",\"alternateName\":\"Fair LSD\",\"url\":\"https:\/\/fairlsd.com\/\",\"logo\":{\"@type\":\"ImageObject\",\"inLanguage\":\"pl-PL\",\"@id\":\"https:\/\/fairlsd.com\/#\/schema\/logo\/image\/\",\"url\":\"https:\/\/fairlsd.com\/wp-content\/uploads\/2022\/01\/final2.png\",\"contentUrl\":\"https:\/\/fairlsd.com\/wp-content\/uploads\/2022\/01\/final2.png\",\"width\":1284,\"height\":1314,\"caption\":\"fairlsd\"},\"image\":{\"@id\":\"https:\/\/fairlsd.com\/#\/schema\/logo\/image\/\"},\"sameAs\":[\"https:\/\/www.facebook.com\/fairlsd\/\",\"https:\/\/www.instagram.com\/fair.lsd\/\"]}]}<\/script>\n<!-- \/ Yoast SEO plugin. -->","yoast_head_json":{"title":"Stoisko festiwalowe - FairLSD","robots":{"index":"index","follow":"follow","max-snippet":"max-snippet:-1","max-image-preview":"max-image-preview:large","max-video-preview":"max-video-preview:-1"},"canonical":"https:\/\/fairlsd.com\/pl\/stoisko-festiwalowe\/","og_locale":"pl_PL","og_type":"article","og_title":"Festival Stand - FairLSD","og_description":"Our Festival Stand With our festival stand, we parade through the music festivals of Europe and spread our&nbsp;vision of a tolerant and drug-liberal society. We&nbsp;believe&nbsp;that the society has to provide the population with knowledge and safe spaces to explore psychedelic substances. We consider the prohibition of expanding one&#8217;s mind through mind-altering substances to be a [&hellip;]","og_url":"https:\/\/fairlsd.com\/pl\/stoisko-festiwalowe\/","og_site_name":"FairLSD","article_publisher":"https:\/\/www.facebook.com\/fairlsd\/","article_modified_time":"2025-06-04T10:05:15+00:00","og_image":[{"width":2560,"height":1441,"url":"https:\/\/fairlsd.com\/wp-content\/uploads\/2022\/04\/festivalstand-scaled.jpg","type":"image\/jpeg"}],"twitter_card":"summary_large_image","twitter_misc":{"Est. reading time":"3 minuty"},"schema":{"@context":"https:\/\/schema.org","@graph":[{"@type":"WebPage","@id":"https:\/\/fairlsd.com\/festival-stand\/","url":"https:\/\/fairlsd.com\/festival-stand\/","name":"Stoisko festiwalowe - FairLSD","isPartOf":{"@id":"https:\/\/fairlsd.com\/#website"},"primaryImageOfPage":{"@id":"https:\/\/fairlsd.com\/festival-stand\/#primaryimage"},"image":{"@id":"https:\/\/fairlsd.com\/festival-stand\/#primaryimage"},"thumbnailUrl":"https:\/\/fairlsd.com\/wp-content\/uploads\/2022\/04\/festivalstand-1024x576.jpg","datePublished":"2022-04-06T16:01:59+00:00","dateModified":"2025-06-04T10:05:15+00:00","breadcrumb":{"@id":"https:\/\/fairlsd.com\/festival-stand\/#breadcrumb"},"inLanguage":"pl-PL","potentialAction":[{"@type":"ReadAction","target":["https:\/\/fairlsd.com\/festival-stand\/"]}]},{"@type":"ImageObject","inLanguage":"pl-PL","@id":"https:\/\/fairlsd.com\/festival-stand\/#primaryimage","url":"https:\/\/fairlsd.com\/wp-content\/uploads\/2022\/04\/festivalstand-1024x576.jpg","contentUrl":"https:\/\/fairlsd.com\/wp-content\/uploads\/2022\/04\/festivalstand-1024x576.jpg"},{"@type":"BreadcrumbList","@id":"https:\/\/fairlsd.com\/festival-stand\/#breadcrumb","itemListElement":[{"@type":"ListItem","position":1,"name":"Home","item":"https:\/\/fairlsd.com\/"},{"@type":"ListItem","position":2,"name":"Festival Stand"}]},{"@type":"WebSite","@id":"https:\/\/fairlsd.com\/#website","url":"https:\/\/fairlsd.com\/","name":"FairLSD","description":"Prawdziwy dostawca sprawiedliwego LSD","publisher":{"@id":"https:\/\/fairlsd.com\/#organization"},"alternateName":"Fair LSD","potentialAction":[{"@type":"SearchAction","target":{"@type":"EntryPoint","urlTemplate":"https:\/\/fairlsd.com\/?s={search_term_string}"},"query-input":{"@type":"PropertyValueSpecification","valueRequired":true,"valueName":"search_term_string"}}],"inLanguage":"pl-PL"},{"@type":"Organization","@id":"https:\/\/fairlsd.com\/#organization","name":"fairlsd","alternateName":"Fair LSD","url":"https:\/\/fairlsd.com\/","logo":{"@type":"ImageObject","inLanguage":"pl-PL","@id":"https:\/\/fairlsd.com\/#\/schema\/logo\/image\/","url":"https:\/\/fairlsd.com\/wp-content\/uploads\/2022\/01\/final2.png","contentUrl":"https:\/\/fairlsd.com\/wp-content\/uploads\/2022\/01\/final2.png","width":1284,"height":1314,"caption":"fairlsd"},"image":{"@id":"https:\/\/fairlsd.com\/#\/schema\/logo\/image\/"},"sameAs":["https:\/\/www.facebook.com\/fairlsd\/","https:\/\/www.instagram.com\/fair.lsd\/"]}]}},"_links":{"self":[{"href":"https:\/\/fairlsd.com\/pl\/wp-json\/wp\/v2\/pages\/1423","targetHints":{"allow":["GET"]}}],"collection":[{"href":"https:\/\/fairlsd.com\/pl\/wp-json\/wp\/v2\/pages"}],"about":[{"href":"https:\/\/fairlsd.com\/pl\/wp-json\/wp\/v2\/types\/page"}],"author":[{"embeddable":true,"href":"https:\/\/fairlsd.com\/pl\/wp-json\/wp\/v2\/users\/10"}],"replies":[{"embeddable":true,"href":"https:\/\/fairlsd.com\/pl\/wp-json\/wp\/v2\/comments?post=1423"}],"version-history":[{"count":0,"href":"https:\/\/fairlsd.com\/pl\/wp-json\/wp\/v2\/pages\/1423\/revisions"}],"wp:attachment":[{"href":"https:\/\/fairlsd.com\/pl\/wp-json\/wp\/v2\/media?parent=1423"}],"curies":[{"name":"wp","href":"https:\/\/api.w.org\/{rel}","templated":true}]}}