{"id":1428,"date":"2022-04-06T18:45:04","date_gmt":"2022-04-06T17:45:04","guid":{"rendered":"https:\/\/fairlsd.com\/?page_id=1428"},"modified":"2024-10-08T09:28:01","modified_gmt":"2024-10-08T08:28:01","slug":"morfujace-drzwi","status":"publish","type":"page","link":"https:\/\/fairlsd.com\/pl\/morfujace-drzwi\/","title":{"rendered":"Morfuj\u0105ce drzwi"},"content":{"rendered":"<div data-elementor-type=\"wp-page\" data-elementor-id=\"1428\" class=\"elementor elementor-1428\" data-elementor-post-type=\"page\">\n\t\t\t\t<div class=\"elementor-element elementor-element-0249364 e-flex e-con-boxed e-con e-parent\" data-id=\"0249364\" data-element_type=\"container\" data-e-type=\"container\" data-settings=\"{&quot;background_background&quot;:&quot;gradient&quot;,&quot;shape_divider_bottom&quot;:&quot;waves&quot;}\">\n\t\t\t\t\t<div class=\"e-con-inner\">\n\t\t\t\t<div class=\"elementor-shape elementor-shape-bottom\" aria-hidden=\"true\" data-negative=\"false\">\n\t\t\t<svg xmlns=\"http:\/\/www.w3.org\/2000\/svg\" viewbox=\"0 0 1000 100\" preserveaspectratio=\"none\">\n\t<path class=\"elementor-shape-fill\" d=\"M421.9,6.5c22.6-2.5,51.5,0.4,75.5,5.3c23.6,4.9,70.9,23.5,100.5,35.7c75.8,32.2,133.7,44.5,192.6,49.7\tc23.6,2.1,48.7,3.5,103.4-2.5c54.7-6,106.2-25.6,106.2-25.6V0H0v30.3c0,0,72,32.6,158.4,30.5c39.2-0.7,92.8-6.7,134-22.4\tc21.2-8.1,52.2-18.2,79.7-24.2C399.3,7.9,411.6,7.5,421.9,6.5z\"\/>\n<\/svg>\t\t<\/div>\n\t\t<div class=\"elementor-element elementor-element-af5f7ab e-con-full e-flex e-con e-child\" data-id=\"af5f7ab\" data-element_type=\"container\" data-e-type=\"container\">\n\t\t\t\t<div class=\"elementor-element elementor-element-b5fd243 elementor-widget elementor-widget-image\" data-id=\"b5fd243\" data-element_type=\"widget\" data-e-type=\"widget\" data-widget_type=\"image.default\">\n\t\t\t\t<div class=\"elementor-widget-container\">\n\t\t\t\t\t\t\t\t\t\t\t\t\t\t\t<img fetchpriority=\"high\" decoding=\"async\" width=\"1536\" height=\"583\" src=\"https:\/\/fairlsd.com\/wp-content\/uploads\/2022\/04\/277564533_105092308829357_6952333957948791439_n-1536x583.jpg\" class=\"attachment-1536x1536 size-1536x1536 wp-image-1412\" alt=\"\" srcset=\"https:\/\/fairlsd.com\/wp-content\/uploads\/2022\/04\/277564533_105092308829357_6952333957948791439_n-1536x583.jpg 1536w, https:\/\/fairlsd.com\/wp-content\/uploads\/2022\/04\/277564533_105092308829357_6952333957948791439_n-300x114.jpg 300w, https:\/\/fairlsd.com\/wp-content\/uploads\/2022\/04\/277564533_105092308829357_6952333957948791439_n-1024x389.jpg 1024w, https:\/\/fairlsd.com\/wp-content\/uploads\/2022\/04\/277564533_105092308829357_6952333957948791439_n-768x291.jpg 768w, https:\/\/fairlsd.com\/wp-content\/uploads\/2022\/04\/277564533_105092308829357_6952333957948791439_n-2048x777.jpg 2048w, https:\/\/fairlsd.com\/wp-content\/uploads\/2022\/04\/277564533_105092308829357_6952333957948791439_n-50x19.jpg 50w, https:\/\/fairlsd.com\/wp-content\/uploads\/2022\/04\/277564533_105092308829357_6952333957948791439_n-100x38.jpg 100w, https:\/\/fairlsd.com\/wp-content\/uploads\/2022\/04\/277564533_105092308829357_6952333957948791439_n-1320x501.jpg 1320w, https:\/\/fairlsd.com\/wp-content\/uploads\/2022\/04\/277564533_105092308829357_6952333957948791439_n-600x228.jpg 600w\" sizes=\"(max-width: 1536px) 100vw, 1536px\" \/>\t\t\t\t\t\t\t\t\t\t\t\t\t\t\t<\/div>\n\t\t\t\t<\/div>\n\t\t\t\t<div class=\"elementor-element elementor-element-c1ca1fb elementor-widget elementor-widget-heading\" data-id=\"c1ca1fb\" data-element_type=\"widget\" data-e-type=\"widget\" data-widget_type=\"heading.default\">\n\t\t\t\t<div class=\"elementor-widget-container\">\n\t\t\t\t\t<h2 class=\"elementor-heading-title elementor-size-default\">Morphing Doors (zdarzenie mikrodozowania)<\/h2>\t\t\t\t<\/div>\n\t\t\t\t<\/div>\n\t\t\t\t<div class=\"elementor-element elementor-element-d4d35b4 elementor-widget elementor-widget-text-editor\" data-id=\"d4d35b4\" data-element_type=\"widget\" data-e-type=\"widget\" data-widget_type=\"text-editor.default\">\n\t\t\t\t<div class=\"elementor-widget-container\">\n\t\t\t\t\t\t\t\t\t<p><span style=\"font-weight: 400;\">Wraz ze stowarzyszeniem Morph organizujemy mniejsze imprezy mikrodozowania, na kt\u00f3rych zapewniamy go\u015bciom mikrodozowanie 1V-LSD wliczone w cen\u0119 przy wej\u015bciu.<\/span><\/p>\n<p><span style=\"font-weight: 400;\">Dzi\u0119ki odpowiedniej atmosferze, dobrej muzyce i profesjonalnemu zespo\u0142owi opieki mo\u017cemy stworzy\u0107 wspania\u0142e wra\u017cenia dla go\u015bci.<\/span><\/p>\n<p><span style=\"font-weight: 400;\">Wyzwolone przez substancj\u0119, nasze do\u015bwiadczenie polega\u0142o na tym, \u017ce wszyscy go\u015bcie weszli w g\u0142\u0119bsz\u0105 wi\u0119\u017a ze sob\u0105 i zwracali uwag\u0119 na rozprzestrzenianie dobrej energii w\u015br\u00f3d wszystkich uczestnik\u00f3w wydarzenia.&nbsp;<\/span><\/p>\n<p>Z dotychczasowych do\u015bwiadcze\u0144 wynika, \u017ce 10-20 mcg 1V-LSD w zupe\u0142no\u015bci wystarcza, aby uzyska\u0107 odpowiednie doznania w pomieszczeniach zamkni\u0119tych. Aby upewni\u0107 si\u0119, \u017ce nikt przypadkowo nie przedawkuje, dokumentujemy i nadzorujemy poziom konsumpcji naszych go\u015bci.<\/p>\n<p><\/p>\n<p><span style=\"font-weight: 400;\">Dzi\u0119ki starannie wyselekcjonowanym muzykom, tworzymy podr\u00f3\u017c na ka\u017cdym pi\u0119trze, kt\u00f3ra zabierze wszystkich w podr\u00f3\u017c. Tutaj zwracamy szczeg\u00f3ln\u0105 uwag\u0119 na przeciwstawn\u0105 mieszank\u0119 i r\u00f3\u017cnorodno\u015b\u0107, Nasze imprezy s\u0105 zaprojektowane tak, aby odzwierciedla\u0107 natur\u0119 dwoisto\u015bci: Ying &amp; Yang.&nbsp;<\/span><\/p>\n<p><span style=\"font-weight: 400;\">Tak wi\u0119c jedno pi\u0119tro zaprasza do pe\u0142nej ekstazy. Szybka i psychodeliczna muzyka z obszaru Techno i Goa tworzy dzik\u0105 i energiczn\u0105 jazd\u0119.  Drugie pi\u0119tro z relaksuj\u0105cymi d\u017awi\u0119kami nap\u0119dzanymi przez downtempo i melodyjny house tworzy mi\u0142osn\u0105 atmosfer\u0119, w kt\u00f3rej ka\u017cda osoba mo\u017ce podda\u0107 si\u0119 \/ zatopi\u0107 w d\u017awi\u0119kach.<\/span><\/p>\n<p><\/p>\n<p><span style=\"font-weight: 400;\">Wszystko to jest zawarte w pi\u0119knie zaprojektowanej przestrzeni, w kt\u00f3rej znajduje si\u0119 jeszcze wi\u0119cej skarb\u00f3w i drobiazg\u00f3w, kt\u00f3re tylko czekaj\u0105 na odkrycie!&nbsp;<\/span><span style=\"font-weight: 400;\"><br><\/span><span style=\"font-family: var( --e-global-typography-c86988a-font-family ), Sans-serif; font-size: var( --e-global-typography-c86988a-font-size ); letter-spacing: var( --e-global-typography-c86988a-letter-spacing ); word-spacing: var( --e-global-typography-c86988a-word-spacing );\"><br><\/span><\/p><p><span style=\"font-family: var( --e-global-typography-c86988a-font-family ), Sans-serif; font-size: var( --e-global-typography-c86988a-font-size ); letter-spacing: var( --e-global-typography-c86988a-letter-spacing ); word-spacing: var( --e-global-typography-c86988a-word-spacing );\">To wydarzenie jest sponsorowane przez Fairlsd.com<\/span><span style=\"font-weight: 400;\"><br><\/span><\/p>\n<p><\/p>\t\t\t\t\t\t\t\t<\/div>\n\t\t\t\t<\/div>\n\t\t\t\t<\/div>\n\t\t\t\t\t<\/div>\n\t\t\t\t<\/div>\n\t\t\t\t<\/div>","protected":false},"excerpt":{"rendered":"<p>Morphing Doors (Microdosing Event) Wraz ze stowarzyszeniem Morph organizujemy mniejsze imprezy mikrodozowania, na kt\u00f3rych zapewniamy go\u015bciom mikrodozowanie 1V-LSD wliczone w cen\u0119 przy wej\u015bciu. Dzi\u0119ki odpowiedniej atmosferze, dobrej muzyce i profesjonalnemu zespo\u0142owi psychoterapeutycznemu mo\u017cemy stworzy\u0107 wspania\u0142e do\u015bwiadczenie dla go\u015bci. Wyzwalane przez substancj\u0119, nasze do\u015bwiadczenie [...]<\/p>","protected":false},"author":10,"featured_media":0,"parent":0,"menu_order":0,"comment_status":"closed","ping_status":"closed","template":"","meta":{"footnotes":""},"class_list":["post-1428","page","type-page","status-publish","hentry"],"yoast_head":"<!-- This site is optimized with the Yoast SEO plugin v25.9 - https:\/\/yoast.com\/wordpress\/plugins\/seo\/ -->\n<title>Morphing Doors - FairLSD<\/title>\n<meta name=\"robots\" content=\"index, follow, max-snippet:-1, max-image-preview:large, max-video-preview:-1\" \/>\n<link rel=\"canonical\" href=\"https:\/\/fairlsd.com\/pl\/morfujace-drzwi\/\" \/>\n<meta property=\"og:locale\" content=\"pl_PL\" \/>\n<meta property=\"og:type\" content=\"article\" \/>\n<meta property=\"og:title\" content=\"Morphing Doors - FairLSD\" \/>\n<meta property=\"og:description\" content=\"Morphing Doors (Microdosing Event) With the Morph association we organize smaller microdosing parties, where we provide the guests with some microdosing 1V-LSD included in the price at the door. Through a suitable ambience, good music and a professional psycare Team, we can create a wonderful experience for the guests. Triggered by the substance, our Experience [&hellip;]\" \/>\n<meta property=\"og:url\" content=\"https:\/\/fairlsd.com\/pl\/morfujace-drzwi\/\" \/>\n<meta property=\"og:site_name\" content=\"FairLSD\" \/>\n<meta property=\"article:publisher\" content=\"https:\/\/www.facebook.com\/fairlsd\/\" \/>\n<meta property=\"article:modified_time\" content=\"2024-10-08T08:28:01+00:00\" \/>\n<meta property=\"og:image\" content=\"https:\/\/fairlsd.com\/wp-content\/uploads\/2022\/04\/277564533_105092308829357_6952333957948791439_n-1536x583.jpg\" \/>\n<meta name=\"twitter:card\" content=\"summary_large_image\" \/>\n<meta name=\"twitter:label1\" content=\"Est. reading time\" \/>\n\t<meta name=\"twitter:data1\" content=\"2 minuty\" \/>\n<script type=\"application\/ld+json\" class=\"yoast-schema-graph\">{\"@context\":\"https:\/\/schema.org\",\"@graph\":[{\"@type\":\"WebPage\",\"@id\":\"https:\/\/fairlsd.com\/morphing-doors\/\",\"url\":\"https:\/\/fairlsd.com\/morphing-doors\/\",\"name\":\"Morphing Doors - FairLSD\",\"isPartOf\":{\"@id\":\"https:\/\/fairlsd.com\/#website\"},\"primaryImageOfPage\":{\"@id\":\"https:\/\/fairlsd.com\/morphing-doors\/#primaryimage\"},\"image\":{\"@id\":\"https:\/\/fairlsd.com\/morphing-doors\/#primaryimage\"},\"thumbnailUrl\":\"https:\/\/fairlsd.com\/wp-content\/uploads\/2022\/04\/277564533_105092308829357_6952333957948791439_n-1536x583.jpg\",\"datePublished\":\"2022-04-06T17:45:04+00:00\",\"dateModified\":\"2024-10-08T08:28:01+00:00\",\"breadcrumb\":{\"@id\":\"https:\/\/fairlsd.com\/morphing-doors\/#breadcrumb\"},\"inLanguage\":\"pl-PL\",\"potentialAction\":[{\"@type\":\"ReadAction\",\"target\":[\"https:\/\/fairlsd.com\/morphing-doors\/\"]}]},{\"@type\":\"ImageObject\",\"inLanguage\":\"pl-PL\",\"@id\":\"https:\/\/fairlsd.com\/morphing-doors\/#primaryimage\",\"url\":\"https:\/\/fairlsd.com\/wp-content\/uploads\/2022\/04\/277564533_105092308829357_6952333957948791439_n-1536x583.jpg\",\"contentUrl\":\"https:\/\/fairlsd.com\/wp-content\/uploads\/2022\/04\/277564533_105092308829357_6952333957948791439_n-1536x583.jpg\"},{\"@type\":\"BreadcrumbList\",\"@id\":\"https:\/\/fairlsd.com\/morphing-doors\/#breadcrumb\",\"itemListElement\":[{\"@type\":\"ListItem\",\"position\":1,\"name\":\"Home\",\"item\":\"https:\/\/fairlsd.com\/\"},{\"@type\":\"ListItem\",\"position\":2,\"name\":\"Morphing Doors\"}]},{\"@type\":\"WebSite\",\"@id\":\"https:\/\/fairlsd.com\/#website\",\"url\":\"https:\/\/fairlsd.com\/\",\"name\":\"FairLSD\",\"description\":\"The true Supplier for Fair LSD\",\"publisher\":{\"@id\":\"https:\/\/fairlsd.com\/#organization\"},\"alternateName\":\"Fair LSD\",\"potentialAction\":[{\"@type\":\"SearchAction\",\"target\":{\"@type\":\"EntryPoint\",\"urlTemplate\":\"https:\/\/fairlsd.com\/?s={search_term_string}\"},\"query-input\":{\"@type\":\"PropertyValueSpecification\",\"valueRequired\":true,\"valueName\":\"search_term_string\"}}],\"inLanguage\":\"pl-PL\"},{\"@type\":\"Organization\",\"@id\":\"https:\/\/fairlsd.com\/#organization\",\"name\":\"fairlsd\",\"alternateName\":\"Fair LSD\",\"url\":\"https:\/\/fairlsd.com\/\",\"logo\":{\"@type\":\"ImageObject\",\"inLanguage\":\"pl-PL\",\"@id\":\"https:\/\/fairlsd.com\/#\/schema\/logo\/image\/\",\"url\":\"https:\/\/fairlsd.com\/wp-content\/uploads\/2022\/01\/final2.png\",\"contentUrl\":\"https:\/\/fairlsd.com\/wp-content\/uploads\/2022\/01\/final2.png\",\"width\":1284,\"height\":1314,\"caption\":\"fairlsd\"},\"image\":{\"@id\":\"https:\/\/fairlsd.com\/#\/schema\/logo\/image\/\"},\"sameAs\":[\"https:\/\/www.facebook.com\/fairlsd\/\",\"https:\/\/www.instagram.com\/fair.lsd\/\"]}]}<\/script>\n<!-- \/ Yoast SEO plugin. -->","yoast_head_json":{"title":"Morphing Doors - FairLSD","robots":{"index":"index","follow":"follow","max-snippet":"max-snippet:-1","max-image-preview":"max-image-preview:large","max-video-preview":"max-video-preview:-1"},"canonical":"https:\/\/fairlsd.com\/pl\/morfujace-drzwi\/","og_locale":"pl_PL","og_type":"article","og_title":"Morphing Doors - FairLSD","og_description":"Morphing Doors (Microdosing Event) With the Morph association we organize smaller microdosing parties, where we provide the guests with some microdosing 1V-LSD included in the price at the door. Through a suitable ambience, good music and a professional psycare Team, we can create a wonderful experience for the guests. Triggered by the substance, our Experience [&hellip;]","og_url":"https:\/\/fairlsd.com\/pl\/morfujace-drzwi\/","og_site_name":"FairLSD","article_publisher":"https:\/\/www.facebook.com\/fairlsd\/","article_modified_time":"2024-10-08T08:28:01+00:00","og_image":[{"url":"https:\/\/fairlsd.com\/wp-content\/uploads\/2022\/04\/277564533_105092308829357_6952333957948791439_n-1536x583.jpg","type":"","width":"","height":""}],"twitter_card":"summary_large_image","twitter_misc":{"Est. reading time":"2 minuty"},"schema":{"@context":"https:\/\/schema.org","@graph":[{"@type":"WebPage","@id":"https:\/\/fairlsd.com\/morphing-doors\/","url":"https:\/\/fairlsd.com\/morphing-doors\/","name":"Morphing Doors - FairLSD","isPartOf":{"@id":"https:\/\/fairlsd.com\/#website"},"primaryImageOfPage":{"@id":"https:\/\/fairlsd.com\/morphing-doors\/#primaryimage"},"image":{"@id":"https:\/\/fairlsd.com\/morphing-doors\/#primaryimage"},"thumbnailUrl":"https:\/\/fairlsd.com\/wp-content\/uploads\/2022\/04\/277564533_105092308829357_6952333957948791439_n-1536x583.jpg","datePublished":"2022-04-06T17:45:04+00:00","dateModified":"2024-10-08T08:28:01+00:00","breadcrumb":{"@id":"https:\/\/fairlsd.com\/morphing-doors\/#breadcrumb"},"inLanguage":"pl-PL","potentialAction":[{"@type":"ReadAction","target":["https:\/\/fairlsd.com\/morphing-doors\/"]}]},{"@type":"ImageObject","inLanguage":"pl-PL","@id":"https:\/\/fairlsd.com\/morphing-doors\/#primaryimage","url":"https:\/\/fairlsd.com\/wp-content\/uploads\/2022\/04\/277564533_105092308829357_6952333957948791439_n-1536x583.jpg","contentUrl":"https:\/\/fairlsd.com\/wp-content\/uploads\/2022\/04\/277564533_105092308829357_6952333957948791439_n-1536x583.jpg"},{"@type":"BreadcrumbList","@id":"https:\/\/fairlsd.com\/morphing-doors\/#breadcrumb","itemListElement":[{"@type":"ListItem","position":1,"name":"Home","item":"https:\/\/fairlsd.com\/"},{"@type":"ListItem","position":2,"name":"Morphing Doors"}]},{"@type":"WebSite","@id":"https:\/\/fairlsd.com\/#website","url":"https:\/\/fairlsd.com\/","name":"FairLSD","description":"Prawdziwy dostawca sprawiedliwego LSD","publisher":{"@id":"https:\/\/fairlsd.com\/#organization"},"alternateName":"Fair LSD","potentialAction":[{"@type":"SearchAction","target":{"@type":"EntryPoint","urlTemplate":"https:\/\/fairlsd.com\/?s={search_term_string}"},"query-input":{"@type":"PropertyValueSpecification","valueRequired":true,"valueName":"search_term_string"}}],"inLanguage":"pl-PL"},{"@type":"Organization","@id":"https:\/\/fairlsd.com\/#organization","name":"fairlsd","alternateName":"Fair LSD","url":"https:\/\/fairlsd.com\/","logo":{"@type":"ImageObject","inLanguage":"pl-PL","@id":"https:\/\/fairlsd.com\/#\/schema\/logo\/image\/","url":"https:\/\/fairlsd.com\/wp-content\/uploads\/2022\/01\/final2.png","contentUrl":"https:\/\/fairlsd.com\/wp-content\/uploads\/2022\/01\/final2.png","width":1284,"height":1314,"caption":"fairlsd"},"image":{"@id":"https:\/\/fairlsd.com\/#\/schema\/logo\/image\/"},"sameAs":["https:\/\/www.facebook.com\/fairlsd\/","https:\/\/www.instagram.com\/fair.lsd\/"]}]}},"_links":{"self":[{"href":"https:\/\/fairlsd.com\/pl\/wp-json\/wp\/v2\/pages\/1428","targetHints":{"allow":["GET"]}}],"collection":[{"href":"https:\/\/fairlsd.com\/pl\/wp-json\/wp\/v2\/pages"}],"about":[{"href":"https:\/\/fairlsd.com\/pl\/wp-json\/wp\/v2\/types\/page"}],"author":[{"embeddable":true,"href":"https:\/\/fairlsd.com\/pl\/wp-json\/wp\/v2\/users\/10"}],"replies":[{"embeddable":true,"href":"https:\/\/fairlsd.com\/pl\/wp-json\/wp\/v2\/comments?post=1428"}],"version-history":[{"count":0,"href":"https:\/\/fairlsd.com\/pl\/wp-json\/wp\/v2\/pages\/1428\/revisions"}],"wp:attachment":[{"href":"https:\/\/fairlsd.com\/pl\/wp-json\/wp\/v2\/media?parent=1428"}],"curies":[{"name":"wp","href":"https:\/\/api.w.org\/{rel}","templated":true}]}}