{"id":34,"date":"2022-01-29T04:27:46","date_gmt":"2022-01-29T04:27:46","guid":{"rendered":"http:\/\/fairlsd.local\/payment_methods\/"},"modified":"2022-01-29T04:27:46","modified_gmt":"2022-01-29T04:27:46","slug":"payment_methods","status":"publish","type":"page","link":"https:\/\/fairlsd.com\/pl\/payment_methods\/","title":{"rendered":"Metody p\u0142atno\u015bci"},"content":{"rendered":"<p><strong>Zastrze\u017cenie: Poni\u017cszy szablon zosta\u0142 stworzony przez prawnika (<a href=\"https:\/\/drschwenke.de\" rel=\"nofollow\">https:\/\/drschwenke.de<\/a>) zgodnie z typowymi wymaganiami zwi\u0105zanymi ze sklepem internetowym. Niemniej jednak szablon nale\u017cy stosowa\u0107 wy\u0142\u0105cznie po dok\u0142adnym przeanalizowaniu i dostosowaniu do konkretnego modelu biznesowego. W tym celu poni\u017cszy szablon zawiera dodatkowe uwagi, kt\u00f3rych nale\u017cy przestrzega\u0107, a tak\u017ce czerwone fragmenty, kt\u00f3re wymagaj\u0105 szczeg\u00f3lnej uwagi i, w stosownych przypadkach, dostosowania. Po zapoznaniu si\u0119 z szablonem nale\u017cy usun\u0105\u0107 te uwagi. W przypadku w\u0105tpliwo\u015bci co do poszczeg\u00f3lnych element\u00f3w nale\u017cy zasi\u0119gn\u0105\u0107 porady prawnej. Prawa autorskie: Dozwolone jest korzystanie z szablonu tylko w obr\u0119bie odpowiedniej domeny\/strony internetowej, je\u015bli jest ona obj\u0119ta licencj\u0105 Marketpress. Przekazywanie tego szablonu stronom trzecim (w tym klientom, np. jako deweloperom) jest zabronione.<\/strong><\/p>\n<p><strong>Rodzaje p\u0142atno\u015bci<\/strong><\/p>\n<p>Oferujemy nast\u0119puj\u0105ce rodzaje p\u0142atno\u015bci. Wystarczy przejrze\u0107 list\u0119, aby znale\u017a\u0107 najlepszy dla siebie rodzaj p\u0142atno\u015bci. Koszty wysy\u0142ki mog\u0105 si\u0119 r\u00f3\u017cni\u0107 w zale\u017cno\u015bci od wybranego rodzaju p\u0142atno\u015bci. Ceny podane w poszczeg\u00f3lnych ofertach s\u0105 ostateczne i obejmuj\u0105 wszystkie sk\u0142adniki ceny (w tym wszelkie obowi\u0105zuj\u0105ce podatki, takie jak podatek od warto\u015bci dodanej (VAT)). Inne podatki (np. te maj\u0105ce zastosowanie do zakup\u00f3w wewn\u0105trzwsp\u00f3lnotowych) i\/lub op\u0142aty (np. c\u0142o) s\u0105 ponoszone wy\u0142\u0105cznie w zwi\u0105zku z transakcjami transgranicznymi i s\u0105 p\u0142atne odpowiednim organom celnym i\/lub podatkowym, a nie sprzedawcy. Koszty wysy\u0142ki i dostawy nie s\u0105 wliczone w cen\u0119 zakupu i mo\u017cna je sprawdzi\u0107 na stronie \"Koszty wysy\u0142ki\". S\u0105 one wskazywane osobno podczas procesu sk\u0142adania zam\u00f3wienia i musz\u0105 zosta\u0107 op\u0142acone przez u\u017cytkownika dodatkowo do ceny zakupu.<\/p>\n<p><em>Za pobraniem<\/em><\/p>\n<p>Prosimy o przygotowanie kwoty faktury; przewo\u017anik przyjmie p\u0142atno\u015b\u0107 got\u00f3wk\u0105 przy odbiorze (czeki nie b\u0119d\u0105 akceptowane). P\u0142atno\u015b\u0107 za pobraniem podlega dodatkowej op\u0142acie [6,50 EUR za pobranie], kt\u00f3r\u0105 nale\u017cy ui\u015bci\u0107 bezpo\u015brednio przewo\u017anikowi dostarczaj\u0105cemu przesy\u0142k\u0119.<\/p>\n<p><em>Polecenie zap\u0142aty<\/em><\/p>\n<p>Kwota faktury zostanie pobrana z podanego konta bankowego po otrzymaniu zam\u00f3wienia. [Z zastrze\u017ceniem op\u0142aty w wysoko\u015bci 2 EUR].<\/p>\n<p><em>P\u0142atno\u015b\u0107 na konto<\/em><br \/>\nWystarczy z\u0142o\u017cy\u0107 zam\u00f3wienie i zap\u0142aci\u0107 po jego otrzymaniu. [Podlega op\u0142acie w wysoko\u015bci 2 EUR]<\/p>\n<p><em>Karta kredytowa<\/em><\/p>\n<p>Bezproblemowa p\u0142atno\u015b\u0107 kart\u0105 kredytow\u0105.<\/p>\n<p><em>PayPal<\/em><\/p>\n<p>P\u0142atno\u015b\u0107 jest jeszcze szybsza i \u0142atwiejsza dzi\u0119ki kontu PayPal.<\/p>\n<p><em>P\u0142atno\u015b\u0107 z g\u00f3ry<\/em><\/p>\n<p>Bezp\u0142atna dostawa na terenie Niemiec (wyj\u0105tek: dostawa ekspresowa)<\/p>\n<p>Prosimy o przelanie ca\u0142ej nale\u017cnej kwoty na nasze konto:<\/p>\n<p>W\u0142a\u015bciciel konta: TemplateShop Ltd<br \/>\nNumer konta: 10000000<br \/>\nKod sortowania: 222 22 222Bank: Templateville Bank<br \/>\nSWIFT: DELE944834<br \/>\nIBAN: DE12345678910111213<\/p>\n<p><em>P\u0142atno\u015b\u0107 got\u00f3wk\u0105<\/em><\/p>\n<p>Wystarczy z\u0142o\u017cy\u0107 zam\u00f3wienie online i odebra\u0107 je w naszym sklepie:<\/p>\n<p>TemplateShop, Template Street, Templateville, kod pocztowy, Niemcy<br \/>\nPon - Pt 8:30 - 13:00, 14:30 - 18:00<br \/>\nSa 9:00 - 13:00<\/p>","protected":false},"excerpt":{"rendered":"<p>Disclaimer: The following template was created by a lawyer (https:\/\/drschwenke.de) in accordance with the typical requirements associated with an online shop.\u00a0You should nevertheless only apply the template further to careful scrutiny and adaptation to your specific business model. In order to assist you in doing so, the following template contains additional notes that must be [&hellip;]<\/p>","protected":false},"author":10,"featured_media":0,"parent":0,"menu_order":0,"comment_status":"closed","ping_status":"closed","template":"","meta":{"footnotes":""},"class_list":["post-34","page","type-page","status-publish","hentry"],"yoast_head":"<!-- This site is optimized with the Yoast SEO plugin v25.9 - https:\/\/yoast.com\/wordpress\/plugins\/seo\/ -->\n<title>Payment Methods - FairLSD<\/title>\n<meta name=\"robots\" content=\"index, follow, max-snippet:-1, max-image-preview:large, max-video-preview:-1\" \/>\n<link rel=\"canonical\" href=\"https:\/\/fairlsd.com\/pl\/payment_methods\/\" \/>\n<meta property=\"og:locale\" content=\"pl_PL\" \/>\n<meta property=\"og:type\" content=\"article\" \/>\n<meta property=\"og:title\" content=\"Payment Methods - FairLSD\" \/>\n<meta property=\"og:description\" content=\"\ufeffDisclaimer: The following template was created by a lawyer (https:\/\/drschwenke.de) in accordance with the typical requirements associated with an online shop.\u00a0You should nevertheless only apply the template further to careful scrutiny and adaptation to your specific business model. In order to assist you in doing so, the following template contains additional notes that must be [&hellip;]\" \/>\n<meta property=\"og:url\" content=\"https:\/\/fairlsd.com\/pl\/payment_methods\/\" \/>\n<meta property=\"og:site_name\" content=\"FairLSD\" \/>\n<meta property=\"article:publisher\" content=\"https:\/\/www.facebook.com\/fairlsd\/\" \/>\n<meta property=\"og:image\" content=\"https:\/\/fairlsd.com\/wp-content\/uploads\/2022\/01\/final.png\" \/>\n\t<meta property=\"og:image:width\" content=\"308\" \/>\n\t<meta property=\"og:image:height\" content=\"316\" \/>\n\t<meta property=\"og:image:type\" content=\"image\/png\" \/>\n<meta name=\"twitter:card\" content=\"summary_large_image\" \/>\n<meta name=\"twitter:label1\" content=\"Est. reading time\" \/>\n\t<meta name=\"twitter:data1\" content=\"2 minuty\" \/>\n<script type=\"application\/ld+json\" class=\"yoast-schema-graph\">{\"@context\":\"https:\/\/schema.org\",\"@graph\":[{\"@type\":\"WebPage\",\"@id\":\"https:\/\/fairlsd.com\/payment_methods\/\",\"url\":\"https:\/\/fairlsd.com\/payment_methods\/\",\"name\":\"Payment Methods - FairLSD\",\"isPartOf\":{\"@id\":\"https:\/\/fairlsd.com\/#website\"},\"datePublished\":\"2022-01-29T04:27:46+00:00\",\"breadcrumb\":{\"@id\":\"https:\/\/fairlsd.com\/payment_methods\/#breadcrumb\"},\"inLanguage\":\"pl-PL\",\"potentialAction\":[{\"@type\":\"ReadAction\",\"target\":[\"https:\/\/fairlsd.com\/payment_methods\/\"]}]},{\"@type\":\"BreadcrumbList\",\"@id\":\"https:\/\/fairlsd.com\/payment_methods\/#breadcrumb\",\"itemListElement\":[{\"@type\":\"ListItem\",\"position\":1,\"name\":\"Home\",\"item\":\"https:\/\/fairlsd.com\/\"},{\"@type\":\"ListItem\",\"position\":2,\"name\":\"Payment Methods\"}]},{\"@type\":\"WebSite\",\"@id\":\"https:\/\/fairlsd.com\/#website\",\"url\":\"https:\/\/fairlsd.com\/\",\"name\":\"FairLSD\",\"description\":\"The true Supplier for Fair LSD\",\"publisher\":{\"@id\":\"https:\/\/fairlsd.com\/#organization\"},\"alternateName\":\"Fair LSD\",\"potentialAction\":[{\"@type\":\"SearchAction\",\"target\":{\"@type\":\"EntryPoint\",\"urlTemplate\":\"https:\/\/fairlsd.com\/?s={search_term_string}\"},\"query-input\":{\"@type\":\"PropertyValueSpecification\",\"valueRequired\":true,\"valueName\":\"search_term_string\"}}],\"inLanguage\":\"pl-PL\"},{\"@type\":\"Organization\",\"@id\":\"https:\/\/fairlsd.com\/#organization\",\"name\":\"fairlsd\",\"alternateName\":\"Fair LSD\",\"url\":\"https:\/\/fairlsd.com\/\",\"logo\":{\"@type\":\"ImageObject\",\"inLanguage\":\"pl-PL\",\"@id\":\"https:\/\/fairlsd.com\/#\/schema\/logo\/image\/\",\"url\":\"https:\/\/fairlsd.com\/wp-content\/uploads\/2022\/01\/final2.png\",\"contentUrl\":\"https:\/\/fairlsd.com\/wp-content\/uploads\/2022\/01\/final2.png\",\"width\":1284,\"height\":1314,\"caption\":\"fairlsd\"},\"image\":{\"@id\":\"https:\/\/fairlsd.com\/#\/schema\/logo\/image\/\"},\"sameAs\":[\"https:\/\/www.facebook.com\/fairlsd\/\",\"https:\/\/www.instagram.com\/fair.lsd\/\"]}]}<\/script>\n<!-- \/ Yoast SEO plugin. -->","yoast_head_json":{"title":"Metody p\u0142atno\u015bci - FairLSD","robots":{"index":"index","follow":"follow","max-snippet":"max-snippet:-1","max-image-preview":"max-image-preview:large","max-video-preview":"max-video-preview:-1"},"canonical":"https:\/\/fairlsd.com\/pl\/payment_methods\/","og_locale":"pl_PL","og_type":"article","og_title":"Payment Methods - FairLSD","og_description":"\ufeffDisclaimer: The following template was created by a lawyer (https:\/\/drschwenke.de) in accordance with the typical requirements associated with an online shop.\u00a0You should nevertheless only apply the template further to careful scrutiny and adaptation to your specific business model. In order to assist you in doing so, the following template contains additional notes that must be [&hellip;]","og_url":"https:\/\/fairlsd.com\/pl\/payment_methods\/","og_site_name":"FairLSD","article_publisher":"https:\/\/www.facebook.com\/fairlsd\/","og_image":[{"width":308,"height":316,"url":"https:\/\/fairlsd.com\/wp-content\/uploads\/2022\/01\/final.png","type":"image\/png"}],"twitter_card":"summary_large_image","twitter_misc":{"Est. reading time":"2 minuty"},"schema":{"@context":"https:\/\/schema.org","@graph":[{"@type":"WebPage","@id":"https:\/\/fairlsd.com\/payment_methods\/","url":"https:\/\/fairlsd.com\/payment_methods\/","name":"Metody p\u0142atno\u015bci - FairLSD","isPartOf":{"@id":"https:\/\/fairlsd.com\/#website"},"datePublished":"2022-01-29T04:27:46+00:00","breadcrumb":{"@id":"https:\/\/fairlsd.com\/payment_methods\/#breadcrumb"},"inLanguage":"pl-PL","potentialAction":[{"@type":"ReadAction","target":["https:\/\/fairlsd.com\/payment_methods\/"]}]},{"@type":"BreadcrumbList","@id":"https:\/\/fairlsd.com\/payment_methods\/#breadcrumb","itemListElement":[{"@type":"ListItem","position":1,"name":"Home","item":"https:\/\/fairlsd.com\/"},{"@type":"ListItem","position":2,"name":"Payment Methods"}]},{"@type":"WebSite","@id":"https:\/\/fairlsd.com\/#website","url":"https:\/\/fairlsd.com\/","name":"FairLSD","description":"Prawdziwy dostawca sprawiedliwego LSD","publisher":{"@id":"https:\/\/fairlsd.com\/#organization"},"alternateName":"Fair LSD","potentialAction":[{"@type":"SearchAction","target":{"@type":"EntryPoint","urlTemplate":"https:\/\/fairlsd.com\/?s={search_term_string}"},"query-input":{"@type":"PropertyValueSpecification","valueRequired":true,"valueName":"search_term_string"}}],"inLanguage":"pl-PL"},{"@type":"Organization","@id":"https:\/\/fairlsd.com\/#organization","name":"fairlsd","alternateName":"Fair LSD","url":"https:\/\/fairlsd.com\/","logo":{"@type":"ImageObject","inLanguage":"pl-PL","@id":"https:\/\/fairlsd.com\/#\/schema\/logo\/image\/","url":"https:\/\/fairlsd.com\/wp-content\/uploads\/2022\/01\/final2.png","contentUrl":"https:\/\/fairlsd.com\/wp-content\/uploads\/2022\/01\/final2.png","width":1284,"height":1314,"caption":"fairlsd"},"image":{"@id":"https:\/\/fairlsd.com\/#\/schema\/logo\/image\/"},"sameAs":["https:\/\/www.facebook.com\/fairlsd\/","https:\/\/www.instagram.com\/fair.lsd\/"]}]}},"_links":{"self":[{"href":"https:\/\/fairlsd.com\/pl\/wp-json\/wp\/v2\/pages\/34","targetHints":{"allow":["GET"]}}],"collection":[{"href":"https:\/\/fairlsd.com\/pl\/wp-json\/wp\/v2\/pages"}],"about":[{"href":"https:\/\/fairlsd.com\/pl\/wp-json\/wp\/v2\/types\/page"}],"author":[{"embeddable":true,"href":"https:\/\/fairlsd.com\/pl\/wp-json\/wp\/v2\/users\/10"}],"replies":[{"embeddable":true,"href":"https:\/\/fairlsd.com\/pl\/wp-json\/wp\/v2\/comments?post=34"}],"version-history":[{"count":0,"href":"https:\/\/fairlsd.com\/pl\/wp-json\/wp\/v2\/pages\/34\/revisions"}],"wp:attachment":[{"href":"https:\/\/fairlsd.com\/pl\/wp-json\/wp\/v2\/media?parent=34"}],"curies":[{"name":"wp","href":"https:\/\/api.w.org\/{rel}","templated":true}]}}