{"id":8035,"date":"2024-10-08T09:33:25","date_gmt":"2024-10-08T08:33:25","guid":{"rendered":"https:\/\/fairlsd.com\/?page_id=8035"},"modified":"2024-10-08T09:54:05","modified_gmt":"2024-10-08T08:54:05","slug":"morph-festival-2","status":"publish","type":"page","link":"https:\/\/fairlsd.com\/pl\/morph-festival-2\/","title":{"rendered":"Festiwal Morph"},"content":{"rendered":"<div data-elementor-type=\"wp-page\" data-elementor-id=\"8035\" class=\"elementor elementor-8035\" data-elementor-post-type=\"page\">\n\t\t\t\t<div class=\"elementor-element elementor-element-cea249f e-flex e-con-boxed e-con e-parent\" data-id=\"cea249f\" data-element_type=\"container\" data-e-type=\"container\" data-settings=\"{&quot;background_background&quot;:&quot;gradient&quot;,&quot;shape_divider_bottom&quot;:&quot;waves&quot;}\">\n\t\t\t\t\t<div class=\"e-con-inner\">\n\t\t\t\t<div class=\"elementor-shape elementor-shape-bottom\" aria-hidden=\"true\" data-negative=\"false\">\n\t\t\t<svg xmlns=\"http:\/\/www.w3.org\/2000\/svg\" viewbox=\"0 0 1000 100\" preserveaspectratio=\"none\">\n\t<path class=\"elementor-shape-fill\" d=\"M421.9,6.5c22.6-2.5,51.5,0.4,75.5,5.3c23.6,4.9,70.9,23.5,100.5,35.7c75.8,32.2,133.7,44.5,192.6,49.7\tc23.6,2.1,48.7,3.5,103.4-2.5c54.7-6,106.2-25.6,106.2-25.6V0H0v30.3c0,0,72,32.6,158.4,30.5c39.2-0.7,92.8-6.7,134-22.4\tc21.2-8.1,52.2-18.2,79.7-24.2C399.3,7.9,411.6,7.5,421.9,6.5z\"\/>\n<\/svg>\t\t<\/div>\n\t\t<div class=\"elementor-element elementor-element-28fd08c e-con-full e-flex e-con e-child\" data-id=\"28fd08c\" data-element_type=\"container\" data-e-type=\"container\">\n\t\t\t\t<div class=\"elementor-element elementor-element-7b82093 elementor-widget elementor-widget-heading\" data-id=\"7b82093\" data-element_type=\"widget\" data-e-type=\"widget\" data-widget_type=\"heading.default\">\n\t\t\t\t<div class=\"elementor-widget-container\">\n\t\t\t\t\t<h2 class=\"elementor-heading-title elementor-size-default\">Festiwal Morph<\/h2>\t\t\t\t<\/div>\n\t\t\t\t<\/div>\n\t\t\t\t<div class=\"elementor-element elementor-element-93d8818 elementor-widget elementor-widget-text-editor\" data-id=\"93d8818\" data-element_type=\"widget\" data-e-type=\"widget\" data-widget_type=\"text-editor.default\">\n\t\t\t\t<div class=\"elementor-widget-container\">\n\t\t\t\t\t\t\t\t\t<p><span style=\"font-weight: 400;\">Morph Festival to wspania\u0142e spotkanie dla os\u00f3b zainteresowanych muzyk\u0105 psychodeliczn\u0105.\u00a0<\/span><\/p><p><span style=\"font-weight: 400;\">Z oko\u0142o 1000 os\u00f3b tworzymy weekend pe\u0142en magii, zabawy i warsztat\u00f3w edukacyjnych.<\/span><\/p>\t\t\t\t\t\t\t\t<\/div>\n\t\t\t\t<\/div>\n\t\t<div class=\"elementor-element elementor-element-bf7c92a e-con-full e-flex e-con e-child\" data-id=\"bf7c92a\" data-element_type=\"container\" data-e-type=\"container\">\n\t\t<div class=\"elementor-element elementor-element-12d3c47 e-con-full e-flex e-con e-child\" data-id=\"12d3c47\" data-element_type=\"container\" data-e-type=\"container\">\n\t\t\t\t<div class=\"elementor-element elementor-element-41dfd7d elementor-widget elementor-widget-heading\" data-id=\"41dfd7d\" data-element_type=\"widget\" data-e-type=\"widget\" data-widget_type=\"heading.default\">\n\t\t\t\t<div class=\"elementor-widget-container\">\n\t\t\t\t\t<h2 class=\"elementor-heading-title elementor-size-default\">Przygotowanie:<\/h2>\t\t\t\t<\/div>\n\t\t\t\t<\/div>\n\t\t\t\t<div class=\"elementor-element elementor-element-008b9aa elementor-widget elementor-widget-text-editor\" data-id=\"008b9aa\" data-element_type=\"widget\" data-e-type=\"widget\" data-widget_type=\"text-editor.default\">\n\t\t\t\t<div class=\"elementor-widget-container\">\n\t\t\t\t\t\t\t\t\t<p><span style=\"font-weight: 400;\">Aby przygotowa\u0107 si\u0119 do psychodelicznej podr\u00f3\u017cy, istnieje wiele warsztat\u00f3w z zakresu pracy z cia\u0142em, takich jak sesje jogi, qigong lub inne kursy przygotowawcze.\u00a0<\/span><\/p><p><span style=\"font-weight: 400;\">Aby przygotowa\u0107 r\u00f3wnie\u017c umys\u0142 na to do\u015bwiadczenie, oferujemy medytacje z przewodnikiem, rozmowy i ceremonialne spotkania.\u00a0<\/span><\/p><p><span style=\"font-weight: 400;\">Ca\u0142y dzie\u0144 przeznaczony jest na przygotowania, kt\u00f3re ko\u0144cz\u0105 si\u0119 wielk\u0105 ceremoni\u0105 ognia, po kt\u00f3rej nast\u0119puje jam session.<\/span><\/p>\t\t\t\t\t\t\t\t<\/div>\n\t\t\t\t<\/div>\n\t\t\t\t<\/div>\n\t\t<div class=\"elementor-element elementor-element-188b5cb e-con-full e-flex e-con e-child\" data-id=\"188b5cb\" data-element_type=\"container\" data-e-type=\"container\">\n\t\t\t\t<div class=\"elementor-element elementor-element-7d0874c elementor-widget elementor-widget-image\" data-id=\"7d0874c\" data-element_type=\"widget\" data-e-type=\"widget\" data-widget_type=\"image.default\">\n\t\t\t\t<div class=\"elementor-widget-container\">\n\t\t\t\t\t\t\t\t\t\t\t\t\t\t\t<img fetchpriority=\"high\" decoding=\"async\" width=\"800\" height=\"534\" src=\"https:\/\/fairlsd.com\/wp-content\/uploads\/2022\/04\/berlin-1-of-1-17-1024x683.jpg\" class=\"attachment-large size-large wp-image-1417\" alt=\"\" srcset=\"https:\/\/fairlsd.com\/wp-content\/uploads\/2022\/04\/berlin-1-of-1-17-1024x683.jpg 1024w, https:\/\/fairlsd.com\/wp-content\/uploads\/2022\/04\/berlin-1-of-1-17-300x200.jpg 300w, https:\/\/fairlsd.com\/wp-content\/uploads\/2022\/04\/berlin-1-of-1-17-768x512.jpg 768w, https:\/\/fairlsd.com\/wp-content\/uploads\/2022\/04\/berlin-1-of-1-17-1536x1024.jpg 1536w, https:\/\/fairlsd.com\/wp-content\/uploads\/2022\/04\/berlin-1-of-1-17-2048x1365.jpg 2048w, https:\/\/fairlsd.com\/wp-content\/uploads\/2022\/04\/berlin-1-of-1-17-50x33.jpg 50w, https:\/\/fairlsd.com\/wp-content\/uploads\/2022\/04\/berlin-1-of-1-17-100x67.jpg 100w, https:\/\/fairlsd.com\/wp-content\/uploads\/2022\/04\/berlin-1-of-1-17-1320x880.jpg 1320w, https:\/\/fairlsd.com\/wp-content\/uploads\/2022\/04\/berlin-1-of-1-17-600x400.jpg 600w\" sizes=\"(max-width: 800px) 100vw, 800px\" \/>\t\t\t\t\t\t\t\t\t\t\t\t\t\t\t<\/div>\n\t\t\t\t<\/div>\n\t\t\t\t<\/div>\n\t\t\t\t<\/div>\n\t\t<div class=\"elementor-element elementor-element-49c9b25 e-con-full e-flex e-con e-child\" data-id=\"49c9b25\" data-element_type=\"container\" data-e-type=\"container\">\n\t\t<div class=\"elementor-element elementor-element-71cbc48 e-con-full e-flex e-con e-child\" data-id=\"71cbc48\" data-element_type=\"container\" data-e-type=\"container\">\n\t\t\t\t<div class=\"elementor-element elementor-element-a562113 elementor-widget elementor-widget-image\" data-id=\"a562113\" data-element_type=\"widget\" data-e-type=\"widget\" data-widget_type=\"image.default\">\n\t\t\t\t<div class=\"elementor-widget-container\">\n\t\t\t\t\t\t\t\t\t\t\t\t\t\t\t<img decoding=\"async\" width=\"683\" height=\"1024\" src=\"https:\/\/fairlsd.com\/wp-content\/uploads\/2022\/04\/berlin-1-of-1-15-683x1024.jpg\" class=\"attachment-large size-large wp-image-1432\" alt=\"\" srcset=\"https:\/\/fairlsd.com\/wp-content\/uploads\/2022\/04\/berlin-1-of-1-15-683x1024.jpg 683w, https:\/\/fairlsd.com\/wp-content\/uploads\/2022\/04\/berlin-1-of-1-15-200x300.jpg 200w, https:\/\/fairlsd.com\/wp-content\/uploads\/2022\/04\/berlin-1-of-1-15-768x1152.jpg 768w, https:\/\/fairlsd.com\/wp-content\/uploads\/2022\/04\/berlin-1-of-1-15-1024x1536.jpg 1024w, https:\/\/fairlsd.com\/wp-content\/uploads\/2022\/04\/berlin-1-of-1-15-1365x2048.jpg 1365w, https:\/\/fairlsd.com\/wp-content\/uploads\/2022\/04\/berlin-1-of-1-15-33x50.jpg 33w, https:\/\/fairlsd.com\/wp-content\/uploads\/2022\/04\/berlin-1-of-1-15-67x100.jpg 67w, https:\/\/fairlsd.com\/wp-content\/uploads\/2022\/04\/berlin-1-of-1-15-1320x1980.jpg 1320w, https:\/\/fairlsd.com\/wp-content\/uploads\/2022\/04\/berlin-1-of-1-15-600x900.jpg 600w, https:\/\/fairlsd.com\/wp-content\/uploads\/2022\/04\/berlin-1-of-1-15-scaled.jpg 1707w\" sizes=\"(max-width: 683px) 100vw, 683px\" \/>\t\t\t\t\t\t\t\t\t\t\t\t\t\t\t<\/div>\n\t\t\t\t<\/div>\n\t\t\t\t<div class=\"elementor-element elementor-element-445ded2 elementor-widget elementor-widget-image\" data-id=\"445ded2\" data-element_type=\"widget\" data-e-type=\"widget\" data-widget_type=\"image.default\">\n\t\t\t\t<div class=\"elementor-widget-container\">\n\t\t\t\t\t\t\t\t\t\t\t\t\t\t\t<img decoding=\"async\" width=\"683\" height=\"1024\" src=\"https:\/\/fairlsd.com\/wp-content\/uploads\/2022\/04\/berlin-1-of-1-28-683x1024.jpg\" class=\"attachment-large size-large wp-image-1435\" alt=\"\" srcset=\"https:\/\/fairlsd.com\/wp-content\/uploads\/2022\/04\/berlin-1-of-1-28-683x1024.jpg 683w, https:\/\/fairlsd.com\/wp-content\/uploads\/2022\/04\/berlin-1-of-1-28-200x300.jpg 200w, https:\/\/fairlsd.com\/wp-content\/uploads\/2022\/04\/berlin-1-of-1-28-768x1152.jpg 768w, https:\/\/fairlsd.com\/wp-content\/uploads\/2022\/04\/berlin-1-of-1-28-1024x1536.jpg 1024w, https:\/\/fairlsd.com\/wp-content\/uploads\/2022\/04\/berlin-1-of-1-28-1365x2048.jpg 1365w, https:\/\/fairlsd.com\/wp-content\/uploads\/2022\/04\/berlin-1-of-1-28-33x50.jpg 33w, https:\/\/fairlsd.com\/wp-content\/uploads\/2022\/04\/berlin-1-of-1-28-67x100.jpg 67w, https:\/\/fairlsd.com\/wp-content\/uploads\/2022\/04\/berlin-1-of-1-28-1320x1980.jpg 1320w, https:\/\/fairlsd.com\/wp-content\/uploads\/2022\/04\/berlin-1-of-1-28-600x900.jpg 600w, https:\/\/fairlsd.com\/wp-content\/uploads\/2022\/04\/berlin-1-of-1-28-scaled.jpg 1707w\" sizes=\"(max-width: 683px) 100vw, 683px\" \/>\t\t\t\t\t\t\t\t\t\t\t\t\t\t\t<\/div>\n\t\t\t\t<\/div>\n\t\t\t\t<\/div>\n\t\t<div class=\"elementor-element elementor-element-4a2f7d5 e-con-full e-flex e-con e-child\" data-id=\"4a2f7d5\" data-element_type=\"container\" data-e-type=\"container\">\n\t\t\t\t<div class=\"elementor-element elementor-element-63830cd elementor-widget elementor-widget-heading\" data-id=\"63830cd\" data-element_type=\"widget\" data-e-type=\"widget\" data-widget_type=\"heading.default\">\n\t\t\t\t<div class=\"elementor-widget-container\">\n\t\t\t\t\t<h2 class=\"elementor-heading-title elementor-size-default\">Eksploracja:<\/h2>\t\t\t\t<\/div>\n\t\t\t\t<\/div>\n\t\t\t\t<div class=\"elementor-element elementor-element-0595be5 elementor-widget elementor-widget-text-editor\" data-id=\"0595be5\" data-element_type=\"widget\" data-e-type=\"widget\" data-widget_type=\"text-editor.default\">\n\t\t\t\t<div class=\"elementor-widget-container\">\n\t\t\t\t\t\t\t\t\t<p><span style=\"font-weight: 400;\">Nast\u0119pny dzie\u0144 jest w pe\u0142nej krasie samego do\u015bwiadczenia.<\/span><\/p><p><span style=\"font-weight: 400;\">Po obfitym \u015bniadaniu w\u0142\u0105czana jest muzyka, a nasi go\u015bcie mog\u0105 odebra\u0107 swoj\u0105 dawk\u0119 w Psychedelic Anchor. Psychologowie, pracownicy medyczni i do\u015bwiadczeni psychonauci s\u0105 r\u00f3wnie\u017c dost\u0119pni tutaj, aby porozmawia\u0107 o problemach i by\u0107 dla nich pomoc\u0105.\u00a0<\/span><\/p><p><span style=\"font-weight: 400;\">\u015aci\u015ble dokumentujemy, ile 1V-LSD spo\u017cywa ka\u017cda osoba i zapewniamy bezpieczne prowadzenie przez do\u015bwiadczenie.\u00a0<\/span><\/p><p><span style=\"font-weight: 400;\">Reszt\u0119 zgromadzenia dope\u0142ni\u0105 3 pi\u0119tra.<\/span><\/p><p><span style=\"font-weight: 400;\">Jedno pi\u0119tro jest w pe\u0142nym sensie ekstazy i oferuje z szybk\u0105 psychodeliczn\u0105 muzyk\u0105 potencja\u0142 do podr\u00f3\u017cowania daleko i do\u015bwiadczania pe\u0142nej przyjemno\u015bci.<\/span><\/p><p><span style=\"font-weight: 400;\">Drugie pi\u0119tro harmonizuje z naturalnymi d\u017awi\u0119kami i \u0142aduje baterie. Tutaj rozbrzmiewa muzyka z zakresu downtempo.\u00a0<\/span><\/p><p><span style=\"font-weight: 400;\">Ostatnie pi\u0119tro jest mniej parkietem tanecznym, ale bardziej stref\u0105 relaksu z muzyk\u0105 do relaksu i le\u017cenia. B\u0119d\u0105 tu rozbrzmiewa\u0107 d\u017awi\u0119ki ambientowe i szama\u0144skie.<\/span><\/p>\t\t\t\t\t\t\t\t<\/div>\n\t\t\t\t<\/div>\n\t\t\t\t<div class=\"elementor-element elementor-element-3faad4b elementor-widget elementor-widget-image\" data-id=\"3faad4b\" data-element_type=\"widget\" data-e-type=\"widget\" data-widget_type=\"image.default\">\n\t\t\t\t<div class=\"elementor-widget-container\">\n\t\t\t\t\t\t\t\t\t\t\t\t\t\t\t<img loading=\"lazy\" decoding=\"async\" width=\"800\" height=\"800\" src=\"https:\/\/fairlsd.com\/wp-content\/uploads\/2022\/04\/berlin-1-of-1-27-1024x1024.jpg\" class=\"attachment-large size-large wp-image-1434\" alt=\"\" srcset=\"https:\/\/fairlsd.com\/wp-content\/uploads\/2022\/04\/berlin-1-of-1-27-1024x1024.jpg 1024w, https:\/\/fairlsd.com\/wp-content\/uploads\/2022\/04\/berlin-1-of-1-27-300x300.jpg 300w, https:\/\/fairlsd.com\/wp-content\/uploads\/2022\/04\/berlin-1-of-1-27-150x150.jpg 150w, https:\/\/fairlsd.com\/wp-content\/uploads\/2022\/04\/berlin-1-of-1-27-768x768.jpg 768w, https:\/\/fairlsd.com\/wp-content\/uploads\/2022\/04\/berlin-1-of-1-27-1536x1536.jpg 1536w, https:\/\/fairlsd.com\/wp-content\/uploads\/2022\/04\/berlin-1-of-1-27-2048x2048.jpg 2048w, https:\/\/fairlsd.com\/wp-content\/uploads\/2022\/04\/berlin-1-of-1-27-50x50.jpg 50w, https:\/\/fairlsd.com\/wp-content\/uploads\/2022\/04\/berlin-1-of-1-27-100x100.jpg 100w, https:\/\/fairlsd.com\/wp-content\/uploads\/2022\/04\/berlin-1-of-1-27-1320x1320.jpg 1320w, https:\/\/fairlsd.com\/wp-content\/uploads\/2022\/04\/berlin-1-of-1-27-600x600.jpg 600w\" sizes=\"(max-width: 800px) 100vw, 800px\" \/>\t\t\t\t\t\t\t\t\t\t\t\t\t\t\t<\/div>\n\t\t\t\t<\/div>\n\t\t\t\t<\/div>\n\t\t\t\t<\/div>\n\t\t<div class=\"elementor-element elementor-element-f7381d9 e-con-full e-flex e-con e-child\" data-id=\"f7381d9\" data-element_type=\"container\" data-e-type=\"container\">\n\t\t<div class=\"elementor-element elementor-element-afd346c e-con-full e-flex e-con e-child\" data-id=\"afd346c\" data-element_type=\"container\" data-e-type=\"container\">\n\t\t\t\t<div class=\"elementor-element elementor-element-10345c9 elementor-widget elementor-widget-heading\" data-id=\"10345c9\" data-element_type=\"widget\" data-e-type=\"widget\" data-widget_type=\"heading.default\">\n\t\t\t\t<div class=\"elementor-widget-container\">\n\t\t\t\t\t<h2 class=\"elementor-heading-title elementor-size-default\">L\u0105dowanie:<\/h2>\t\t\t\t<\/div>\n\t\t\t\t<\/div>\n\t\t\t\t<div class=\"elementor-element elementor-element-b4f5641 elementor-widget elementor-widget-text-editor\" data-id=\"b4f5641\" data-element_type=\"widget\" data-e-type=\"widget\" data-widget_type=\"text-editor.default\">\n\t\t\t\t<div class=\"elementor-widget-container\">\n\t\t\t\t\t\t\t\t\t<p>Po tym, jak noc zamieni si\u0119 z powrotem w dzie\u0144 - b\u0119dziemy mie\u0107 muzyk\u0119 dzia\u0142aj\u0105c\u0105 do dnia, ale bardziej sch\u0142odzon\u0105. B\u0119dzie mo\u017cliwo\u015b\u0107 ponownego wzi\u0119cia udzia\u0142u w warsztatach. Damy r\u00f3wnie\u017c mo\u017cliwo\u015b\u0107 tym, kt\u00f3rzy chc\u0105 podzieli\u0107 si\u0119 swoim do\u015bwiadczeniem z t\u0142umem. Wierzymy, \u017ce festiwale powinny by\u0107 traktowane jako miejsce spotka\u0144, w kt\u00f3rym ludzie ucz\u0105 si\u0119 od siebie nawzajem w codziennym \u017cyciu. W naszym przypadku, szczeg\u00f3lnie w psychodelicznych stanach umys\u0142u.\u00a0<\/p><p>Idea polega na tym, \u017ce morfujemy ca\u0142kowicie, a kiedy wyl\u0105dujemy z powrotem i bezpiecznie - wsp\u00f3lnie uczymy si\u0119 z tego do\u015bwiadczenia, aby nast\u0119pny morf by\u0142 jeszcze pi\u0119kniejszy i g\u0142\u0119bszy!<\/p>\t\t\t\t\t\t\t\t<\/div>\n\t\t\t\t<\/div>\n\t\t\t\t<\/div>\n\t\t<div class=\"elementor-element elementor-element-d00a3ee e-con-full e-flex e-con e-child\" data-id=\"d00a3ee\" data-element_type=\"container\" data-e-type=\"container\">\n\t\t\t\t<div class=\"elementor-element elementor-element-9e7ab7f elementor-widget elementor-widget-image\" data-id=\"9e7ab7f\" data-element_type=\"widget\" data-e-type=\"widget\" data-widget_type=\"image.default\">\n\t\t\t\t<div class=\"elementor-widget-container\">\n\t\t\t\t\t\t\t\t\t\t\t\t\t\t\t<img loading=\"lazy\" decoding=\"async\" width=\"800\" height=\"800\" src=\"https:\/\/fairlsd.com\/wp-content\/uploads\/2022\/04\/berlin-1-of-1-23-1024x1024.jpg\" class=\"attachment-large size-large wp-image-1425\" alt=\"\" srcset=\"https:\/\/fairlsd.com\/wp-content\/uploads\/2022\/04\/berlin-1-of-1-23-1024x1024.jpg 1024w, https:\/\/fairlsd.com\/wp-content\/uploads\/2022\/04\/berlin-1-of-1-23-300x300.jpg 300w, https:\/\/fairlsd.com\/wp-content\/uploads\/2022\/04\/berlin-1-of-1-23-150x150.jpg 150w, https:\/\/fairlsd.com\/wp-content\/uploads\/2022\/04\/berlin-1-of-1-23-768x768.jpg 768w, https:\/\/fairlsd.com\/wp-content\/uploads\/2022\/04\/berlin-1-of-1-23-1536x1536.jpg 1536w, https:\/\/fairlsd.com\/wp-content\/uploads\/2022\/04\/berlin-1-of-1-23-2048x2048.jpg 2048w, https:\/\/fairlsd.com\/wp-content\/uploads\/2022\/04\/berlin-1-of-1-23-50x50.jpg 50w, https:\/\/fairlsd.com\/wp-content\/uploads\/2022\/04\/berlin-1-of-1-23-100x100.jpg 100w, https:\/\/fairlsd.com\/wp-content\/uploads\/2022\/04\/berlin-1-of-1-23-1320x1320.jpg 1320w, https:\/\/fairlsd.com\/wp-content\/uploads\/2022\/04\/berlin-1-of-1-23-600x600.jpg 600w\" sizes=\"(max-width: 800px) 100vw, 800px\" \/>\t\t\t\t\t\t\t\t\t\t\t\t\t\t\t<\/div>\n\t\t\t\t<\/div>\n\t\t\t\t<\/div>\n\t\t\t\t<\/div>\n\t\t\t\t<div class=\"elementor-element elementor-element-eb58b34 elementor-widget elementor-widget-heading\" data-id=\"eb58b34\" data-element_type=\"widget\" data-e-type=\"widget\" data-widget_type=\"heading.default\">\n\t\t\t\t<div class=\"elementor-widget-container\">\n\t\t\t\t\t<h2 class=\"elementor-heading-title elementor-size-default\">Dodatki<\/h2>\t\t\t\t<\/div>\n\t\t\t\t<\/div>\n\t\t\t\t<div class=\"elementor-element elementor-element-dd9faf5 elementor-widget elementor-widget-text-editor\" data-id=\"dd9faf5\" data-element_type=\"widget\" data-e-type=\"widget\" data-widget_type=\"text-editor.default\">\n\t\t\t\t<div class=\"elementor-widget-container\">\n\t\t\t\t\t\t\t\t\t<p>Wreszcie, ca\u0142y festiwal jest udekorowany wszelkiego rodzaju zabawnymi lub interesuj\u0105cymi dodatkami. <br \/>Ale nic o tym tutaj nie m\u00f3wimy. To od Ciebie zale\u017cy, czy przyjdziesz i odkryjesz Kosmos!<\/p><p>Ca\u0142y festiwal trwa od czwartku (dzie\u0144 przyjazdu) do niedzieli wieczorem.<\/p><p>Z niecierpliwo\u015bci\u0105 czekamy na Ciebie \ud83d\ude42<\/p>\t\t\t\t\t\t\t\t<\/div>\n\t\t\t\t<\/div>\n\t\t\t\t<\/div>\n\t\t\t\t\t<\/div>\n\t\t\t\t<\/div>\n\t\t\t\t<\/div>","protected":false},"excerpt":{"rendered":"<p>Morph Festival Morph Festival to wspania\u0142e spotkanie dla os\u00f3b zainteresowanych muzyk\u0105 psychodeliczn\u0105.  Z oko\u0142o 1000 os\u00f3b tworzymy weekend pe\u0142en magii, zabawy i warsztat\u00f3w edukacyjnych. Przygotowanie: Aby przygotowa\u0107 si\u0119 do psychodelicznej podr\u00f3\u017cy, odbywa si\u0119 wiele warsztat\u00f3w z zakresu pracy z cia\u0142em, takich jak sesje jogi, qigong lub inne kursy przygotowawcze.  [...]<\/p>","protected":false},"author":561,"featured_media":0,"parent":0,"menu_order":0,"comment_status":"closed","ping_status":"closed","template":"","meta":{"footnotes":""},"class_list":["post-8035","page","type-page","status-publish","hentry"],"yoast_head":"<!-- This site is optimized with the Yoast SEO plugin v25.9 - https:\/\/yoast.com\/wordpress\/plugins\/seo\/ -->\n<title>Morph Festival - FairLSD<\/title>\n<meta name=\"robots\" content=\"index, follow, max-snippet:-1, max-image-preview:large, max-video-preview:-1\" \/>\n<link rel=\"canonical\" href=\"https:\/\/fairlsd.com\/pl\/morph-festival-2\/\" \/>\n<meta property=\"og:locale\" content=\"pl_PL\" \/>\n<meta property=\"og:type\" content=\"article\" \/>\n<meta property=\"og:title\" content=\"Morph Festival - FairLSD\" \/>\n<meta property=\"og:description\" content=\"Morph Festival The Morph Festival is a wonderful gathering for those interested in psychedelic music.\u00a0 With about 1000 people we create a weekend full of magic, fun and educational workshops. Preparation: To prepare for the psychedelic journey there are many workshops in the field of bodywork such as yoga sessions, qigong or other preparatory courses.\u00a0 [&hellip;]\" \/>\n<meta property=\"og:url\" content=\"https:\/\/fairlsd.com\/pl\/morph-festival-2\/\" \/>\n<meta property=\"og:site_name\" content=\"FairLSD\" \/>\n<meta property=\"article:publisher\" content=\"https:\/\/www.facebook.com\/fairlsd\/\" \/>\n<meta property=\"article:modified_time\" content=\"2024-10-08T08:54:05+00:00\" \/>\n<meta property=\"og:image\" content=\"https:\/\/fairlsd.com\/wp-content\/uploads\/2022\/04\/berlin-1-of-1-17-1024x683.jpg\" \/>\n<meta name=\"twitter:card\" content=\"summary_large_image\" \/>\n<meta name=\"twitter:label1\" content=\"Est. reading time\" \/>\n\t<meta name=\"twitter:data1\" content=\"3 minuty\" \/>\n<script type=\"application\/ld+json\" class=\"yoast-schema-graph\">{\"@context\":\"https:\/\/schema.org\",\"@graph\":[{\"@type\":\"WebPage\",\"@id\":\"https:\/\/fairlsd.com\/morph-festival-2\/\",\"url\":\"https:\/\/fairlsd.com\/morph-festival-2\/\",\"name\":\"Morph Festival - FairLSD\",\"isPartOf\":{\"@id\":\"https:\/\/fairlsd.com\/#website\"},\"primaryImageOfPage\":{\"@id\":\"https:\/\/fairlsd.com\/morph-festival-2\/#primaryimage\"},\"image\":{\"@id\":\"https:\/\/fairlsd.com\/morph-festival-2\/#primaryimage\"},\"thumbnailUrl\":\"https:\/\/fairlsd.com\/wp-content\/uploads\/2022\/04\/berlin-1-of-1-17-1024x683.jpg\",\"datePublished\":\"2024-10-08T08:33:25+00:00\",\"dateModified\":\"2024-10-08T08:54:05+00:00\",\"breadcrumb\":{\"@id\":\"https:\/\/fairlsd.com\/morph-festival-2\/#breadcrumb\"},\"inLanguage\":\"pl-PL\",\"potentialAction\":[{\"@type\":\"ReadAction\",\"target\":[\"https:\/\/fairlsd.com\/morph-festival-2\/\"]}]},{\"@type\":\"ImageObject\",\"inLanguage\":\"pl-PL\",\"@id\":\"https:\/\/fairlsd.com\/morph-festival-2\/#primaryimage\",\"url\":\"https:\/\/fairlsd.com\/wp-content\/uploads\/2022\/04\/berlin-1-of-1-17-1024x683.jpg\",\"contentUrl\":\"https:\/\/fairlsd.com\/wp-content\/uploads\/2022\/04\/berlin-1-of-1-17-1024x683.jpg\"},{\"@type\":\"BreadcrumbList\",\"@id\":\"https:\/\/fairlsd.com\/morph-festival-2\/#breadcrumb\",\"itemListElement\":[{\"@type\":\"ListItem\",\"position\":1,\"name\":\"Home\",\"item\":\"https:\/\/fairlsd.com\/\"},{\"@type\":\"ListItem\",\"position\":2,\"name\":\"Morph Festival\"}]},{\"@type\":\"WebSite\",\"@id\":\"https:\/\/fairlsd.com\/#website\",\"url\":\"https:\/\/fairlsd.com\/\",\"name\":\"FairLSD\",\"description\":\"The true Supplier for Fair LSD\",\"publisher\":{\"@id\":\"https:\/\/fairlsd.com\/#organization\"},\"alternateName\":\"Fair LSD\",\"potentialAction\":[{\"@type\":\"SearchAction\",\"target\":{\"@type\":\"EntryPoint\",\"urlTemplate\":\"https:\/\/fairlsd.com\/?s={search_term_string}\"},\"query-input\":{\"@type\":\"PropertyValueSpecification\",\"valueRequired\":true,\"valueName\":\"search_term_string\"}}],\"inLanguage\":\"pl-PL\"},{\"@type\":\"Organization\",\"@id\":\"https:\/\/fairlsd.com\/#organization\",\"name\":\"fairlsd\",\"alternateName\":\"Fair LSD\",\"url\":\"https:\/\/fairlsd.com\/\",\"logo\":{\"@type\":\"ImageObject\",\"inLanguage\":\"pl-PL\",\"@id\":\"https:\/\/fairlsd.com\/#\/schema\/logo\/image\/\",\"url\":\"https:\/\/fairlsd.com\/wp-content\/uploads\/2022\/01\/final2.png\",\"contentUrl\":\"https:\/\/fairlsd.com\/wp-content\/uploads\/2022\/01\/final2.png\",\"width\":1284,\"height\":1314,\"caption\":\"fairlsd\"},\"image\":{\"@id\":\"https:\/\/fairlsd.com\/#\/schema\/logo\/image\/\"},\"sameAs\":[\"https:\/\/www.facebook.com\/fairlsd\/\",\"https:\/\/www.instagram.com\/fair.lsd\/\"]}]}<\/script>\n<!-- \/ Yoast SEO plugin. -->","yoast_head_json":{"title":"Festiwal Morph - FairLSD","robots":{"index":"index","follow":"follow","max-snippet":"max-snippet:-1","max-image-preview":"max-image-preview:large","max-video-preview":"max-video-preview:-1"},"canonical":"https:\/\/fairlsd.com\/pl\/morph-festival-2\/","og_locale":"pl_PL","og_type":"article","og_title":"Morph Festival - FairLSD","og_description":"Morph Festival The Morph Festival is a wonderful gathering for those interested in psychedelic music.\u00a0 With about 1000 people we create a weekend full of magic, fun and educational workshops. Preparation: To prepare for the psychedelic journey there are many workshops in the field of bodywork such as yoga sessions, qigong or other preparatory courses.\u00a0 [&hellip;]","og_url":"https:\/\/fairlsd.com\/pl\/morph-festival-2\/","og_site_name":"FairLSD","article_publisher":"https:\/\/www.facebook.com\/fairlsd\/","article_modified_time":"2024-10-08T08:54:05+00:00","og_image":[{"url":"https:\/\/fairlsd.com\/wp-content\/uploads\/2022\/04\/berlin-1-of-1-17-1024x683.jpg","type":"","width":"","height":""}],"twitter_card":"summary_large_image","twitter_misc":{"Est. reading time":"3 minuty"},"schema":{"@context":"https:\/\/schema.org","@graph":[{"@type":"WebPage","@id":"https:\/\/fairlsd.com\/morph-festival-2\/","url":"https:\/\/fairlsd.com\/morph-festival-2\/","name":"Festiwal Morph - FairLSD","isPartOf":{"@id":"https:\/\/fairlsd.com\/#website"},"primaryImageOfPage":{"@id":"https:\/\/fairlsd.com\/morph-festival-2\/#primaryimage"},"image":{"@id":"https:\/\/fairlsd.com\/morph-festival-2\/#primaryimage"},"thumbnailUrl":"https:\/\/fairlsd.com\/wp-content\/uploads\/2022\/04\/berlin-1-of-1-17-1024x683.jpg","datePublished":"2024-10-08T08:33:25+00:00","dateModified":"2024-10-08T08:54:05+00:00","breadcrumb":{"@id":"https:\/\/fairlsd.com\/morph-festival-2\/#breadcrumb"},"inLanguage":"pl-PL","potentialAction":[{"@type":"ReadAction","target":["https:\/\/fairlsd.com\/morph-festival-2\/"]}]},{"@type":"ImageObject","inLanguage":"pl-PL","@id":"https:\/\/fairlsd.com\/morph-festival-2\/#primaryimage","url":"https:\/\/fairlsd.com\/wp-content\/uploads\/2022\/04\/berlin-1-of-1-17-1024x683.jpg","contentUrl":"https:\/\/fairlsd.com\/wp-content\/uploads\/2022\/04\/berlin-1-of-1-17-1024x683.jpg"},{"@type":"BreadcrumbList","@id":"https:\/\/fairlsd.com\/morph-festival-2\/#breadcrumb","itemListElement":[{"@type":"ListItem","position":1,"name":"Home","item":"https:\/\/fairlsd.com\/"},{"@type":"ListItem","position":2,"name":"Morph Festival"}]},{"@type":"WebSite","@id":"https:\/\/fairlsd.com\/#website","url":"https:\/\/fairlsd.com\/","name":"FairLSD","description":"Prawdziwy dostawca sprawiedliwego LSD","publisher":{"@id":"https:\/\/fairlsd.com\/#organization"},"alternateName":"Fair LSD","potentialAction":[{"@type":"SearchAction","target":{"@type":"EntryPoint","urlTemplate":"https:\/\/fairlsd.com\/?s={search_term_string}"},"query-input":{"@type":"PropertyValueSpecification","valueRequired":true,"valueName":"search_term_string"}}],"inLanguage":"pl-PL"},{"@type":"Organization","@id":"https:\/\/fairlsd.com\/#organization","name":"fairlsd","alternateName":"Fair LSD","url":"https:\/\/fairlsd.com\/","logo":{"@type":"ImageObject","inLanguage":"pl-PL","@id":"https:\/\/fairlsd.com\/#\/schema\/logo\/image\/","url":"https:\/\/fairlsd.com\/wp-content\/uploads\/2022\/01\/final2.png","contentUrl":"https:\/\/fairlsd.com\/wp-content\/uploads\/2022\/01\/final2.png","width":1284,"height":1314,"caption":"fairlsd"},"image":{"@id":"https:\/\/fairlsd.com\/#\/schema\/logo\/image\/"},"sameAs":["https:\/\/www.facebook.com\/fairlsd\/","https:\/\/www.instagram.com\/fair.lsd\/"]}]}},"_links":{"self":[{"href":"https:\/\/fairlsd.com\/pl\/wp-json\/wp\/v2\/pages\/8035","targetHints":{"allow":["GET"]}}],"collection":[{"href":"https:\/\/fairlsd.com\/pl\/wp-json\/wp\/v2\/pages"}],"about":[{"href":"https:\/\/fairlsd.com\/pl\/wp-json\/wp\/v2\/types\/page"}],"author":[{"embeddable":true,"href":"https:\/\/fairlsd.com\/pl\/wp-json\/wp\/v2\/users\/561"}],"replies":[{"embeddable":true,"href":"https:\/\/fairlsd.com\/pl\/wp-json\/wp\/v2\/comments?post=8035"}],"version-history":[{"count":0,"href":"https:\/\/fairlsd.com\/pl\/wp-json\/wp\/v2\/pages\/8035\/revisions"}],"wp:attachment":[{"href":"https:\/\/fairlsd.com\/pl\/wp-json\/wp\/v2\/media?parent=8035"}],"curies":[{"name":"wp","href":"https:\/\/api.w.org\/{rel}","templated":true}]}}